{"id":844,"date":"2025-04-17T22:48:43","date_gmt":"2025-04-17T22:48:43","guid":{"rendered":"https:\/\/wi-ndk.de\/?page_id=844"},"modified":"2025-07-25T11:46:45","modified_gmt":"2025-07-25T11:46:45","slug":"marc-pfister-2","status":"publish","type":"page","link":"https:\/\/wi-ndk.de\/?page_id=844","title":{"rendered":"Marc Pfister"},"content":{"rendered":"\t\t<div data-elementor-type=\"wp-page\" data-elementor-id=\"844\" class=\"elementor elementor-844\">\n\t\t\t\t<div class=\"elementor-element elementor-element-a973b97 e-flex e-con-boxed e-con e-parent\" data-id=\"a973b97\" data-element_type=\"container\" data-e-type=\"container\">\n\t\t\t\t\t<div class=\"e-con-inner\">\n\t\t<div class=\"elementor-element elementor-element-1afd5af e-con-full e-flex e-con e-child\" data-id=\"1afd5af\" data-element_type=\"container\" data-e-type=\"container\">\n\t\t\t\t<div class=\"elementor-element elementor-element-2df140f elementor-widget elementor-widget-image\" data-id=\"2df140f\" data-element_type=\"widget\" data-e-type=\"widget\" data-widget_type=\"image.default\">\n\t\t\t\t<div class=\"elementor-widget-container\">\n\t\t\t\t\t\t\t\t\t\t\t\t\t\t\t<img fetchpriority=\"high\" decoding=\"async\" width=\"200\" height=\"300\" src=\"https:\/\/wi-ndk.de\/wp-content\/uploads\/2025\/07\/MPfister-200x300.png\" class=\"attachment-medium size-medium wp-image-1225\" alt=\"\" srcset=\"https:\/\/wi-ndk.de\/wp-content\/uploads\/2025\/07\/MPfister-200x300.png 200w, https:\/\/wi-ndk.de\/wp-content\/uploads\/2025\/07\/MPfister.png 362w\" sizes=\"(max-width: 200px) 100vw, 200px\" \/>\t\t\t\t\t\t\t\t\t\t\t\t\t\t\t<\/div>\n\t\t\t\t<\/div>\n\t\t\t\t<div class=\"elementor-element elementor-element-3d3b886 elementor-widget elementor-widget-text-editor\" data-id=\"3d3b886\" data-element_type=\"widget\" data-e-type=\"widget\" data-widget_type=\"text-editor.default\">\n\t\t\t\t<div class=\"elementor-widget-container\">\n\t\t\t\t\t\t\t\t\t<h1 style=\"text-align: center;\">Marc Pfister<\/h1>\n<hr>\n<h3 style=\"text-align: center;\">Niederkassel-Rheidt<\/h3>\t\t\t\t\t\t\t\t<\/div>\n\t\t\t\t<\/div>\n\t\t\t\t<\/div>\n\t\t<div class=\"elementor-element elementor-element-798d019 e-con-full e-flex e-con e-child\" data-id=\"798d019\" data-element_type=\"container\" data-e-type=\"container\">\n\t\t\t\t<div class=\"elementor-element elementor-element-c647303 elementor-widget elementor-widget-text-editor\" data-id=\"c647303\" data-element_type=\"widget\" data-e-type=\"widget\" data-widget_type=\"text-editor.default\">\n\t\t\t\t<div class=\"elementor-widget-container\">\n\t\t\t\t\t\t\t\t\t<p><span style=\"color: #000000;\"><strong>Geboren und aufgewachsen in Bonn<\/strong><\/span><\/p>\n<p><span style=\"color: #000000;\">Geboren (1977) und aufgewachsen bin ich in Bonn, den Gro\u00dfteil meiner Kindheit und Jugend habe ich dort bei meinen Gro\u00dfeltern verbracht. Auf dem Collegium Josephinum Bonn (CoJoBo) habe ich meine Mittlere Reife mit Fachoberschulreife abgeschlossen. Im Anschluss an die zweij\u00e4hrige H\u00f6here Handelsschule durchlief ich bei der Firma A. W. Andernach meine Ausbildung zum Industriekaufmann.<\/span><\/p>\n<p><span style=\"color: #000000;\"><strong>Mein Arbeitsstart wurde durch die damalige Wehrpflicht unterbrochen<\/strong><\/span><\/p>\n<p><span style=\"color: #000000;\">Nach einem ersten Berufsjahr in der Personalabteilung meines Ausbildungsbetriebes musste ich im Herbst 1998 zum Wehrdienst. Ab Juni 1999 arbeitete ich dann f\u00fcr 2 \u00bd Jahre im Personalbereich des Logistikunternehmens TNT Express in Troisdorf (heute FedEx). Im Herbst 2001 bekam ich ein Angebot der damaligen Telekom-Tochter T-Mobile Deutschland, um die Lohnabrechnungen f\u00fcr \u00fcber 10.000 Mitarbeiter am Standort in Bonn-Beuel zu zentralisieren und einen Fachbereich als Teamleiter zu f\u00fchren. Im Telekom-Konzern blieb ich bis Mitte 2013, ehe ich mir unter dem Dach der Deutschen Verm\u00f6gensberatung AG (DVAG) meine aktuelle Selbstst\u00e4ndigkeit aufbaute. Meine derzeit etwa 500 Privat- und Firmenkunden betreue ich seitdem in allen anfallenden Finanzfragen (Versicherungen, Geldanlagen, Finanzierungen etc.). Mein eigenes B\u00fcro habe ich 2021 im Mondorfer Gewerbegebiet er\u00f6ffnet.<\/span><\/p>\n<p><span style=\"color: #000000;\"><strong>Privat in Rheidt beheimatet<\/strong><\/span><\/p>\n<p><span style=\"color: #000000;\">Privat lebe ich seit 2001 in Niederkassel, zun\u00e4chst in Mondorf und seit 2011 in Rheidt. Im Dezember 2018 wurde mein Sohn Paul geboren und lebe nun mit meiner Partnerin Samira und ihrem Sohn Nick zusammen.<\/span><\/p>\n<p><span style=\"color: #000000;\"><strong>Ehrenamtliche Vereinsarbeit bereichert seit Jahren meine Freizeit<\/strong><\/span><\/p>\n<p><span style=\"color: #000000;\">In meiner Freizeit bin ich im Niederkasseler Vereinsleben schon seit \u00fcber 30 Jahren stark verwurzelt. 1993 war ich Mitgr\u00fcnder der \u201eKBN\u201c (Knochenbrecher Niederkassel, 2. Vorsitzender bis 2017), ebenso war ich bei den Gr\u00fcndungen des 1. FC Niederkassel (2010, 1. Vorsitzender und Kassierer), Ortsring Niederkassel (2013, Kassenwart bis 2024), F\u00f6rderverein Knochenbrecher (2017, 1. Vorsitzender), Boxclub Niederkassel (2023, 2. Vorsitzender) und der WIN (2024, 1. Stellvertretender Vorsitzender) beteiligt. Au\u00dferdem bin ich stellvertretender Kassierer beim SV Niederkassel (seit 2010) und unterst\u00fctze seit 2025 den Versch\u00f6nerungsverein Rheidt als Beisitzer im Vorstand. Vereinsmitgliedschaften pflege ich dar\u00fcber hinaus noch bei den Rheidter V\u00e4tern, dem F\u00f6rderverein 1. FC Niederkassel, JGV\/M\u00e4nnerreih \u201eEinigkeit\u201c Rheidt, JGV\/M\u00e4nnerreih \u201eEchte Fr\u00fcnde\u201c Niederkassel und als inaktives Mitglied bei der Freiwilligen Feuerwehr (L\u00f6schgruppe Rheidt).<\/span><\/p>\n<p><strong style=\"color: rgb(0, 0, 0); font-size: 14px;\">Warum mache ich bei der WIN mit?<\/strong><\/p>\n<p><span style=\"color: #000000;\">Die finanziellen Nachrichten in Niederkassel haben mich sehr betroffen gemacht und ver\u00e4rgert. Aber nur meckern? Nein, das war noch nie mein Anspruch. Ich packe mit an, so wie ich es seit \u00fcber 30 Jahren in den vielen Vereinen im Stadtgebiet mache. Dabei z\u00e4hlen f\u00fcr mich auch keine Ortsgrenzen. Und ich habe mich auch nie von R\u00fcckschl\u00e4gen zur\u00fcckwerfen lassen. Meine ehrenamtlichen Aufgaben habe ich immer langfristig ausge\u00fcbt. Entweder richtig, oder lieber gar nicht. Und wenn man sich f\u00fcr ein Amt entscheidet, dann muss man auch alles daf\u00fcr geben. So wie jetzt auch f\u00fcr die WIN.<\/span><\/p>\n<p><span style=\"color: #000000;\">Neben den Finanzthemen unserer Stadt sehe ich als \u201eVereinsmensch\u201c auch das Wohl der Vereine (inklusive Jugend) im Fokus meiner zuk\u00fcnftigen politischen Arbeit. Als Vater und Familienmensch wei\u00df ich, dass ein umfangreiches Vereinsleben wichtig ist f\u00fcr das Gemeinwohl in einem Ort. Es gilt, trotz aller Sparzw\u00e4nge, die Vereine nicht h\u00e4ngen zu lassen. Innovative L\u00f6sungen m\u00fcssen her, nicht nur stupide K\u00fcrzungen bei Vereinszusch\u00fcssen. Ich stehe im Austausch mit Menschen in allen sozialen Situationen und den unterschiedlichsten Herk\u00fcnften, so dass ich mein vorhandenes Netzwerk gewinnbringend f\u00fcr Niederkassel einsetzen kann. Au\u00dferdem ist die Sanierung von Sportst\u00e4tten f\u00fcr unsere Stadt wichtig. Hier sind in den letzten Jahrzehnten leider viele Dinge vers\u00e4umt worden. Wir brauchen wir neue Ideen. Das alles kann man nun nicht von jetzt auf gleich beheben, aber es muss dringend angepackt werden.<\/span><\/p>\n<p><span style=\"color: #000000;\"><strong>Ich packe mit an! Es muss sich etwas \u00e4ndern! Es darf kein \u201eweiter so\u201c mehr geben!<\/strong><\/span><\/p>\n<p><\/p>\t\t\t\t\t\t\t\t<\/div>\n\t\t\t\t<\/div>\n\t\t\t\t<\/div>\n\t\t\t\t\t<\/div>\n\t\t\t\t<\/div>\n\t\t\t\t<\/div>\n\t\t","protected":false},"excerpt":{"rendered":"<p>Marc Pfister Niederkassel-Rheidt Geboren und aufgewachsen in Bonn Geboren (1977) und aufgewachsen bin ich in Bonn, den Gro\u00dfteil meiner Kindheit und Jugend habe ich dort bei meinen Gro\u00dfeltern verbracht. Auf [&hellip;]<\/p>\n","protected":false},"author":1,"featured_media":0,"parent":0,"menu_order":0,"comment_status":"closed","ping_status":"closed","template":"","meta":{"ocean_post_layout":"full-screen","ocean_both_sidebars_style":"","ocean_both_sidebars_content_width":0,"ocean_both_sidebars_sidebars_width":0,"ocean_sidebar":"","ocean_second_sidebar":"","ocean_disable_margins":"enable","ocean_add_body_class":"","ocean_shortcode_before_top_bar":"","ocean_shortcode_after_top_bar":"","ocean_shortcode_before_header":"","ocean_shortcode_after_header":"","ocean_has_shortcode":"","ocean_shortcode_after_title":"","ocean_shortcode_before_footer_widgets":"","ocean_shortcode_after_footer_widgets":"","ocean_shortcode_before_footer_bottom":"","ocean_shortcode_after_footer_bottom":"","ocean_display_top_bar":"off","ocean_display_header":"default","ocean_header_style":"","ocean_center_header_left_menu":"","ocean_custom_header_template":"","ocean_custom_logo":0,"ocean_custom_retina_logo":0,"ocean_custom_logo_max_width":0,"ocean_custom_logo_tablet_max_width":0,"ocean_custom_logo_mobile_max_width":0,"ocean_custom_logo_max_height":0,"ocean_custom_logo_tablet_max_height":0,"ocean_custom_logo_mobile_max_height":0,"ocean_header_custom_menu":"","ocean_menu_typo_font_family":"","ocean_menu_typo_font_subset":"","ocean_menu_typo_font_size":0,"ocean_menu_typo_font_size_tablet":0,"ocean_menu_typo_font_size_mobile":0,"ocean_menu_typo_font_size_unit":"px","ocean_menu_typo_font_weight":"","ocean_menu_typo_font_weight_tablet":"","ocean_menu_typo_font_weight_mobile":"","ocean_menu_typo_transform":"","ocean_menu_typo_transform_tablet":"","ocean_menu_typo_transform_mobile":"","ocean_menu_typo_line_height":0,"ocean_menu_typo_line_height_tablet":0,"ocean_menu_typo_line_height_mobile":0,"ocean_menu_typo_line_height_unit":"","ocean_menu_typo_spacing":0,"ocean_menu_typo_spacing_tablet":0,"ocean_menu_typo_spacing_mobile":0,"ocean_menu_typo_spacing_unit":"","ocean_menu_link_color":"","ocean_menu_link_color_hover":"","ocean_menu_link_color_active":"","ocean_menu_link_background":"","ocean_menu_link_hover_background":"","ocean_menu_link_active_background":"","ocean_menu_social_links_bg":"","ocean_menu_social_hover_links_bg":"","ocean_menu_social_links_color":"","ocean_menu_social_hover_links_color":"","ocean_disable_title":"on","ocean_disable_heading":"default","ocean_post_title":"","ocean_post_subheading":"","ocean_post_title_style":"","ocean_post_title_background_color":"","ocean_post_title_background":0,"ocean_post_title_bg_image_position":"","ocean_post_title_bg_image_attachment":"","ocean_post_title_bg_image_repeat":"","ocean_post_title_bg_image_size":"","ocean_post_title_height":0,"ocean_post_title_bg_overlay":0.5,"ocean_post_title_bg_overlay_color":"","ocean_disable_breadcrumbs":"default","ocean_breadcrumbs_color":"","ocean_breadcrumbs_separator_color":"","ocean_breadcrumbs_links_color":"","ocean_breadcrumbs_links_hover_color":"","ocean_display_footer_widgets":"off","ocean_display_footer_bottom":"default","ocean_custom_footer_template":"","footnotes":""},"categories":[],"tags":[],"class_list":["post-844","page","type-page","status-publish","hentry","entry"],"_links":{"self":[{"href":"https:\/\/wi-ndk.de\/index.php?rest_route=\/wp\/v2\/pages\/844","targetHints":{"allow":["GET"]}}],"collection":[{"href":"https:\/\/wi-ndk.de\/index.php?rest_route=\/wp\/v2\/pages"}],"about":[{"href":"https:\/\/wi-ndk.de\/index.php?rest_route=\/wp\/v2\/types\/page"}],"author":[{"embeddable":true,"href":"https:\/\/wi-ndk.de\/index.php?rest_route=\/wp\/v2\/users\/1"}],"replies":[{"embeddable":true,"href":"https:\/\/wi-ndk.de\/index.php?rest_route=%2Fwp%2Fv2%2Fcomments&post=844"}],"version-history":[{"count":10,"href":"https:\/\/wi-ndk.de\/index.php?rest_route=\/wp\/v2\/pages\/844\/revisions"}],"predecessor-version":[{"id":1228,"href":"https:\/\/wi-ndk.de\/index.php?rest_route=\/wp\/v2\/pages\/844\/revisions\/1228"}],"wp:attachment":[{"href":"https:\/\/wi-ndk.de\/index.php?rest_route=%2Fwp%2Fv2%2Fmedia&parent=844"}],"wp:term":[{"taxonomy":"category","embeddable":true,"href":"https:\/\/wi-ndk.de\/index.php?rest_route=%2Fwp%2Fv2%2Fcategories&post=844"},{"taxonomy":"post_tag","embeddable":true,"href":"https:\/\/wi-ndk.de\/index.php?rest_route=%2Fwp%2Fv2%2Ftags&post=844"}],"curies":[{"name":"wp","href":"https:\/\/api.w.org\/{rel}","templated":true}]}}