{"id":830,"date":"2025-04-17T22:45:10","date_gmt":"2025-04-17T22:45:10","guid":{"rendered":"https:\/\/wi-ndk.de\/?page_id=830"},"modified":"2025-07-25T11:46:06","modified_gmt":"2025-07-25T11:46:06","slug":"benjamin-meybohm-2","status":"publish","type":"page","link":"https:\/\/wi-ndk.de\/?page_id=830","title":{"rendered":"Benjamin Meybohm"},"content":{"rendered":"\t\t<div data-elementor-type=\"wp-page\" data-elementor-id=\"830\" class=\"elementor elementor-830\">\n\t\t\t\t<div class=\"elementor-element elementor-element-03b9542 e-flex e-con-boxed e-con e-parent\" data-id=\"03b9542\" data-element_type=\"container\" data-e-type=\"container\">\n\t\t\t\t\t<div class=\"e-con-inner\">\n\t\t<div class=\"elementor-element elementor-element-5212d18 e-con-full e-flex e-con e-child\" data-id=\"5212d18\" data-element_type=\"container\" data-e-type=\"container\">\n\t\t\t\t<div class=\"elementor-element elementor-element-21f8b39 elementor-widget elementor-widget-image\" data-id=\"21f8b39\" data-element_type=\"widget\" data-e-type=\"widget\" data-widget_type=\"image.default\">\n\t\t\t\t<div class=\"elementor-widget-container\">\n\t\t\t\t\t\t\t\t\t\t\t\t\t\t\t<img fetchpriority=\"high\" decoding=\"async\" width=\"199\" height=\"300\" src=\"https:\/\/wi-ndk.de\/wp-content\/uploads\/2025\/07\/BMeybohm-199x300.png\" class=\"attachment-medium size-medium wp-image-1221\" alt=\"\" srcset=\"https:\/\/wi-ndk.de\/wp-content\/uploads\/2025\/07\/BMeybohm-199x300.png 199w, https:\/\/wi-ndk.de\/wp-content\/uploads\/2025\/07\/BMeybohm.png 359w\" sizes=\"(max-width: 199px) 100vw, 199px\" \/>\t\t\t\t\t\t\t\t\t\t\t\t\t\t\t<\/div>\n\t\t\t\t<\/div>\n\t\t\t\t<div class=\"elementor-element elementor-element-7d29880 elementor-widget elementor-widget-text-editor\" data-id=\"7d29880\" data-element_type=\"widget\" data-e-type=\"widget\" data-widget_type=\"text-editor.default\">\n\t\t\t\t<div class=\"elementor-widget-container\">\n\t\t\t\t\t\t\t\t\t<h1 style=\"text-align: center;\">Benjamin Meybohm<\/h1><hr \/><h3 style=\"text-align: center;\">Niederkassel-Ort<\/h3>\t\t\t\t\t\t\t\t<\/div>\n\t\t\t\t<\/div>\n\t\t\t\t<\/div>\n\t\t<div class=\"elementor-element elementor-element-58dfac1 e-con-full e-flex e-con e-child\" data-id=\"58dfac1\" data-element_type=\"container\" data-e-type=\"container\">\n\t\t\t\t<div class=\"elementor-element elementor-element-22c282c elementor-widget elementor-widget-text-editor\" data-id=\"22c282c\" data-element_type=\"widget\" data-e-type=\"widget\" data-widget_type=\"text-editor.default\">\n\t\t\t\t<div class=\"elementor-widget-container\">\n\t\t\t\t\t\t\t\t\t<p><span style=\"color: #000000;\">Geb. 05.02.1984<\/span><\/p><p><span style=\"color: #000000;\">Geboren und aufgewachsen in Duisburg. <\/span><\/p><p><span style=\"color: #000000;\">Seit 2011 im Rheinland zu Hause und seit 2016 in Niederkassel angekommen und wohnhaft mit meiner Frau und beiden T\u00f6chter in Niederkassel Ort.<\/span><\/p><p><span style=\"color: #000000;\">Als Unternehmer im Segment der Energieeffizienz bei Industrieunternehmen ist Nachhaltigkeit f\u00fcr mich mehr als nur ein Schlagwort. Durch meine Unternehmerische Ader und dem stetem Wunsch nach Optimierung, sind mir in den<\/span><br \/><span style=\"color: #000000;\">Vergangenen Jahren einige Dinge in Niederkassel aufgefallen, welche in meinen Augen dringen angepackt werden sollten.<\/span><\/p><p><span style=\"color: #000000;\">Wir sind verpflichtet, heute zu beginnen unsere Zukunft zu gestalten und f\u00fcr alle B\u00fcrgerinnen und<\/span><br \/><span style=\"color: #000000;\">B\u00fcrger in Niederkassel eine lebenswerte Stadt mit Profil zu schaffen und vor allem unseren Kindern und Jugendlichen eine Heimat mit Perspektiven zu bieten.<\/span><\/p><p><span style=\"color: #000000;\">Niederkassel mit seinen wunderbaren Menschen, hat mir das Vereinsleben ans Herz gelegt und das damit verbundene Engagement.<\/span><\/p><p><span style=\"color: #000000;\">Die Niederkasseler d\u00fcrfen von mir eine klare Ansprache und maximale Transparenz in der Politik und<\/span><br \/><span style=\"color: #000000;\">Entscheidungsfindung erwarten. Der gemeinsame Austausch und Dialog, ist f\u00fcr mich so selbstverst\u00e4ndlich wie der Rhein f\u00fcr\u00a0Niederkassel<\/span><\/p>\t\t\t\t\t\t\t\t<\/div>\n\t\t\t\t<\/div>\n\t\t\t\t<\/div>\n\t\t\t\t\t<\/div>\n\t\t\t\t<\/div>\n\t\t\t\t<\/div>\n\t\t","protected":false},"excerpt":{"rendered":"<p>Benjamin Meybohm Niederkassel-Ort Geb. 05.02.1984 Geboren und aufgewachsen in Duisburg. Seit 2011 im Rheinland zu Hause und seit 2016 in Niederkassel angekommen und wohnhaft mit meiner Frau und beiden T\u00f6chter [&hellip;]<\/p>\n","protected":false},"author":1,"featured_media":0,"parent":0,"menu_order":0,"comment_status":"closed","ping_status":"closed","template":"","meta":{"ocean_post_layout":"full-screen","ocean_both_sidebars_style":"","ocean_both_sidebars_content_width":0,"ocean_both_sidebars_sidebars_width":0,"ocean_sidebar":"","ocean_second_sidebar":"","ocean_disable_margins":"enable","ocean_add_body_class":"","ocean_shortcode_before_top_bar":"","ocean_shortcode_after_top_bar":"","ocean_shortcode_before_header":"","ocean_shortcode_after_header":"","ocean_has_shortcode":"","ocean_shortcode_after_title":"","ocean_shortcode_before_footer_widgets":"","ocean_shortcode_after_footer_widgets":"","ocean_shortcode_before_footer_bottom":"","ocean_shortcode_after_footer_bottom":"","ocean_display_top_bar":"off","ocean_display_header":"default","ocean_header_style":"","ocean_center_header_left_menu":"","ocean_custom_header_template":"","ocean_custom_logo":0,"ocean_custom_retina_logo":0,"ocean_custom_logo_max_width":0,"ocean_custom_logo_tablet_max_width":0,"ocean_custom_logo_mobile_max_width":0,"ocean_custom_logo_max_height":0,"ocean_custom_logo_tablet_max_height":0,"ocean_custom_logo_mobile_max_height":0,"ocean_header_custom_menu":"","ocean_menu_typo_font_family":"","ocean_menu_typo_font_subset":"","ocean_menu_typo_font_size":0,"ocean_menu_typo_font_size_tablet":0,"ocean_menu_typo_font_size_mobile":0,"ocean_menu_typo_font_size_unit":"px","ocean_menu_typo_font_weight":"","ocean_menu_typo_font_weight_tablet":"","ocean_menu_typo_font_weight_mobile":"","ocean_menu_typo_transform":"","ocean_menu_typo_transform_tablet":"","ocean_menu_typo_transform_mobile":"","ocean_menu_typo_line_height":0,"ocean_menu_typo_line_height_tablet":0,"ocean_menu_typo_line_height_mobile":0,"ocean_menu_typo_line_height_unit":"","ocean_menu_typo_spacing":0,"ocean_menu_typo_spacing_tablet":0,"ocean_menu_typo_spacing_mobile":0,"ocean_menu_typo_spacing_unit":"","ocean_menu_link_color":"","ocean_menu_link_color_hover":"","ocean_menu_link_color_active":"","ocean_menu_link_background":"","ocean_menu_link_hover_background":"","ocean_menu_link_active_background":"","ocean_menu_social_links_bg":"","ocean_menu_social_hover_links_bg":"","ocean_menu_social_links_color":"","ocean_menu_social_hover_links_color":"","ocean_disable_title":"on","ocean_disable_heading":"default","ocean_post_title":"","ocean_post_subheading":"","ocean_post_title_style":"","ocean_post_title_background_color":"","ocean_post_title_background":0,"ocean_post_title_bg_image_position":"","ocean_post_title_bg_image_attachment":"","ocean_post_title_bg_image_repeat":"","ocean_post_title_bg_image_size":"","ocean_post_title_height":0,"ocean_post_title_bg_overlay":0.5,"ocean_post_title_bg_overlay_color":"","ocean_disable_breadcrumbs":"default","ocean_breadcrumbs_color":"","ocean_breadcrumbs_separator_color":"","ocean_breadcrumbs_links_color":"","ocean_breadcrumbs_links_hover_color":"","ocean_display_footer_widgets":"off","ocean_display_footer_bottom":"default","ocean_custom_footer_template":"","footnotes":""},"categories":[],"tags":[],"class_list":["post-830","page","type-page","status-publish","hentry","entry"],"_links":{"self":[{"href":"https:\/\/wi-ndk.de\/index.php?rest_route=\/wp\/v2\/pages\/830","targetHints":{"allow":["GET"]}}],"collection":[{"href":"https:\/\/wi-ndk.de\/index.php?rest_route=\/wp\/v2\/pages"}],"about":[{"href":"https:\/\/wi-ndk.de\/index.php?rest_route=\/wp\/v2\/types\/page"}],"author":[{"embeddable":true,"href":"https:\/\/wi-ndk.de\/index.php?rest_route=\/wp\/v2\/users\/1"}],"replies":[{"embeddable":true,"href":"https:\/\/wi-ndk.de\/index.php?rest_route=%2Fwp%2Fv2%2Fcomments&post=830"}],"version-history":[{"count":31,"href":"https:\/\/wi-ndk.de\/index.php?rest_route=\/wp\/v2\/pages\/830\/revisions"}],"predecessor-version":[{"id":1224,"href":"https:\/\/wi-ndk.de\/index.php?rest_route=\/wp\/v2\/pages\/830\/revisions\/1224"}],"wp:attachment":[{"href":"https:\/\/wi-ndk.de\/index.php?rest_route=%2Fwp%2Fv2%2Fmedia&parent=830"}],"wp:term":[{"taxonomy":"category","embeddable":true,"href":"https:\/\/wi-ndk.de\/index.php?rest_route=%2Fwp%2Fv2%2Fcategories&post=830"},{"taxonomy":"post_tag","embeddable":true,"href":"https:\/\/wi-ndk.de\/index.php?rest_route=%2Fwp%2Fv2%2Ftags&post=830"}],"curies":[{"name":"wp","href":"https:\/\/api.w.org\/{rel}","templated":true}]}}