{"id":817,"date":"2025-04-17T22:31:18","date_gmt":"2025-04-17T22:31:18","guid":{"rendered":"https:\/\/wi-ndk.de\/?page_id=817"},"modified":"2025-09-15T10:29:50","modified_gmt":"2025-09-15T10:29:50","slug":"edward-knieling-2","status":"publish","type":"page","link":"https:\/\/wi-ndk.de\/?page_id=817","title":{"rendered":"Edward Knieling"},"content":{"rendered":"\t\t<div data-elementor-type=\"wp-page\" data-elementor-id=\"817\" class=\"elementor elementor-817\">\n\t\t\t\t<div class=\"elementor-element elementor-element-3095dd5 e-flex e-con-boxed e-con e-parent\" data-id=\"3095dd5\" data-element_type=\"container\" data-e-type=\"container\">\n\t\t\t\t\t<div class=\"e-con-inner\">\n\t\t<div class=\"elementor-element elementor-element-7fee7a8 e-con-full e-flex e-con e-child\" data-id=\"7fee7a8\" data-element_type=\"container\" data-e-type=\"container\">\n\t\t\t\t<div class=\"elementor-element elementor-element-2d1c72c elementor-widget elementor-widget-image\" data-id=\"2d1c72c\" data-element_type=\"widget\" data-e-type=\"widget\" data-widget_type=\"image.default\">\n\t\t\t\t<div class=\"elementor-widget-container\">\n\t\t\t\t\t\t\t\t\t\t\t\t\t\t\t<img fetchpriority=\"high\" decoding=\"async\" width=\"200\" height=\"300\" src=\"https:\/\/wi-ndk.de\/wp-content\/uploads\/2025\/07\/EKnieling-200x300.png\" class=\"attachment-medium size-medium wp-image-1217\" alt=\"\" srcset=\"https:\/\/wi-ndk.de\/wp-content\/uploads\/2025\/07\/EKnieling-200x300.png 200w, https:\/\/wi-ndk.de\/wp-content\/uploads\/2025\/07\/EKnieling.png 362w\" sizes=\"(max-width: 200px) 100vw, 200px\" \/>\t\t\t\t\t\t\t\t\t\t\t\t\t\t\t<\/div>\n\t\t\t\t<\/div>\n\t\t\t\t<div class=\"elementor-element elementor-element-dfaea7f elementor-widget elementor-widget-text-editor\" data-id=\"dfaea7f\" data-element_type=\"widget\" data-e-type=\"widget\" data-widget_type=\"text-editor.default\">\n\t\t\t\t<div class=\"elementor-widget-container\">\n\t\t\t\t\t\t\t\t\t<h1 style=\"text-align: center;\">Edward Knieling<\/h1><hr \/><h3 style=\"text-align: center;\">Niederkassel-Ranzel<\/h3>\t\t\t\t\t\t\t\t<\/div>\n\t\t\t\t<\/div>\n\t\t\t\t<\/div>\n\t\t<div class=\"elementor-element elementor-element-e05ae15 e-con-full e-flex e-con e-child\" data-id=\"e05ae15\" data-element_type=\"container\" data-e-type=\"container\">\n\t\t\t\t<div class=\"elementor-element elementor-element-7dbb068 elementor-widget elementor-widget-text-editor\" data-id=\"7dbb068\" data-element_type=\"widget\" data-e-type=\"widget\" data-widget_type=\"text-editor.default\">\n\t\t\t\t<div class=\"elementor-widget-container\">\n\t\t\t\t\t\t\t\t\t<p><span style=\"color: #000000;\">Ich bin 41 Jahre alt, verheiratet mit meiner Frau Katja, die mich seit Jahren begleitet, unterst\u00fctzt und st\u00e4rkt &#8211; und stolzer Papa von zwei kleinen Abenteurern, die mein Leben auf Trab halten.. Seit 2018 leben wir in Niederkassel-Ranzel \u2013 und was als beruflich bedingter Umzug begann, ist l\u00e4ngst zu einem Zuhause geworden, das wir nicht mehr missen m\u00f6chten.<\/span><\/p>\n<p><span style=\"color: #000000;\">Urspr\u00fcnglich komme ich aus dem s\u00fcdlichen Niedersachsen, genauer gesagt aus Bramsche. Aufgewachsen mit viel Natur, Gemeinschaftssinn und klaren Werten, habe ich fr\u00fch gelernt, wie wichtig ein gutes Umfeld ist \u2013 gerade auch f\u00fcr Kinder. Als Offizier bei der Bundeswehr sowie staatlich gepr\u00fcfter Betriebswirt mit Fachrichtung Wirtschaftsinformatik bin ich beruflich viel unterwegs gewesen. Umso sch\u00f6ner ist es, in Niederkassel einen Ort gefunden zu haben, an dem ich mit meiner Familie Wurzeln schlagen konnte.<\/span><\/p>\n<p><span style=\"color: #000000;\">Warum ich mich bei der WIN engagiere?<\/span><br><span style=\"color: #000000;\">Weil ich m\u00f6chte, dass meine Kinder in einer Stadt gro\u00dfwerden, die mehr ist als nur ein Wohnort ist. Eine Stadt mit Herz, mit Perspektive \u2013 ein Ort, der zusammenh\u00e4lt, mitdenkt und vorausgeht. Ich glaube an das Potenzial von Niederkassel. Und ich glaube daran, dass Ver\u00e4nderung genau da beginnt, wo Menschen sich einbringen.<\/span><\/p>\n<p><span style=\"color: #000000;\">F\u00fcr mich bedeutet Politik, nah an den Menschen zu sein. Zuh\u00f6ren, mitreden, mitgestalten. Ich will nicht nur reden, ich will machen \u2013 mit klarem Kompass, offenem Ohr und dem festen Willen, unser Niederkassel ein kleines St\u00fcck besser zu hinterlassen, als wir es vorgefunden haben. F\u00fcr unsere Kinder.&nbsp;F\u00fcr&nbsp;uns&nbsp;alle.<\/span><\/p>\t\t\t\t\t\t\t\t<\/div>\n\t\t\t\t<\/div>\n\t\t\t\t<\/div>\n\t\t\t\t\t<\/div>\n\t\t\t\t<\/div>\n\t\t\t\t<\/div>\n\t\t","protected":false},"excerpt":{"rendered":"<p>Edward Knieling Niederkassel-Ranzel Ich bin 41 Jahre alt, verheiratet mit meiner Frau Katja, die mich seit Jahren begleitet, unterst\u00fctzt und st\u00e4rkt &#8211; und stolzer Papa von zwei kleinen Abenteurern, die [&hellip;]<\/p>\n","protected":false},"author":1,"featured_media":0,"parent":0,"menu_order":0,"comment_status":"closed","ping_status":"closed","template":"","meta":{"ocean_post_layout":"full-screen","ocean_both_sidebars_style":"","ocean_both_sidebars_content_width":0,"ocean_both_sidebars_sidebars_width":0,"ocean_sidebar":"","ocean_second_sidebar":"","ocean_disable_margins":"enable","ocean_add_body_class":"","ocean_shortcode_before_top_bar":"","ocean_shortcode_after_top_bar":"","ocean_shortcode_before_header":"","ocean_shortcode_after_header":"","ocean_has_shortcode":"","ocean_shortcode_after_title":"","ocean_shortcode_before_footer_widgets":"","ocean_shortcode_after_footer_widgets":"","ocean_shortcode_before_footer_bottom":"","ocean_shortcode_after_footer_bottom":"","ocean_display_top_bar":"off","ocean_display_header":"default","ocean_header_style":"","ocean_center_header_left_menu":"","ocean_custom_header_template":"","ocean_custom_logo":0,"ocean_custom_retina_logo":0,"ocean_custom_logo_max_width":0,"ocean_custom_logo_tablet_max_width":0,"ocean_custom_logo_mobile_max_width":0,"ocean_custom_logo_max_height":0,"ocean_custom_logo_tablet_max_height":0,"ocean_custom_logo_mobile_max_height":0,"ocean_header_custom_menu":"","ocean_menu_typo_font_family":"","ocean_menu_typo_font_subset":"","ocean_menu_typo_font_size":0,"ocean_menu_typo_font_size_tablet":0,"ocean_menu_typo_font_size_mobile":0,"ocean_menu_typo_font_size_unit":"px","ocean_menu_typo_font_weight":"","ocean_menu_typo_font_weight_tablet":"","ocean_menu_typo_font_weight_mobile":"","ocean_menu_typo_transform":"","ocean_menu_typo_transform_tablet":"","ocean_menu_typo_transform_mobile":"","ocean_menu_typo_line_height":0,"ocean_menu_typo_line_height_tablet":0,"ocean_menu_typo_line_height_mobile":0,"ocean_menu_typo_line_height_unit":"","ocean_menu_typo_spacing":0,"ocean_menu_typo_spacing_tablet":0,"ocean_menu_typo_spacing_mobile":0,"ocean_menu_typo_spacing_unit":"","ocean_menu_link_color":"","ocean_menu_link_color_hover":"","ocean_menu_link_color_active":"","ocean_menu_link_background":"","ocean_menu_link_hover_background":"","ocean_menu_link_active_background":"","ocean_menu_social_links_bg":"","ocean_menu_social_hover_links_bg":"","ocean_menu_social_links_color":"","ocean_menu_social_hover_links_color":"","ocean_disable_title":"on","ocean_disable_heading":"default","ocean_post_title":"","ocean_post_subheading":"","ocean_post_title_style":"","ocean_post_title_background_color":"","ocean_post_title_background":0,"ocean_post_title_bg_image_position":"","ocean_post_title_bg_image_attachment":"","ocean_post_title_bg_image_repeat":"","ocean_post_title_bg_image_size":"","ocean_post_title_height":0,"ocean_post_title_bg_overlay":0.5,"ocean_post_title_bg_overlay_color":"","ocean_disable_breadcrumbs":"default","ocean_breadcrumbs_color":"","ocean_breadcrumbs_separator_color":"","ocean_breadcrumbs_links_color":"","ocean_breadcrumbs_links_hover_color":"","ocean_display_footer_widgets":"off","ocean_display_footer_bottom":"default","ocean_custom_footer_template":"","footnotes":""},"categories":[],"tags":[],"class_list":["post-817","page","type-page","status-publish","hentry","entry"],"_links":{"self":[{"href":"https:\/\/wi-ndk.de\/index.php?rest_route=\/wp\/v2\/pages\/817","targetHints":{"allow":["GET"]}}],"collection":[{"href":"https:\/\/wi-ndk.de\/index.php?rest_route=\/wp\/v2\/pages"}],"about":[{"href":"https:\/\/wi-ndk.de\/index.php?rest_route=\/wp\/v2\/types\/page"}],"author":[{"embeddable":true,"href":"https:\/\/wi-ndk.de\/index.php?rest_route=\/wp\/v2\/users\/1"}],"replies":[{"embeddable":true,"href":"https:\/\/wi-ndk.de\/index.php?rest_route=%2Fwp%2Fv2%2Fcomments&post=817"}],"version-history":[{"count":19,"href":"https:\/\/wi-ndk.de\/index.php?rest_route=\/wp\/v2\/pages\/817\/revisions"}],"predecessor-version":[{"id":1839,"href":"https:\/\/wi-ndk.de\/index.php?rest_route=\/wp\/v2\/pages\/817\/revisions\/1839"}],"wp:attachment":[{"href":"https:\/\/wi-ndk.de\/index.php?rest_route=%2Fwp%2Fv2%2Fmedia&parent=817"}],"wp:term":[{"taxonomy":"category","embeddable":true,"href":"https:\/\/wi-ndk.de\/index.php?rest_route=%2Fwp%2Fv2%2Fcategories&post=817"},{"taxonomy":"post_tag","embeddable":true,"href":"https:\/\/wi-ndk.de\/index.php?rest_route=%2Fwp%2Fv2%2Ftags&post=817"}],"curies":[{"name":"wp","href":"https:\/\/api.w.org\/{rel}","templated":true}]}}