{"id":764,"date":"2025-04-17T21:28:14","date_gmt":"2025-04-17T21:28:14","guid":{"rendered":"https:\/\/wi-ndk.de\/?page_id=764"},"modified":"2025-07-25T22:56:46","modified_gmt":"2025-07-25T22:56:46","slug":"eckpunktepapier-zum-wahlprogramm","status":"publish","type":"page","link":"https:\/\/wi-ndk.de\/?page_id=764","title":{"rendered":"Wahlprogramm"},"content":{"rendered":"\t\t<div data-elementor-type=\"wp-page\" data-elementor-id=\"764\" class=\"elementor elementor-764\">\n\t\t\t\t<div class=\"elementor-element elementor-element-83f0c72 e-flex e-con-boxed e-con e-parent\" data-id=\"83f0c72\" data-element_type=\"container\" data-e-type=\"container\">\n\t\t\t\t\t<div class=\"e-con-inner\">\n\t\t<div class=\"elementor-element elementor-element-21e03e5 e-con-full e-flex e-con e-child\" data-id=\"21e03e5\" data-element_type=\"container\" data-e-type=\"container\">\n\t\t\t\t<div class=\"elementor-element elementor-element-cb432d5 elementor-widget elementor-widget-heading\" data-id=\"cb432d5\" data-element_type=\"widget\" data-e-type=\"widget\" data-widget_type=\"heading.default\">\n\t\t\t\t<div class=\"elementor-widget-container\">\n\t\t\t\t\t<h1 class=\"elementor-heading-title elementor-size-default\">PROGRAMMATISCHE GRUNDS\u00c4TZE\n\n\n<\/h1>\t\t\t\t<\/div>\n\t\t\t\t<\/div>\n\t\t\t\t<div class=\"elementor-element elementor-element-4bb01fb elementor-widget elementor-widget-text-editor\" data-id=\"4bb01fb\" data-element_type=\"widget\" data-e-type=\"widget\" data-widget_type=\"text-editor.default\">\n\t\t\t\t<div class=\"elementor-widget-container\">\n\t\t\t\t\t\t\t\t\t<h1>\u00a0<\/h1><h1><strong>WIN -W\u00e4hler-Initiative-Niederkassel e.V.<\/strong><\/h1><p><span style=\"color: #003366;\"><em>unabh\u00e4ngig, b\u00fcrgernah, zukunftsorientiert<\/em><\/span><\/p><h1><span style=\"color: #003366;\">Ausgangslage<\/span><\/h1><p><span style=\"color: #000000;\">Niederkassel steht vor gro\u00dfen Herausforderungen:<\/span><br \/><span style=\"color: #000000;\">Unsere Infrastruktur ist in die Jahre gekommen, notwendige Sanierungen blieben \u00fcber Jahre hinweg aus. Gleichzeitig spitzt sich die Haushaltslage dramatisch zu, und die Unzufriedenheit in der Bev\u00f6lkerung w\u00e4chst. Immer mehr B\u00fcrgerinnen und B\u00fcrger f\u00fchlen sich von der Kommunalpolitik nicht mehr mitgenommen.<\/span><\/p><p><span style=\"color: #000000;\"><strong>Wir wollen das \u00e4ndern.<\/strong><\/span><\/p><h1><span style=\"color: #003366;\">Daf\u00fcr stehen wir<\/span><\/h1><ul><li><span style=\"color: #000000;\"><strong>unabh\u00e4ngig &amp; frei \u2013 <\/strong>Wir sind an keine Partei gebunden. Unser einziges Ziel ist das Wohl Niederkassels.<\/span><\/li><li><span style=\"color: #000000;\"><strong>Tradition &amp; Fortschritt \u2013 <\/strong>Wir verbinden b\u00fcrgerliche Werte mit modernen zukunftsf\u00e4higen L\u00f6sungen.<\/span><\/li><li><span style=\"color: #000000;\"><strong>demokratisch &amp; offen \u2013 <\/strong>Wir stehen f\u00fcr Zusammenhalt und B\u00fcrgern\u00e4he und treten entschieden gegen politische Extreme auf.<\/span><\/li><\/ul><h1><span style=\"color: #003366;\">Unsere Schwerpunkte f\u00fcr Niederkassel<\/span><\/h1><p><span style=\"color: #000000;\"><strong>\u2714\ufe0f Eine Stadt mit Profil<br \/><\/strong>Wir setzen uns ein f\u00fcr eine hohe Lebensqualit\u00e4t durch starke Vereine, aktiven Sport, engagierte Jugend- und Seniorenarbeit sowie eine moderne und nachhaltige Stadtentwicklung.<\/span><\/p><p><span style=\"color: #000000;\"><strong>\u2714\ufe0f Wirtschaft st\u00e4rken<br \/><\/strong>Wir wollen Niederkassel als attraktiven Standort f\u00fcr Unternehmen und Gewerbe positionieren \u2013 durch gezielte Unterst\u00fctzung f\u00fcr Handwerk, Mittelstand und Innovation. Das schafft Arbeitspl\u00e4tze und neue Perspektiven vor Ort.<\/span><\/p><p><span style=\"color: #000000;\"><strong>\u2714\ufe0f Moderne Verwaltung<br \/><\/strong>Wir fordern digitale B\u00fcrgerdienste, mehr Transparenz und echte Mitsprache. So wird unsere Verwaltung b\u00fcrgerfreundlich, effizient und zukunftsf\u00e4hig.<\/span><\/p><p><span style=\"color: #000000;\"><strong>\u2714\ufe0f Nachhaltigkeit leben<br \/><\/strong>Umweltschonende Mobilit\u00e4tskonzepte, verantwortungsbewusster Umgang mit Ressourcen und eine nachhaltige Stadtplanung sind f\u00fcr uns zentrale Anliegen \u2013 f\u00fcr ein lebenswertes Morgen.<\/span><\/p><p><span style=\"color: #000000;\"><strong>\u2714\ufe0f Soziales st\u00e4rken<br \/><\/strong>Wir setzen uns ein f\u00fcr exzellente Bildung, gezielte Unterst\u00fctzung f\u00fcr Jung und Alt, eine gute und faire Integration sowie ein lebendiges Vereinsleben. So st\u00e4rken wir das Miteinander und den gesellschaftlichen Zusammenhalt in unserer Stadt.<\/span><\/p><p><span style=\"color: #000000;\"><strong>\u2714\ufe0f Finanzen im Blick<br \/><\/strong>Mit solider Haushaltspolitik, klaren Priorit\u00e4ten und wirtschaftlichem Denken schaffen wir wieder Handlungsspielr\u00e4ume \u2013 f\u00fcr eine finanziell stabile Zukunft Niederkassels.<\/span><\/p><p><span style=\"color: #000000;\"><strong>\u2714\ufe0f B\u00fcrger mitnehmen<br \/><\/strong>Niederkassel lebt vom Engagement seiner Menschen. Wir wollen echte Beteiligung erm\u00f6glichen \u2013 durch offene Gespr\u00e4che, Transparenz und gemeinsame Entscheidungen.<\/span><\/p><h1><span style=\"color: #003366;\">Unser Ziel auf den Punkt gebracht<\/span><\/h1><p><span style=\"color: #000000;\">F\u00fcr eine intakte, leistungsf\u00e4hige Infrastruktur, vielf\u00e4ltige Kultur- und Sportangebote, gute Stra\u00dfen, schnelles Internet, moderne und gut ausgestattete Kinderg\u00e4rten und Schulen, bessere Rahmenbedingungen f\u00fcr Gewerbe und Industrie \u2013 sowie f\u00fcr eine Konsolidierung der st\u00e4dtischen Finanzen.<\/span><\/p><ul><li><span style=\"color: #000000;\"><strong><em>Ohne Menschlichkeit ertragen wir es nicht.<\/em><\/strong><\/span><\/li><li><span style=\"color: #000000;\"><strong><em>Ohne Wirtschaftlichkeit schaffen wir es nicht.<\/em><\/strong><\/span><\/li><\/ul><p><span style=\"color: #000000;\">WIN \u2013 Gemeinsam f\u00fcr Niederkassel.<\/span><\/p><p style=\"padding-left: 40px;\"><span style=\"text-decoration: underline;\"><span style=\"color: #003366; text-decoration: underline;\"><em>Mit Herz, Verstand und Verantwortung.<\/em><\/span><\/span><\/p><hr \/><p>Programmatische Grunds\u00e4tze &#8211; Arbeitsstand 17.04.2025<\/p>\t\t\t\t\t\t\t\t<\/div>\n\t\t\t\t<\/div>\n\t\t\t\t<\/div>\n\t\t\t\t\t<\/div>\n\t\t\t\t<\/div>\n\t\t\t\t<\/div>\n\t\t","protected":false},"excerpt":{"rendered":"<p>PROGRAMMATISCHE GRUNDS\u00c4TZE \u00a0 WIN -W\u00e4hler-Initiative-Niederkassel e.V. unabh\u00e4ngig, b\u00fcrgernah, zukunftsorientiert Ausgangslage Niederkassel steht vor gro\u00dfen Herausforderungen:Unsere Infrastruktur ist in die Jahre gekommen, notwendige Sanierungen blieben \u00fcber Jahre hinweg aus. Gleichzeitig spitzt [&hellip;]<\/p>\n","protected":false},"author":1,"featured_media":0,"parent":0,"menu_order":0,"comment_status":"closed","ping_status":"closed","template":"","meta":{"ocean_post_layout":"full-screen","ocean_both_sidebars_style":"","ocean_both_sidebars_content_width":0,"ocean_both_sidebars_sidebars_width":0,"ocean_sidebar":"","ocean_second_sidebar":"","ocean_disable_margins":"enable","ocean_add_body_class":"","ocean_shortcode_before_top_bar":"","ocean_shortcode_after_top_bar":"","ocean_shortcode_before_header":"","ocean_shortcode_after_header":"","ocean_has_shortcode":"","ocean_shortcode_after_title":"","ocean_shortcode_before_footer_widgets":"","ocean_shortcode_after_footer_widgets":"","ocean_shortcode_before_footer_bottom":"","ocean_shortcode_after_footer_bottom":"","ocean_display_top_bar":"off","ocean_display_header":"default","ocean_header_style":"","ocean_center_header_left_menu":"","ocean_custom_header_template":"","ocean_custom_logo":0,"ocean_custom_retina_logo":0,"ocean_custom_logo_max_width":0,"ocean_custom_logo_tablet_max_width":0,"ocean_custom_logo_mobile_max_width":0,"ocean_custom_logo_max_height":0,"ocean_custom_logo_tablet_max_height":0,"ocean_custom_logo_mobile_max_height":0,"ocean_header_custom_menu":"","ocean_menu_typo_font_family":"","ocean_menu_typo_font_subset":"","ocean_menu_typo_font_size":0,"ocean_menu_typo_font_size_tablet":0,"ocean_menu_typo_font_size_mobile":0,"ocean_menu_typo_font_size_unit":"px","ocean_menu_typo_font_weight":"","ocean_menu_typo_font_weight_tablet":"","ocean_menu_typo_font_weight_mobile":"","ocean_menu_typo_transform":"","ocean_menu_typo_transform_tablet":"","ocean_menu_typo_transform_mobile":"","ocean_menu_typo_line_height":0,"ocean_menu_typo_line_height_tablet":0,"ocean_menu_typo_line_height_mobile":0,"ocean_menu_typo_line_height_unit":"","ocean_menu_typo_spacing":0,"ocean_menu_typo_spacing_tablet":0,"ocean_menu_typo_spacing_mobile":0,"ocean_menu_typo_spacing_unit":"","ocean_menu_link_color":"","ocean_menu_link_color_hover":"","ocean_menu_link_color_active":"","ocean_menu_link_background":"","ocean_menu_link_hover_background":"","ocean_menu_link_active_background":"","ocean_menu_social_links_bg":"","ocean_menu_social_hover_links_bg":"","ocean_menu_social_links_color":"","ocean_menu_social_hover_links_color":"","ocean_disable_title":"on","ocean_disable_heading":"default","ocean_post_title":"","ocean_post_subheading":"","ocean_post_title_style":"","ocean_post_title_background_color":"","ocean_post_title_background":0,"ocean_post_title_bg_image_position":"","ocean_post_title_bg_image_attachment":"","ocean_post_title_bg_image_repeat":"","ocean_post_title_bg_image_size":"","ocean_post_title_height":0,"ocean_post_title_bg_overlay":0.5,"ocean_post_title_bg_overlay_color":"","ocean_disable_breadcrumbs":"default","ocean_breadcrumbs_color":"","ocean_breadcrumbs_separator_color":"","ocean_breadcrumbs_links_color":"","ocean_breadcrumbs_links_hover_color":"","ocean_display_footer_widgets":"off","ocean_display_footer_bottom":"default","ocean_custom_footer_template":"","footnotes":""},"categories":[],"tags":[],"class_list":["post-764","page","type-page","status-publish","hentry","entry"],"_links":{"self":[{"href":"https:\/\/wi-ndk.de\/index.php?rest_route=\/wp\/v2\/pages\/764","targetHints":{"allow":["GET"]}}],"collection":[{"href":"https:\/\/wi-ndk.de\/index.php?rest_route=\/wp\/v2\/pages"}],"about":[{"href":"https:\/\/wi-ndk.de\/index.php?rest_route=\/wp\/v2\/types\/page"}],"author":[{"embeddable":true,"href":"https:\/\/wi-ndk.de\/index.php?rest_route=\/wp\/v2\/users\/1"}],"replies":[{"embeddable":true,"href":"https:\/\/wi-ndk.de\/index.php?rest_route=%2Fwp%2Fv2%2Fcomments&post=764"}],"version-history":[{"count":28,"href":"https:\/\/wi-ndk.de\/index.php?rest_route=\/wp\/v2\/pages\/764\/revisions"}],"predecessor-version":[{"id":1411,"href":"https:\/\/wi-ndk.de\/index.php?rest_route=\/wp\/v2\/pages\/764\/revisions\/1411"}],"wp:attachment":[{"href":"https:\/\/wi-ndk.de\/index.php?rest_route=%2Fwp%2Fv2%2Fmedia&parent=764"}],"wp:term":[{"taxonomy":"category","embeddable":true,"href":"https:\/\/wi-ndk.de\/index.php?rest_route=%2Fwp%2Fv2%2Fcategories&post=764"},{"taxonomy":"post_tag","embeddable":true,"href":"https:\/\/wi-ndk.de\/index.php?rest_route=%2Fwp%2Fv2%2Ftags&post=764"}],"curies":[{"name":"wp","href":"https:\/\/api.w.org\/{rel}","templated":true}]}}