{"id":70,"date":"2024-07-15T10:28:18","date_gmt":"2024-07-15T10:28:18","guid":{"rendered":"https:\/\/wi-ndk.de\/?page_id=70"},"modified":"2025-04-25T09:11:02","modified_gmt":"2025-04-25T09:11:02","slug":"leitbild","status":"publish","type":"page","link":"https:\/\/wi-ndk.de\/?page_id=70","title":{"rendered":"Leitbild"},"content":{"rendered":"\t\t<div data-elementor-type=\"wp-page\" data-elementor-id=\"70\" class=\"elementor elementor-70\">\n\t\t\t\t<div class=\"elementor-element elementor-element-09581af e-flex e-con-boxed e-con e-parent\" data-id=\"09581af\" data-element_type=\"container\" data-e-type=\"container\">\n\t\t\t\t\t<div class=\"e-con-inner\">\n\t\t<div class=\"elementor-element elementor-element-0761821 e-con-full e-flex e-con e-child\" data-id=\"0761821\" data-element_type=\"container\" data-e-type=\"container\">\n\t\t\t\t<div class=\"elementor-element elementor-element-db19e62 elementor-widget elementor-widget-heading\" data-id=\"db19e62\" data-element_type=\"widget\" data-e-type=\"widget\" data-widget_type=\"heading.default\">\n\t\t\t\t<div class=\"elementor-widget-container\">\n\t\t\t\t\t<h1 class=\"elementor-heading-title elementor-size-default\">LEITBILD\n\n<\/h1>\t\t\t\t<\/div>\n\t\t\t\t<\/div>\n\t\t\t\t<div class=\"elementor-element elementor-element-e6bada7 elementor-widget elementor-widget-text-editor\" data-id=\"e6bada7\" data-element_type=\"widget\" data-e-type=\"widget\" data-widget_type=\"text-editor.default\">\n\t\t\t\t<div class=\"elementor-widget-container\">\n\t\t\t\t\t\t\t\t\t<h1>\u00a0<\/h1><h1><span style=\"color: #003366;\">WIN<\/span><\/h1><p><span style=\"font-size: 14px; color: #000000;\">Die W\u00e4hler-Initiative-Niederkassel ist ein unabh\u00e4ngiger Verein und geh\u00f6rt keiner Partei an.Die Mitglieder und Unterst\u00fctzer engagieren sich zum Wohle der Einwohner und der Stadt Niederkassel und sind in Ihren Handlungen frei.<\/span><\/p><h1><span style=\"color: #003366;\">Werte &amp; Kultur<\/span><\/h1><p><span style=\"color: #000000;\">Die WIN steht sowohl f\u00fcr das lokale als auch \u00fcberregionale Brauchtum und Traditionen und vertritt sowohl die christlich-konservativen Werte, als auch den technologischen Fortschritt im Einklang mit den \u00d6kologischen wie auch sozialen Komponenten.<\/span><\/p><h1><span style=\"color: #003366;\">Demokratische Werte<\/span><\/h1><p><span style=\"color: #000000;\">Die W\u00e4hler-Initiative und seine Mitglieder sehen sich in der Mitte der Gesellschaft und wollen f\u00fcr jeden Einwohner Niederkassels ein offenes Ohr finden und Probleme Demokratisch und pragmatisch angehen und l\u00f6sen. Die WIN lehnt jede Form der Gewalt ab und distanziert sich deutlich von Extremen am linken sowie am rechten \u201epolitischen\u201c Rand.<\/span><\/p><h1><span style=\"color: #003366;\">Programm<\/span><\/h1><p><span style=\"color: #000000;\">Das Programm der WIN wird aktiv von den Mitgliedern gestaltet und nimmt sich den akuten und aktuellen sowie zuk\u00fcnftigen Herausforderungen, Problemen und Sorgen der Einwohner Niederkassels an, um durchdachte L\u00f6sungsvorschl\u00e4ge zu unterbreiten und umzusetzen.<\/span><\/p><h1><span style=\"color: #003366;\">Niederkassel<\/span><\/h1><p><span style=\"color: #000000;\">Die WIN hat das Ziel, der Stadt ein klares Profil zu geben und den Einwohnern einen lebens- und kulturreichen Wohnort zu bieten, der Spielr\u00e4ume durch eigenverantwortliche Verwaltung erm\u00f6glicht. Der Anspruch der WIN ist das Gewerbe gezielt zu st\u00e4rken, neue M\u00f6glichkeiten zu erschlie\u00dfen und die Attraktivit\u00e4t f\u00fcr die Einwohner und Unternehmer zu erh\u00f6hen.<\/span><\/p>\t\t\t\t\t\t\t\t<\/div>\n\t\t\t\t<\/div>\n\t\t\t\t<\/div>\n\t\t\t\t\t<\/div>\n\t\t\t\t<\/div>\n\t\t\t\t<\/div>\n\t\t","protected":false},"excerpt":{"rendered":"<p>LEITBILD \u00a0 WIN Die W\u00e4hler-Initiative-Niederkassel ist ein unabh\u00e4ngiger Verein und geh\u00f6rt keiner Partei an.Die Mitglieder und Unterst\u00fctzer engagieren sich zum Wohle der Einwohner und der Stadt Niederkassel und sind in [&hellip;]<\/p>\n","protected":false},"author":1,"featured_media":0,"parent":0,"menu_order":0,"comment_status":"closed","ping_status":"closed","template":"","meta":{"ocean_post_layout":"full-screen","ocean_both_sidebars_style":"","ocean_both_sidebars_content_width":0,"ocean_both_sidebars_sidebars_width":0,"ocean_sidebar":"","ocean_second_sidebar":"","ocean_disable_margins":"enable","ocean_add_body_class":"","ocean_shortcode_before_top_bar":"","ocean_shortcode_after_top_bar":"","ocean_shortcode_before_header":"","ocean_shortcode_after_header":"","ocean_has_shortcode":"","ocean_shortcode_after_title":"","ocean_shortcode_before_footer_widgets":"","ocean_shortcode_after_footer_widgets":"","ocean_shortcode_before_footer_bottom":"","ocean_shortcode_after_footer_bottom":"","ocean_display_top_bar":"off","ocean_display_header":"default","ocean_header_style":"","ocean_center_header_left_menu":"","ocean_custom_header_template":"","ocean_custom_logo":0,"ocean_custom_retina_logo":0,"ocean_custom_logo_max_width":0,"ocean_custom_logo_tablet_max_width":0,"ocean_custom_logo_mobile_max_width":0,"ocean_custom_logo_max_height":0,"ocean_custom_logo_tablet_max_height":0,"ocean_custom_logo_mobile_max_height":0,"ocean_header_custom_menu":"","ocean_menu_typo_font_family":"","ocean_menu_typo_font_subset":"","ocean_menu_typo_font_size":0,"ocean_menu_typo_font_size_tablet":0,"ocean_menu_typo_font_size_mobile":0,"ocean_menu_typo_font_size_unit":"px","ocean_menu_typo_font_weight":"","ocean_menu_typo_font_weight_tablet":"","ocean_menu_typo_font_weight_mobile":"","ocean_menu_typo_transform":"","ocean_menu_typo_transform_tablet":"","ocean_menu_typo_transform_mobile":"","ocean_menu_typo_line_height":0,"ocean_menu_typo_line_height_tablet":0,"ocean_menu_typo_line_height_mobile":0,"ocean_menu_typo_line_height_unit":"","ocean_menu_typo_spacing":0,"ocean_menu_typo_spacing_tablet":0,"ocean_menu_typo_spacing_mobile":0,"ocean_menu_typo_spacing_unit":"","ocean_menu_link_color":"","ocean_menu_link_color_hover":"","ocean_menu_link_color_active":"","ocean_menu_link_background":"","ocean_menu_link_hover_background":"","ocean_menu_link_active_background":"","ocean_menu_social_links_bg":"","ocean_menu_social_hover_links_bg":"","ocean_menu_social_links_color":"","ocean_menu_social_hover_links_color":"","ocean_disable_title":"on","ocean_disable_heading":"default","ocean_post_title":"","ocean_post_subheading":"","ocean_post_title_style":"","ocean_post_title_background_color":"","ocean_post_title_background":0,"ocean_post_title_bg_image_position":"","ocean_post_title_bg_image_attachment":"","ocean_post_title_bg_image_repeat":"","ocean_post_title_bg_image_size":"","ocean_post_title_height":0,"ocean_post_title_bg_overlay":0.5,"ocean_post_title_bg_overlay_color":"","ocean_disable_breadcrumbs":"default","ocean_breadcrumbs_color":"","ocean_breadcrumbs_separator_color":"","ocean_breadcrumbs_links_color":"","ocean_breadcrumbs_links_hover_color":"","ocean_display_footer_widgets":"off","ocean_display_footer_bottom":"off","ocean_custom_footer_template":"","footnotes":""},"categories":[],"tags":[],"class_list":["post-70","page","type-page","status-publish","hentry","entry"],"_links":{"self":[{"href":"https:\/\/wi-ndk.de\/index.php?rest_route=\/wp\/v2\/pages\/70","targetHints":{"allow":["GET"]}}],"collection":[{"href":"https:\/\/wi-ndk.de\/index.php?rest_route=\/wp\/v2\/pages"}],"about":[{"href":"https:\/\/wi-ndk.de\/index.php?rest_route=\/wp\/v2\/types\/page"}],"author":[{"embeddable":true,"href":"https:\/\/wi-ndk.de\/index.php?rest_route=\/wp\/v2\/users\/1"}],"replies":[{"embeddable":true,"href":"https:\/\/wi-ndk.de\/index.php?rest_route=%2Fwp%2Fv2%2Fcomments&post=70"}],"version-history":[{"count":59,"href":"https:\/\/wi-ndk.de\/index.php?rest_route=\/wp\/v2\/pages\/70\/revisions"}],"predecessor-version":[{"id":1031,"href":"https:\/\/wi-ndk.de\/index.php?rest_route=\/wp\/v2\/pages\/70\/revisions\/1031"}],"wp:attachment":[{"href":"https:\/\/wi-ndk.de\/index.php?rest_route=%2Fwp%2Fv2%2Fmedia&parent=70"}],"wp:term":[{"taxonomy":"category","embeddable":true,"href":"https:\/\/wi-ndk.de\/index.php?rest_route=%2Fwp%2Fv2%2Fcategories&post=70"},{"taxonomy":"post_tag","embeddable":true,"href":"https:\/\/wi-ndk.de\/index.php?rest_route=%2Fwp%2Fv2%2Ftags&post=70"}],"curies":[{"name":"wp","href":"https:\/\/api.w.org\/{rel}","templated":true}]}}