{"id":2209,"date":"2026-03-16T13:37:53","date_gmt":"2026-03-16T13:37:53","guid":{"rendered":"https:\/\/wi-ndk.de\/?page_id=2209"},"modified":"2026-03-16T13:41:17","modified_gmt":"2026-03-16T13:41:17","slug":"fraktion-hoefer","status":"publish","type":"page","link":"https:\/\/wi-ndk.de\/?page_id=2209","title":{"rendered":"Fraktion &#8211; H\u00f6fer"},"content":{"rendered":"\t\t<div data-elementor-type=\"wp-page\" data-elementor-id=\"2209\" class=\"elementor elementor-2209\">\n\t\t\t\t<div class=\"elementor-element elementor-element-9e46960 e-flex e-con-boxed e-con e-parent\" data-id=\"9e46960\" data-element_type=\"container\" data-e-type=\"container\">\n\t\t\t\t\t<div class=\"e-con-inner\">\n\t\t<div class=\"elementor-element elementor-element-a404940 e-con-full e-flex e-con e-child\" data-id=\"a404940\" data-element_type=\"container\" data-e-type=\"container\">\n\t\t\t\t<div class=\"elementor-element elementor-element-dd85f56 elementor-widget elementor-widget-image\" data-id=\"dd85f56\" data-element_type=\"widget\" data-e-type=\"widget\" data-widget_type=\"image.default\">\n\t\t\t\t<div class=\"elementor-widget-container\">\n\t\t\t\t\t\t\t\t\t\t\t\t\t\t\t<img fetchpriority=\"high\" decoding=\"async\" width=\"225\" height=\"300\" src=\"https:\/\/wi-ndk.de\/wp-content\/uploads\/2025\/11\/Win2-9-225x300.jpg\" class=\"attachment-medium size-medium wp-image-1998\" alt=\"\" srcset=\"https:\/\/wi-ndk.de\/wp-content\/uploads\/2025\/11\/Win2-9-225x300.jpg 225w, https:\/\/wi-ndk.de\/wp-content\/uploads\/2025\/11\/Win2-9-768x1024.jpg 768w, https:\/\/wi-ndk.de\/wp-content\/uploads\/2025\/11\/Win2-9-1152x1536.jpg 1152w, https:\/\/wi-ndk.de\/wp-content\/uploads\/2025\/11\/Win2-9-1536x2048.jpg 1536w, https:\/\/wi-ndk.de\/wp-content\/uploads\/2025\/11\/Win2-9-scaled.jpg 1920w\" sizes=\"(max-width: 225px) 100vw, 225px\" \/>\t\t\t\t\t\t\t\t\t\t\t\t\t\t\t<\/div>\n\t\t\t\t<\/div>\n\t\t\t\t<div class=\"elementor-element elementor-element-271127a elementor-widget elementor-widget-text-editor\" data-id=\"271127a\" data-element_type=\"widget\" data-e-type=\"widget\" data-widget_type=\"text-editor.default\">\n\t\t\t\t<div class=\"elementor-widget-container\">\n\t\t\t\t\t\t\t\t\t<h1 style=\"text-align: center;\">Manfred H\u00f6fer<\/h1>\n<hr>\n<p style=\"text-align: center;\">Ratsmitglied f\u00fcr die WIN<\/p>\n<p style=\"text-align: center;\">Wahlkreis 170 &#8211; Niederkassel Mondorf<\/p>\n<p style=\"text-align: center;\">Mandat: \u00fcber Reserveliste<\/p>\n<p style=\"text-align: center;\">Im Rat seit: 2025<\/p>\t\t\t\t\t\t\t\t<\/div>\n\t\t\t\t<\/div>\n\t\t\t\t<\/div>\n\t\t<div class=\"elementor-element elementor-element-addaf3d e-con-full e-flex e-con e-child\" data-id=\"addaf3d\" data-element_type=\"container\" data-e-type=\"container\">\n\t\t\t\t<div class=\"elementor-element elementor-element-36854ba elementor-widget elementor-widget-text-editor\" data-id=\"36854ba\" data-element_type=\"widget\" data-e-type=\"widget\" data-widget_type=\"text-editor.default\">\n\t\t\t\t<div class=\"elementor-widget-container\">\n\t\t\t\t\t\t\t\t\t<p class=\"MsoNormal\">Ich bin Jahrgang 1954, seit 37 Jahren mit einer gro\u00dfartigen Frau verheiratet. Wir haben zwei erwachsene Kinder, die seit langem eigenst\u00e4ndig unterwegs sind, zu denen wir ein gegenseitiges vertrauensvolles und liebes Verh\u00e4ltnis haben. <br \/>Unsere Familie ist seit 1992 in Niederkassel zu Hause.<\/p><p class=\"MsoNormal\">In meinen Beruf habe ich mich vom Bankkaufmann, \u00fcber das Studium zum Diplom Betriebswirt, in mehreren Branchen in f\u00fchrender Funktion in Finanzwirtschaft und Controlling eingesetzt. Dieses Know-how konnte ich dann als Unternehmensberater bei der Leitung anspruchsvoller gro\u00dfer Projekte einsetzen. Danach gr\u00fcndete ich mit Partnern eine Unternehmensberatung, welche ich 18 Jahre als gesch\u00e4ftsf\u00fchrender Gesellschafter leitete.<\/p><p class=\"MsoNormal\">Meine Richtschnur ist Ehrlichkeit, Verantwortungsbewusstsein und Respekt.<br \/>Dies gilt f\u00fcr alle Mitmenschen, egal welchen Geschlechts, Neigung oder Herkunft.<\/p><p class=\"MsoNormal\">Dies habe ich in meinem Engagement f\u00fcr Gefl\u00fcchtete 10 Jahre im Umfeld der Interkultur Niederkassel gelebt und geholfen viele in Arbeit zu begleiten.<\/p><p class=\"MsoNormal\">\u00a0<\/p><h2>Mitglied in folgenden Aussch\u00fcssen:<\/h2><p class=\"MsoListParagraph\" style=\"margin-left: 18.0pt; mso-add-space: auto; text-indent: -18.0pt; mso-list: l0 level1 lfo1;\"><!-- [if !supportLists]--><span style=\"font-family: Symbol; mso-fareast-font-family: Symbol; mso-bidi-font-family: Symbol; mso-fareast-language: DE;\">\u00b7<span style=\"font: 7.0pt 'Times New Roman';\">\u00a0\u00a0\u00a0\u00a0\u00a0\u00a0\u00a0\u00a0 <\/span><\/span><!--[endif]-->Haupt- und Finanzausschuss<\/p><p class=\"MsoListParagraph\" style=\"margin-left: 18.0pt; mso-add-space: auto; text-indent: -18.0pt; mso-list: l0 level1 lfo1;\"><!-- [if !supportLists]--><span style=\"font-family: Symbol; mso-fareast-font-family: Symbol; mso-bidi-font-family: Symbol; mso-fareast-language: DE;\">\u00b7<span style=\"font: 7.0pt 'Times New Roman';\">\u00a0\u00a0\u00a0\u00a0\u00a0\u00a0\u00a0\u00a0 <\/span><\/span><!--[endif]-->Ausschuss f\u00fcr Stadtentwicklung, Planung und Umwelt<\/p><p class=\"MsoListParagraph\" style=\"margin-left: 18.0pt; mso-add-space: auto; text-indent: -18.0pt; mso-list: l0 level1 lfo1;\"><!-- [if !supportLists]--><span style=\"font-family: Symbol; mso-fareast-font-family: Symbol; mso-bidi-font-family: Symbol; mso-fareast-language: DE;\">\u00b7<span style=\"font: 7.0pt 'Times New Roman';\">\u00a0\u00a0\u00a0\u00a0\u00a0\u00a0\u00a0\u00a0 <\/span><\/span><!--[endif]-->Ausschuss f\u00fcr Chancengleichheit und Integration<\/p><p class=\"MsoListParagraph\" style=\"margin-left: 18.0pt; mso-add-space: auto; text-indent: -18.0pt; mso-list: l0 level1 lfo1;\"><!-- [if !supportLists]--><span style=\"font-family: Symbol; mso-fareast-font-family: Symbol; mso-bidi-font-family: Symbol; mso-fareast-language: DE;\">\u00b7<span style=\"font: 7.0pt 'Times New Roman';\">\u00a0\u00a0\u00a0\u00a0\u00a0\u00a0\u00a0\u00a0 <\/span><\/span><!--[endif]-->Rechnungspr\u00fcfungsausschuss<\/p><p class=\"MsoListParagraph\" style=\"margin-left: 18.0pt; mso-add-space: auto; text-indent: -18.0pt; mso-list: l0 level1 lfo1;\"><!-- [if !supportLists]--><span style=\"font-family: Symbol; mso-fareast-font-family: Symbol; mso-bidi-font-family: Symbol; mso-fareast-language: DE;\">\u00b7<span style=\"font: 7.0pt 'Times New Roman';\">\u00a0\u00a0\u00a0\u00a0\u00a0\u00a0\u00a0\u00a0 <\/span><\/span><!--[endif]-->Zus\u00e4tzlich Mitglied des Aufsichtsrates der Stadtentwicklungsgesellschaft Niederkassel (SEG)<\/p><p class=\"MsoNormal\">\u00a0<\/p><h2>Warum diese Aussch\u00fcsse?<\/h2><p class=\"MsoNormal\">Die Stadt Niederkassel ist derzeit in keiner guten finanziellen Verfassung. Dies zeigt allein die Tatsache, dass man sich in der Haushaltssicherung (HHS) befindet.<br \/>Dies hat schon zu solch unpopul\u00e4ren Ma\u00dfnahmen, wie einer massiven Grundsteuererh\u00f6hung, gef\u00fchrt.<br \/>Ich will meine Erfahrung und meine Kenntnisse der Finanzwirtschaft, Planung und Steuerung komplexer Systeme und Ma\u00dfnahmen einbringen, um die Stadt Niederkassel m\u00f6glichst schnell und sicher wieder auf gesunde F\u00fc\u00dfe zu stellen.<\/p><p class=\"MsoNormal\">\u00a0<\/p><h2>Daf\u00fcr setze ich mich besonders ein:<\/h2><p class=\"MsoNormal\">\u00a0<\/p><p class=\"MsoNormal\">Es ist wichtig und wesentlich, dass Transparenz und \u00dcbersicht \u00fcber die wirtschaftliche Situation geschaffen werden, damit das Navigieren im Dunkeln und auf Basis von \u201eAnnahmen und Sch\u00e4tzungen\u201c aufh\u00f6rt. Auch die Verwaltung, davon bin ich fest \u00fcberzeugt, ist an der Verbesserung von Planung, Kontrolle und Transparenz sehr interessiert, da sie die Ersten sind, die den Nutzen haben.<br \/>Ich (und die WIN insgesamt) will helfen die engagierten und motivierten Kolleginnen und Kollegen der Stadtverwaltung zu unterst\u00fctzen und daf\u00fcr Sorge zu tragen, dass die B\u00fcrgerinnen und B\u00fcrger dies auch nachvollziehen k\u00f6nnen.<\/p>\t\t\t\t\t\t\t\t<\/div>\n\t\t\t\t<\/div>\n\t\t\t\t<\/div>\n\t\t\t\t\t<\/div>\n\t\t\t\t<\/div>\n\t\t\t\t<\/div>\n\t\t","protected":false},"excerpt":{"rendered":"<p>Manfred H\u00f6fer Ratsmitglied f\u00fcr die WIN Wahlkreis 170 &#8211; Niederkassel Mondorf Mandat: \u00fcber Reserveliste Im Rat seit: 2025 Ich bin Jahrgang 1954, seit 37 Jahren mit einer gro\u00dfartigen Frau verheiratet. [&hellip;]<\/p>\n","protected":false},"author":1,"featured_media":0,"parent":0,"menu_order":0,"comment_status":"closed","ping_status":"closed","template":"","meta":{"ocean_post_layout":"full-screen","ocean_both_sidebars_style":"","ocean_both_sidebars_content_width":0,"ocean_both_sidebars_sidebars_width":0,"ocean_sidebar":"","ocean_second_sidebar":"","ocean_disable_margins":"enable","ocean_add_body_class":"","ocean_shortcode_before_top_bar":"","ocean_shortcode_after_top_bar":"","ocean_shortcode_before_header":"","ocean_shortcode_after_header":"","ocean_has_shortcode":"","ocean_shortcode_after_title":"","ocean_shortcode_before_footer_widgets":"","ocean_shortcode_after_footer_widgets":"","ocean_shortcode_before_footer_bottom":"","ocean_shortcode_after_footer_bottom":"","ocean_display_top_bar":"off","ocean_display_header":"default","ocean_header_style":"","ocean_center_header_left_menu":"","ocean_custom_header_template":"","ocean_custom_logo":0,"ocean_custom_retina_logo":0,"ocean_custom_logo_max_width":0,"ocean_custom_logo_tablet_max_width":0,"ocean_custom_logo_mobile_max_width":0,"ocean_custom_logo_max_height":0,"ocean_custom_logo_tablet_max_height":0,"ocean_custom_logo_mobile_max_height":0,"ocean_header_custom_menu":"","ocean_menu_typo_font_family":"","ocean_menu_typo_font_subset":"","ocean_menu_typo_font_size":0,"ocean_menu_typo_font_size_tablet":0,"ocean_menu_typo_font_size_mobile":0,"ocean_menu_typo_font_size_unit":"px","ocean_menu_typo_font_weight":"","ocean_menu_typo_font_weight_tablet":"","ocean_menu_typo_font_weight_mobile":"","ocean_menu_typo_transform":"","ocean_menu_typo_transform_tablet":"","ocean_menu_typo_transform_mobile":"","ocean_menu_typo_line_height":0,"ocean_menu_typo_line_height_tablet":0,"ocean_menu_typo_line_height_mobile":0,"ocean_menu_typo_line_height_unit":"","ocean_menu_typo_spacing":0,"ocean_menu_typo_spacing_tablet":0,"ocean_menu_typo_spacing_mobile":0,"ocean_menu_typo_spacing_unit":"","ocean_menu_link_color":"","ocean_menu_link_color_hover":"","ocean_menu_link_color_active":"","ocean_menu_link_background":"","ocean_menu_link_hover_background":"","ocean_menu_link_active_background":"","ocean_menu_social_links_bg":"","ocean_menu_social_hover_links_bg":"","ocean_menu_social_links_color":"","ocean_menu_social_hover_links_color":"","ocean_disable_title":"on","ocean_disable_heading":"default","ocean_post_title":"","ocean_post_subheading":"","ocean_post_title_style":"","ocean_post_title_background_color":"","ocean_post_title_background":0,"ocean_post_title_bg_image_position":"","ocean_post_title_bg_image_attachment":"","ocean_post_title_bg_image_repeat":"","ocean_post_title_bg_image_size":"","ocean_post_title_height":0,"ocean_post_title_bg_overlay":0.5,"ocean_post_title_bg_overlay_color":"","ocean_disable_breadcrumbs":"default","ocean_breadcrumbs_color":"","ocean_breadcrumbs_separator_color":"","ocean_breadcrumbs_links_color":"","ocean_breadcrumbs_links_hover_color":"","ocean_display_footer_widgets":"off","ocean_display_footer_bottom":"default","ocean_custom_footer_template":"","footnotes":""},"categories":[],"tags":[],"class_list":["post-2209","page","type-page","status-publish","hentry","entry"],"_links":{"self":[{"href":"https:\/\/wi-ndk.de\/index.php?rest_route=\/wp\/v2\/pages\/2209","targetHints":{"allow":["GET"]}}],"collection":[{"href":"https:\/\/wi-ndk.de\/index.php?rest_route=\/wp\/v2\/pages"}],"about":[{"href":"https:\/\/wi-ndk.de\/index.php?rest_route=\/wp\/v2\/types\/page"}],"author":[{"embeddable":true,"href":"https:\/\/wi-ndk.de\/index.php?rest_route=\/wp\/v2\/users\/1"}],"replies":[{"embeddable":true,"href":"https:\/\/wi-ndk.de\/index.php?rest_route=%2Fwp%2Fv2%2Fcomments&post=2209"}],"version-history":[{"count":10,"href":"https:\/\/wi-ndk.de\/index.php?rest_route=\/wp\/v2\/pages\/2209\/revisions"}],"predecessor-version":[{"id":2219,"href":"https:\/\/wi-ndk.de\/index.php?rest_route=\/wp\/v2\/pages\/2209\/revisions\/2219"}],"wp:attachment":[{"href":"https:\/\/wi-ndk.de\/index.php?rest_route=%2Fwp%2Fv2%2Fmedia&parent=2209"}],"wp:term":[{"taxonomy":"category","embeddable":true,"href":"https:\/\/wi-ndk.de\/index.php?rest_route=%2Fwp%2Fv2%2Fcategories&post=2209"},{"taxonomy":"post_tag","embeddable":true,"href":"https:\/\/wi-ndk.de\/index.php?rest_route=%2Fwp%2Fv2%2Ftags&post=2209"}],"curies":[{"name":"wp","href":"https:\/\/api.w.org\/{rel}","templated":true}]}}