{"id":2174,"date":"2026-03-09T14:00:07","date_gmt":"2026-03-09T14:00:07","guid":{"rendered":"https:\/\/wi-ndk.de\/?page_id=2174"},"modified":"2026-03-16T13:27:19","modified_gmt":"2026-03-16T13:27:19","slug":"fraktion-schumacher","status":"publish","type":"page","link":"https:\/\/wi-ndk.de\/?page_id=2174","title":{"rendered":"Fraktion &#8211; Schumacher"},"content":{"rendered":"\t\t<div data-elementor-type=\"wp-page\" data-elementor-id=\"2174\" class=\"elementor elementor-2174\">\n\t\t\t\t<div class=\"elementor-element elementor-element-18e870c e-flex e-con-boxed e-con e-parent\" data-id=\"18e870c\" data-element_type=\"container\" data-e-type=\"container\">\n\t\t\t\t\t<div class=\"e-con-inner\">\n\t\t<div class=\"elementor-element elementor-element-de4503a e-con-full e-flex e-con e-child\" data-id=\"de4503a\" data-element_type=\"container\" data-e-type=\"container\">\n\t\t\t\t<div class=\"elementor-element elementor-element-1900544 elementor-widget elementor-widget-image\" data-id=\"1900544\" data-element_type=\"widget\" data-e-type=\"widget\" data-widget_type=\"image.default\">\n\t\t\t\t<div class=\"elementor-widget-container\">\n\t\t\t\t\t\t\t\t\t\t\t\t\t\t\t<img fetchpriority=\"high\" decoding=\"async\" width=\"225\" height=\"300\" src=\"https:\/\/wi-ndk.de\/wp-content\/uploads\/2025\/11\/Win5-9-225x300.jpg\" class=\"attachment-medium size-medium wp-image-1999\" alt=\"\" srcset=\"https:\/\/wi-ndk.de\/wp-content\/uploads\/2025\/11\/Win5-9-225x300.jpg 225w, https:\/\/wi-ndk.de\/wp-content\/uploads\/2025\/11\/Win5-9-768x1024.jpg 768w, https:\/\/wi-ndk.de\/wp-content\/uploads\/2025\/11\/Win5-9-1152x1536.jpg 1152w, https:\/\/wi-ndk.de\/wp-content\/uploads\/2025\/11\/Win5-9-1535x2048.jpg 1535w, https:\/\/wi-ndk.de\/wp-content\/uploads\/2025\/11\/Win5-9-scaled.jpg 1919w\" sizes=\"(max-width: 225px) 100vw, 225px\" \/>\t\t\t\t\t\t\t\t\t\t\t\t\t\t\t<\/div>\n\t\t\t\t<\/div>\n\t\t\t\t<div class=\"elementor-element elementor-element-a3ad8ec elementor-widget elementor-widget-text-editor\" data-id=\"a3ad8ec\" data-element_type=\"widget\" data-e-type=\"widget\" data-widget_type=\"text-editor.default\">\n\t\t\t\t<div class=\"elementor-widget-container\">\n\t\t\t\t\t\t\t\t\t<h1 style=\"text-align: center;\">Bernhard Schumacher<\/h1><hr \/><p style=\"text-align: center;\">Ratsmitglied f\u00fcr die WIN<\/p><p style=\"text-align: center;\">Wahlkreis 190 &#8211; Niederkassel Mondorf<\/p><p style=\"text-align: center;\">Mandat: \u00fcber Reserveliste<\/p><p style=\"text-align: center;\">Im Rat seit: 2025<\/p>\t\t\t\t\t\t\t\t<\/div>\n\t\t\t\t<\/div>\n\t\t\t\t<\/div>\n\t\t<div class=\"elementor-element elementor-element-62f5a4a e-con-full e-flex e-con e-child\" data-id=\"62f5a4a\" data-element_type=\"container\" data-e-type=\"container\">\n\t\t\t\t<div class=\"elementor-element elementor-element-f6cbaf9 elementor-widget elementor-widget-text-editor\" data-id=\"f6cbaf9\" data-element_type=\"widget\" data-e-type=\"widget\" data-widget_type=\"text-editor.default\">\n\t\t\t\t<div class=\"elementor-widget-container\">\n\t\t\t\t\t\t\t\t\t<p class=\"MsoNormal\" style=\"line-height:normal\">Geboren wurde ich <span lang=\"IT\">1965 in Troisdorf<\/span>, bin verheiratet und Vater einer\nerwachsenen Tochter. Meine Berufsausbildung absolvierte ich 1985 im\nPersonalbereich eines Bundesministeriums in Bonn.&nbsp; Anschlie\u00dfend arbeitete ich in der\nImmobilienverwaltung des Bundes, bevor ich 1989 in das Bankgewerbe wechselte\nund mich in Abendform zum gepr\u00fcften Personalfachkaufmann (IHK) weiterbildete\nund sukzessive verantwortungsvollere Aufgaben \u00fcbernahm.<o:p><\/o:p><\/p><p class=\"MsoNormal\" style=\"line-height:normal\"><o:p>&nbsp;<\/o:p><\/p><h2>Mitglied in folgenden Aussch\u00fcssen:<o:p><\/o:p><\/h2><p class=\"MsoNormal\" style=\"margin-left:18.0pt;text-indent:-18.0pt;mso-list:l0 level1 lfo1;\ntab-stops:list 18.0pt\"><!--[if !supportLists]--><span style=\"font-size:10.0pt;\nmso-bidi-font-size:12.0pt;line-height:115%;font-family:Symbol;mso-fareast-font-family:\nSymbol;mso-bidi-font-family:Symbol\">\u00b7<span style=\"font:7.0pt &quot;Times New Roman&quot;\">&nbsp;&nbsp;&nbsp;&nbsp;&nbsp;&nbsp;&nbsp;&nbsp;\n<\/span><\/span><!--[endif]-->Betriebsausschuss Abwasserwerke<o:p><\/o:p><\/p><p class=\"MsoNormal\" style=\"margin-left:18.0pt;text-indent:-18.0pt;mso-list:l0 level1 lfo1;\ntab-stops:list 18.0pt\"><!--[if !supportLists]--><span style=\"font-size:10.0pt;\nmso-bidi-font-size:12.0pt;line-height:115%;font-family:Symbol;mso-fareast-font-family:\nSymbol;mso-bidi-font-family:Symbol\">\u00b7<span style=\"font:7.0pt &quot;Times New Roman&quot;\">&nbsp;&nbsp;&nbsp;&nbsp;&nbsp;&nbsp;&nbsp;&nbsp;\n<\/span><\/span><!--[endif]-->Betriebsausschuss Stadtwerke (Vorsitzender)<o:p><\/o:p><\/p><p class=\"MsoNormal\" style=\"margin-left:18.0pt;text-indent:-18.0pt;mso-list:l0 level1 lfo1;\ntab-stops:list 18.0pt\"><!--[if !supportLists]--><span style=\"font-size:10.0pt;\nmso-bidi-font-size:12.0pt;line-height:115%;font-family:Symbol;mso-fareast-font-family:\nSymbol;mso-bidi-font-family:Symbol\">\u00b7<span style=\"font:7.0pt &quot;Times New Roman&quot;\">&nbsp;&nbsp;&nbsp;&nbsp;&nbsp;&nbsp;&nbsp;&nbsp;\n<\/span><\/span><!--[endif]-->Haupt-, Finanz- und Beschwerdeausschuss<o:p><\/o:p><\/p><p class=\"MsoNormal\" style=\"margin-left:18.0pt;text-indent:-18.0pt;mso-list:l0 level1 lfo1;\ntab-stops:list 18.0pt\"><!--[if !supportLists]--><span style=\"font-size:10.0pt;\nmso-bidi-font-size:12.0pt;line-height:115%;font-family:Symbol;mso-fareast-font-family:\nSymbol;mso-bidi-font-family:Symbol\">\u00b7<span style=\"font:7.0pt &quot;Times New Roman&quot;\">&nbsp;&nbsp;&nbsp;&nbsp;&nbsp;&nbsp;&nbsp;&nbsp;\n<\/span><\/span><!--[endif]-->Rechnungspr\u00fcfungsausschuss<o:p><\/o:p><\/p><p class=\"MsoNormal\" style=\"margin-left:18.0pt;text-indent:-18.0pt;mso-list:l0 level1 lfo1;\ntab-stops:list 36.0pt\"><!--[if !supportLists]--><span style=\"font-size:10.0pt;\nmso-bidi-font-size:12.0pt;line-height:115%;font-family:Symbol;mso-fareast-font-family:\nSymbol;mso-bidi-font-family:Symbol\">\u00b7<span style=\"font:7.0pt &quot;Times New Roman&quot;\">&nbsp;&nbsp;&nbsp;&nbsp;&nbsp;&nbsp;&nbsp;&nbsp;\n<\/span><\/span><!--[endif]-->Zus\u00e4tzlich Mitglied des Regionalbeirates der\nKreissparkasse K\u00f6ln<o:p><\/o:p><\/p><p class=\"MsoNormal\"><o:p>&nbsp;<\/o:p><\/p><h2>Warum diese Aussch\u00fcsse?<o:p><\/o:p><\/h2><p class=\"MsoNormal\" style=\"line-height:normal\">Meine personalwirtschaftliche\nBerufserfahrung im Finanzbereich qualifiziert mich in besonderer Weise f\u00fcr\ndiese Aufgaben. Ich verf\u00fcge \u00fcber eine langj\u00e4hrige Bankberufserfahrung in\nF\u00fchrungsfunktionen als Leiter Personal, Vorstandsvorsitzender einer gr\u00f6\u00dferen\nPensionskasse und war bis zu meinem Eintritt in den Vorruhestand Mitglied in\nAufsichtsgremien von Krankenkassen und Pensionskassen\/-fonds t\u00e4tig. <o:p><\/o:p><\/p><p class=\"MsoNormal\" style=\"line-height:normal\"><o:p>&nbsp;<\/o:p><\/p><h2>Daf\u00fcr setze ich mich besonders ein:<o:p><\/o:p><\/h2><p class=\"MsoNormal\" style=\"line-height:normal\">Besonders wichtig sind mir\nTransparenz, solide Finanzen und soziale Gerechtigkeit. <o:p><\/o:p><\/p><p class=\"MsoNoSpacing\" style=\"margin-left:36.0pt\"><span style=\"font-size:12.0pt;\nmso-bidi-font-family:Calibri;mso-bidi-theme-font:minor-latin\">&nbsp;<\/span><\/p><h2>Was mir in meinem Wahlkreis besonders wichtig ist:<o:p><\/o:p><\/h2><p class=\"MsoNoSpacing\"><span style=\"font-size:12.0pt;mso-bidi-font-family:Calibri;\nmso-bidi-theme-font:minor-latin\">Ich lebe seit mehr als 30 Jahren in\nNiederkassel, davon bereits viele Jahre in Mondorf &#8211; hier an Rhein und Sieg bin\nich zu Hause.<o:p><\/o:p><\/span><\/p><p class=\"MsoNoSpacing\"><span style=\"font-size:12.0pt;mso-bidi-font-family:Calibri;\nmso-bidi-theme-font:minor-latin\">&nbsp;<\/span><\/p><h2>Meine Motivation<o:p><\/o:p><\/h2><p class=\"MsoNormal\">Das Vertrauen der W\u00e4hlerinnen und W\u00e4hler sind f\u00fcr mich Auftrag und\nVerpflichtung zugleich. Demokratie lebt von der aktiven Beteiligung der\nB\u00fcrgerinnen und B\u00fcrger. W\u00e4hlerinitiativen sind deutschlandweit Ausdruck von\npolitischer Freiheit und einer funktionierenden Demokratie. Deshalb bin ich\ndabei.<o:p><\/o:p><\/p><p style=\"line-height: normal;\">\n\n\n\n\n\n\n\n\n\n\n\n\n\n\n\n\n\n\n\n\n\n\n\n\n\n\n\n\n\n\n\n\n\n\n\n\n\n\n\n<\/p><p class=\"MsoNormal\"><o:p>&nbsp;<\/o:p><\/p>\n<p><\/p>\t\t\t\t\t\t\t\t<\/div>\n\t\t\t\t<\/div>\n\t\t\t\t<\/div>\n\t\t\t\t\t<\/div>\n\t\t\t\t<\/div>\n\t\t\t\t<\/div>\n\t\t","protected":false},"excerpt":{"rendered":"<p>Bernhard Schumacher Ratsmitglied f\u00fcr die WIN Wahlkreis 190 &#8211; Niederkassel Mondorf Mandat: \u00fcber Reserveliste Im Rat seit: 2025 Geboren wurde ich 1965 in Troisdorf, bin verheiratet und Vater einer erwachsenen [&hellip;]<\/p>\n","protected":false},"author":1,"featured_media":0,"parent":0,"menu_order":0,"comment_status":"closed","ping_status":"closed","template":"","meta":{"ocean_post_layout":"full-screen","ocean_both_sidebars_style":"","ocean_both_sidebars_content_width":0,"ocean_both_sidebars_sidebars_width":0,"ocean_sidebar":"","ocean_second_sidebar":"","ocean_disable_margins":"enable","ocean_add_body_class":"","ocean_shortcode_before_top_bar":"","ocean_shortcode_after_top_bar":"","ocean_shortcode_before_header":"","ocean_shortcode_after_header":"","ocean_has_shortcode":"","ocean_shortcode_after_title":"","ocean_shortcode_before_footer_widgets":"","ocean_shortcode_after_footer_widgets":"","ocean_shortcode_before_footer_bottom":"","ocean_shortcode_after_footer_bottom":"","ocean_display_top_bar":"off","ocean_display_header":"default","ocean_header_style":"","ocean_center_header_left_menu":"","ocean_custom_header_template":"","ocean_custom_logo":0,"ocean_custom_retina_logo":0,"ocean_custom_logo_max_width":0,"ocean_custom_logo_tablet_max_width":0,"ocean_custom_logo_mobile_max_width":0,"ocean_custom_logo_max_height":0,"ocean_custom_logo_tablet_max_height":0,"ocean_custom_logo_mobile_max_height":0,"ocean_header_custom_menu":"","ocean_menu_typo_font_family":"","ocean_menu_typo_font_subset":"","ocean_menu_typo_font_size":0,"ocean_menu_typo_font_size_tablet":0,"ocean_menu_typo_font_size_mobile":0,"ocean_menu_typo_font_size_unit":"px","ocean_menu_typo_font_weight":"","ocean_menu_typo_font_weight_tablet":"","ocean_menu_typo_font_weight_mobile":"","ocean_menu_typo_transform":"","ocean_menu_typo_transform_tablet":"","ocean_menu_typo_transform_mobile":"","ocean_menu_typo_line_height":0,"ocean_menu_typo_line_height_tablet":0,"ocean_menu_typo_line_height_mobile":0,"ocean_menu_typo_line_height_unit":"","ocean_menu_typo_spacing":0,"ocean_menu_typo_spacing_tablet":0,"ocean_menu_typo_spacing_mobile":0,"ocean_menu_typo_spacing_unit":"","ocean_menu_link_color":"","ocean_menu_link_color_hover":"","ocean_menu_link_color_active":"","ocean_menu_link_background":"","ocean_menu_link_hover_background":"","ocean_menu_link_active_background":"","ocean_menu_social_links_bg":"","ocean_menu_social_hover_links_bg":"","ocean_menu_social_links_color":"","ocean_menu_social_hover_links_color":"","ocean_disable_title":"on","ocean_disable_heading":"default","ocean_post_title":"","ocean_post_subheading":"","ocean_post_title_style":"","ocean_post_title_background_color":"","ocean_post_title_background":0,"ocean_post_title_bg_image_position":"","ocean_post_title_bg_image_attachment":"","ocean_post_title_bg_image_repeat":"","ocean_post_title_bg_image_size":"","ocean_post_title_height":0,"ocean_post_title_bg_overlay":0.5,"ocean_post_title_bg_overlay_color":"","ocean_disable_breadcrumbs":"default","ocean_breadcrumbs_color":"","ocean_breadcrumbs_separator_color":"","ocean_breadcrumbs_links_color":"","ocean_breadcrumbs_links_hover_color":"","ocean_display_footer_widgets":"off","ocean_display_footer_bottom":"default","ocean_custom_footer_template":"","footnotes":""},"categories":[],"tags":[],"class_list":["post-2174","page","type-page","status-publish","hentry","entry"],"_links":{"self":[{"href":"https:\/\/wi-ndk.de\/index.php?rest_route=\/wp\/v2\/pages\/2174","targetHints":{"allow":["GET"]}}],"collection":[{"href":"https:\/\/wi-ndk.de\/index.php?rest_route=\/wp\/v2\/pages"}],"about":[{"href":"https:\/\/wi-ndk.de\/index.php?rest_route=\/wp\/v2\/types\/page"}],"author":[{"embeddable":true,"href":"https:\/\/wi-ndk.de\/index.php?rest_route=\/wp\/v2\/users\/1"}],"replies":[{"embeddable":true,"href":"https:\/\/wi-ndk.de\/index.php?rest_route=%2Fwp%2Fv2%2Fcomments&post=2174"}],"version-history":[{"count":7,"href":"https:\/\/wi-ndk.de\/index.php?rest_route=\/wp\/v2\/pages\/2174\/revisions"}],"predecessor-version":[{"id":2202,"href":"https:\/\/wi-ndk.de\/index.php?rest_route=\/wp\/v2\/pages\/2174\/revisions\/2202"}],"wp:attachment":[{"href":"https:\/\/wi-ndk.de\/index.php?rest_route=%2Fwp%2Fv2%2Fmedia&parent=2174"}],"wp:term":[{"taxonomy":"category","embeddable":true,"href":"https:\/\/wi-ndk.de\/index.php?rest_route=%2Fwp%2Fv2%2Fcategories&post=2174"},{"taxonomy":"post_tag","embeddable":true,"href":"https:\/\/wi-ndk.de\/index.php?rest_route=%2Fwp%2Fv2%2Ftags&post=2174"}],"curies":[{"name":"wp","href":"https:\/\/api.w.org\/{rel}","templated":true}]}}