{"id":2162,"date":"2026-03-09T13:47:12","date_gmt":"2026-03-09T13:47:12","guid":{"rendered":"https:\/\/wi-ndk.de\/?page_id=2162"},"modified":"2026-03-16T13:30:43","modified_gmt":"2026-03-16T13:30:43","slug":"fraktion-pfister","status":"publish","type":"page","link":"https:\/\/wi-ndk.de\/?page_id=2162","title":{"rendered":"Fraktion &#8211; Pfister"},"content":{"rendered":"\t\t<div data-elementor-type=\"wp-page\" data-elementor-id=\"2162\" class=\"elementor elementor-2162\">\n\t\t\t\t<div class=\"elementor-element elementor-element-79af884 e-flex e-con-boxed e-con e-parent\" data-id=\"79af884\" data-element_type=\"container\" data-e-type=\"container\">\n\t\t\t\t\t<div class=\"e-con-inner\">\n\t\t<div class=\"elementor-element elementor-element-c353535 e-con-full e-flex e-con e-child\" data-id=\"c353535\" data-element_type=\"container\" data-e-type=\"container\">\n\t\t\t\t<div class=\"elementor-element elementor-element-346cdcc elementor-widget elementor-widget-image\" data-id=\"346cdcc\" data-element_type=\"widget\" data-e-type=\"widget\" data-widget_type=\"image.default\">\n\t\t\t\t<div class=\"elementor-widget-container\">\n\t\t\t\t\t\t\t\t\t\t\t\t\t\t\t<img fetchpriority=\"high\" decoding=\"async\" width=\"243\" height=\"300\" src=\"https:\/\/wi-ndk.de\/wp-content\/uploads\/2025\/10\/Win7-9-243x300.jpg\" class=\"attachment-medium size-medium wp-image-1991\" alt=\"\" srcset=\"https:\/\/wi-ndk.de\/wp-content\/uploads\/2025\/10\/Win7-9-243x300.jpg 243w, https:\/\/wi-ndk.de\/wp-content\/uploads\/2025\/10\/Win7-9-828x1024.jpg 828w, https:\/\/wi-ndk.de\/wp-content\/uploads\/2025\/10\/Win7-9-768x950.jpg 768w, https:\/\/wi-ndk.de\/wp-content\/uploads\/2025\/10\/Win7-9-1242x1536.jpg 1242w, https:\/\/wi-ndk.de\/wp-content\/uploads\/2025\/10\/Win7-9-1655x2048.jpg 1655w\" sizes=\"(max-width: 243px) 100vw, 243px\" \/>\t\t\t\t\t\t\t\t\t\t\t\t\t\t\t<\/div>\n\t\t\t\t<\/div>\n\t\t\t\t<div class=\"elementor-element elementor-element-1befd39 elementor-widget elementor-widget-text-editor\" data-id=\"1befd39\" data-element_type=\"widget\" data-e-type=\"widget\" data-widget_type=\"text-editor.default\">\n\t\t\t\t<div class=\"elementor-widget-container\">\n\t\t\t\t\t\t\t\t\t<h1 style=\"text-align: center;\">Marc Pfister<\/h1><hr \/><p style=\"text-align: center;\">Ratsmitglied und Gesch\u00e4ftsf\u00fchrer f\u00fcr die WIN<\/p><p style=\"text-align: center;\">Wahlkreis 130 &#8211; Niederkassel Rheidt<\/p><p style=\"text-align: center;\">Mandat: \u00fcber Reserveliste<\/p><p style=\"text-align: center;\">Im Rat seit: 2025<\/p>\t\t\t\t\t\t\t\t<\/div>\n\t\t\t\t<\/div>\n\t\t\t\t<\/div>\n\t\t<div class=\"elementor-element elementor-element-7aa6f2c e-con-full e-flex e-con e-child\" data-id=\"7aa6f2c\" data-element_type=\"container\" data-e-type=\"container\">\n\t\t\t\t<div class=\"elementor-element elementor-element-b692816 elementor-widget elementor-widget-text-editor\" data-id=\"b692816\" data-element_type=\"widget\" data-e-type=\"widget\" data-widget_type=\"text-editor.default\">\n\t\t\t\t<div class=\"elementor-widget-container\">\n\t\t\t\t\t\t\t\t\t<p class=\"MsoNormal\">Ich wurde 1977 in Bonn geboren und lebe inzwischen seit fast 25\nJahren in Niederkassel. Mit meiner Partnerin, ihrem 4-j\u00e4hrigen und meinem\n6-j\u00e4hrigen Sohn f\u00fchlen wir uns in Rheidt richtig zu Hause.<o:p><\/o:p><\/p><p class=\"MsoNormal\">Als selbstst\u00e4ndiger Verm\u00f6gensberater ist mir ein\nverantwortungsvoller und transparenter Umgang mit Finanzen besonders wichtig.\nGerade weil sich Niederkassel im Haushaltssicherungskonzept befindet, m\u00f6chte\nich meine Erfahrung einbringen, um die finanzielle Situation unserer Stadt\nnachhaltig zu stabilisieren und zukunftsf\u00e4hig zu gestalten.<o:p><\/o:p><\/p><p class=\"MsoNormal\">Obwohl ich bisher noch nicht politisch aktiv war, habe ich mich\nentschlossen, mich jetzt aktiv f\u00fcr unsere Stadt einzusetzen. Nicht nur meckern,\nsondern auch anpacken!<o:p><\/o:p><\/p><p class=\"MsoNormal\">Als jahrelanges aktives Mitglied in verschiedenen Vereinen sind\nmir dabei unsere Vereine, wie z. B. Sport-, B\u00fcrger- oder Karnevalsvereine sehr\nwichtig. Vereine sind das Herz unserer Gemeinschaft und d\u00fcrfen nicht weiter\nbeschnitten werden. Im Gegenteil: Wir m\u00fcssen neue Ideen entwickeln, um sie zu\nst\u00e4rken und ihre wertvolle Arbeit langfristig zu sichern.<o:p><\/o:p><\/p><p class=\"MsoNormal\">Sparen ist in unserer finanziellen Situation wichtig, aber man\nsollte an den richtigen Stellen ansetzen und auch offen f\u00fcr neue\nEinnahmem\u00f6glichkeiten sein. Vereine machen es uns vor: Sponsoring sollte auch\nf\u00fcr eine Stadt m\u00f6glich sein.<o:p><\/o:p><\/p><p class=\"MsoNormal\">Als Familienmensch liegen mir auch die Familien sehr am Herzen.\nIch werde mich daf\u00fcr einsetzen, dass Niederkassel ein Ort ist, an dem Kinder\nund Eltern gute Angebote und Unterst\u00fctzung finden und sich wohlf\u00fchlen k\u00f6nnen.<o:p><\/o:p><\/p><p class=\"MsoNormal\"><o:p>&nbsp;<\/o:p><\/p><h2>Mitglied in folgenden Aussch\u00fcssen:<o:p><\/o:p><\/h2><p class=\"MsoNormal\" style=\"margin-left:18.0pt;text-indent:-18.0pt;mso-list:l0 level1 lfo1;\ntab-stops:list 18.0pt\"><!--[if !supportLists]--><span style=\"font-size:10.0pt;\nmso-bidi-font-size:12.0pt;line-height:115%;font-family:Symbol;mso-fareast-font-family:\nSymbol;mso-bidi-font-family:Symbol\">\u00b7<span style=\"font:7.0pt &quot;Times New Roman&quot;\">&nbsp;&nbsp;&nbsp;&nbsp;&nbsp;&nbsp;&nbsp;&nbsp;\n<\/span><\/span><!--[endif]-->Ausschuss f\u00fcr Schule, Kultur, Sport und\nSoziales (stellv. Vorsitzender)<o:p><\/o:p><\/p><p class=\"MsoNormal\" style=\"margin-left:18.0pt;text-indent:-18.0pt;mso-list:l0 level1 lfo1;\ntab-stops:list 18.0pt\"><!--[if !supportLists]--><span style=\"font-size:10.0pt;\nmso-bidi-font-size:12.0pt;line-height:115%;font-family:Symbol;mso-fareast-font-family:\nSymbol;mso-bidi-font-family:Symbol\">\u00b7<span style=\"font:7.0pt &quot;Times New Roman&quot;\">&nbsp;&nbsp;&nbsp;&nbsp;&nbsp;&nbsp;&nbsp;&nbsp;\n<\/span><\/span><!--[endif]-->Haupt-, Finanz- und Beschwerdeausschuss<o:p><\/o:p><\/p><p class=\"MsoNormal\" style=\"margin-left:18.0pt\"><o:p>&nbsp;<\/o:p><\/p><h2>Warum diese Aussch\u00fcsse?<o:p><\/o:p><\/h2><p class=\"MsoNoSpacing\"><span style=\"font-size:12.0pt;mso-bidi-font-family:Calibri;\nmso-bidi-theme-font:minor-latin\">Seit 13 Jahren arbeite ich als selbstst\u00e4ndiger\nVerm\u00f6gensberater in Niederkassel und bringe fundierte somit berufliche\nErfahrung in Finanzthemen mit. Gleichzeitig bin ich seit \u00fcber 30 Jahren im\nVorstand von Sport- und Brauchtumsvereinen aktiv und kenne die Bedeutung von\nSchule, Ehrenamt, Kultur und sozialem Zusammenhalt aus der Praxis. Diese\nKombination motiviert mich, mich genau in diesen Aussch\u00fcssen einzubringen.<o:p><\/o:p><\/span><\/p><p class=\"MsoNoSpacing\"><span style=\"font-size:12.0pt;mso-bidi-font-family:Calibri;\nmso-bidi-theme-font:minor-latin\">&nbsp;<\/span><\/p><h2>Daf\u00fcr setze ich mich besonders ein:<o:p><\/o:p><\/h2><p class=\"MsoNoSpacing\"><span style=\"font-size:12.0pt;mso-bidi-font-family:Calibri;\nmso-bidi-theme-font:minor-latin\">&nbsp;<\/span><\/p><p class=\"MsoNoSpacing\" style=\"margin-left:18.0pt;text-indent:-18.0pt;mso-list:\nl1 level1 lfo2\"><!--[if !supportLists]--><span style=\"font-size:12.0pt;font-family:\nSymbol;mso-fareast-font-family:Symbol;mso-bidi-font-family:Symbol\">\u00b7<span style=\"font:7.0pt &quot;Times New Roman&quot;\">&nbsp;&nbsp;&nbsp;&nbsp;&nbsp;&nbsp;&nbsp;&nbsp;\n<\/span><\/span><!--[endif]--><span style=\"font-size:12.0pt;mso-bidi-font-family:\nCalibri;mso-bidi-theme-font:minor-latin\">Solide, transparente und nachhaltige\nFinanzpolitik<o:p><\/o:p><\/span><\/p><p class=\"MsoNoSpacing\" style=\"margin-left:18.0pt;text-indent:-18.0pt;mso-list:\nl1 level1 lfo2\"><!--[if !supportLists]--><span style=\"font-size:12.0pt;font-family:\nSymbol;mso-fareast-font-family:Symbol;mso-bidi-font-family:Symbol\">\u00b7<span style=\"font:7.0pt &quot;Times New Roman&quot;\">&nbsp;&nbsp;&nbsp;&nbsp;&nbsp;&nbsp;&nbsp;&nbsp;\n<\/span><\/span><!--[endif]--><span style=\"font-size:12.0pt;mso-bidi-font-family:\nCalibri;mso-bidi-theme-font:minor-latin\">Entwicklung und Umsetzung tragf\u00e4higer\nMa\u00dfnahmen zur Haushaltskonsolidierung, um Niederkassel schrittweise aus dem\nseit 2023 bestehenden Haushaltssicherungskonzept zu f\u00fchren<o:p><\/o:p><\/span><\/p><p class=\"MsoNoSpacing\" style=\"margin-left:18.0pt;text-indent:-18.0pt;mso-list:\nl1 level1 lfo2\"><!--[if !supportLists]--><span style=\"font-size:12.0pt;font-family:\nSymbol;mso-fareast-font-family:Symbol;mso-bidi-font-family:Symbol\">\u00b7<span style=\"font:7.0pt &quot;Times New Roman&quot;\">&nbsp;&nbsp;&nbsp;&nbsp;&nbsp;&nbsp;&nbsp;&nbsp;\n<\/span><\/span><!--[endif]--><span style=\"font-size:12.0pt;mso-bidi-font-family:\nCalibri;mso-bidi-theme-font:minor-latin\">Verl\u00e4ssliche Rahmenbedingungen f\u00fcr\nBildung, Sport, Kultur und Ehrenamt<o:p><\/o:p><\/span><\/p><p class=\"MsoNoSpacing\"><span style=\"font-size:12.0pt;mso-bidi-font-family:Calibri;\nmso-bidi-theme-font:minor-latin\">&nbsp;<\/span><\/p><h2>Was mir in meinem Wahlkreis besonders wichtig ist:<o:p><\/o:p><\/h2><p class=\"MsoNoSpacing\"><span style=\"font-size:12.0pt;mso-bidi-font-family:Calibri;\nmso-bidi-theme-font:minor-latin\">Rheidt ist mein Zuhause. Mir ist wichtig, dass\nsich der Stadtteil lebenswert weiterentwickelt und Entscheidungen stets auch\naus Sicht der Menschen vor Ort betrachtet werden.<o:p><\/o:p><\/span><\/p><p class=\"MsoNoSpacing\"><span style=\"font-size:12.0pt;mso-bidi-font-family:Calibri;\nmso-bidi-theme-font:minor-latin\">&nbsp;<\/span><\/p><h2>Meine Motivation<o:p><\/o:p><\/h2><p>\n\n\n\n\n\n\n\n\n\n\n\n\n\n\n\n\n\n\n\n\n\n\n\n\n\n\n\n\n\n\n\n\n\n\n\n\n\n\n\n\n\n\n\n\n\n\n\n<\/p><p class=\"MsoNormal\">Kommunalpolitik wirkt\ndirekt vor Ort. Mein Antrieb ist es, in herausfordernden finanziellen Zeiten\nsachlich, verantwortungsvoll und l\u00f6sungsorientiert mitzuwirken, damit\nNiederkassel langfristig wieder mehr Gestaltungsspielraum gewinnt.<o:p><\/o:p><\/p>\t\t\t\t\t\t\t\t<\/div>\n\t\t\t\t<\/div>\n\t\t\t\t<\/div>\n\t\t\t\t\t<\/div>\n\t\t\t\t<\/div>\n\t\t\t\t<\/div>\n\t\t","protected":false},"excerpt":{"rendered":"<p>Marc Pfister Ratsmitglied und Gesch\u00e4ftsf\u00fchrer f\u00fcr die WIN Wahlkreis 130 &#8211; Niederkassel Rheidt Mandat: \u00fcber Reserveliste Im Rat seit: 2025 Ich wurde 1977 in Bonn geboren und lebe inzwischen seit [&hellip;]<\/p>\n","protected":false},"author":1,"featured_media":0,"parent":0,"menu_order":0,"comment_status":"closed","ping_status":"closed","template":"","meta":{"ocean_post_layout":"full-screen","ocean_both_sidebars_style":"","ocean_both_sidebars_content_width":0,"ocean_both_sidebars_sidebars_width":0,"ocean_sidebar":"","ocean_second_sidebar":"","ocean_disable_margins":"enable","ocean_add_body_class":"","ocean_shortcode_before_top_bar":"","ocean_shortcode_after_top_bar":"","ocean_shortcode_before_header":"","ocean_shortcode_after_header":"","ocean_has_shortcode":"","ocean_shortcode_after_title":"","ocean_shortcode_before_footer_widgets":"","ocean_shortcode_after_footer_widgets":"","ocean_shortcode_before_footer_bottom":"","ocean_shortcode_after_footer_bottom":"","ocean_display_top_bar":"off","ocean_display_header":"default","ocean_header_style":"","ocean_center_header_left_menu":"","ocean_custom_header_template":"","ocean_custom_logo":0,"ocean_custom_retina_logo":0,"ocean_custom_logo_max_width":0,"ocean_custom_logo_tablet_max_width":0,"ocean_custom_logo_mobile_max_width":0,"ocean_custom_logo_max_height":0,"ocean_custom_logo_tablet_max_height":0,"ocean_custom_logo_mobile_max_height":0,"ocean_header_custom_menu":"","ocean_menu_typo_font_family":"","ocean_menu_typo_font_subset":"","ocean_menu_typo_font_size":0,"ocean_menu_typo_font_size_tablet":0,"ocean_menu_typo_font_size_mobile":0,"ocean_menu_typo_font_size_unit":"px","ocean_menu_typo_font_weight":"","ocean_menu_typo_font_weight_tablet":"","ocean_menu_typo_font_weight_mobile":"","ocean_menu_typo_transform":"","ocean_menu_typo_transform_tablet":"","ocean_menu_typo_transform_mobile":"","ocean_menu_typo_line_height":0,"ocean_menu_typo_line_height_tablet":0,"ocean_menu_typo_line_height_mobile":0,"ocean_menu_typo_line_height_unit":"","ocean_menu_typo_spacing":0,"ocean_menu_typo_spacing_tablet":0,"ocean_menu_typo_spacing_mobile":0,"ocean_menu_typo_spacing_unit":"","ocean_menu_link_color":"","ocean_menu_link_color_hover":"","ocean_menu_link_color_active":"","ocean_menu_link_background":"","ocean_menu_link_hover_background":"","ocean_menu_link_active_background":"","ocean_menu_social_links_bg":"","ocean_menu_social_hover_links_bg":"","ocean_menu_social_links_color":"","ocean_menu_social_hover_links_color":"","ocean_disable_title":"on","ocean_disable_heading":"default","ocean_post_title":"","ocean_post_subheading":"","ocean_post_title_style":"","ocean_post_title_background_color":"","ocean_post_title_background":0,"ocean_post_title_bg_image_position":"","ocean_post_title_bg_image_attachment":"","ocean_post_title_bg_image_repeat":"","ocean_post_title_bg_image_size":"","ocean_post_title_height":0,"ocean_post_title_bg_overlay":0.5,"ocean_post_title_bg_overlay_color":"","ocean_disable_breadcrumbs":"default","ocean_breadcrumbs_color":"","ocean_breadcrumbs_separator_color":"","ocean_breadcrumbs_links_color":"","ocean_breadcrumbs_links_hover_color":"","ocean_display_footer_widgets":"off","ocean_display_footer_bottom":"default","ocean_custom_footer_template":"","footnotes":""},"categories":[],"tags":[],"class_list":["post-2162","page","type-page","status-publish","hentry","entry"],"_links":{"self":[{"href":"https:\/\/wi-ndk.de\/index.php?rest_route=\/wp\/v2\/pages\/2162","targetHints":{"allow":["GET"]}}],"collection":[{"href":"https:\/\/wi-ndk.de\/index.php?rest_route=\/wp\/v2\/pages"}],"about":[{"href":"https:\/\/wi-ndk.de\/index.php?rest_route=\/wp\/v2\/types\/page"}],"author":[{"embeddable":true,"href":"https:\/\/wi-ndk.de\/index.php?rest_route=\/wp\/v2\/users\/1"}],"replies":[{"embeddable":true,"href":"https:\/\/wi-ndk.de\/index.php?rest_route=%2Fwp%2Fv2%2Fcomments&post=2162"}],"version-history":[{"count":10,"href":"https:\/\/wi-ndk.de\/index.php?rest_route=\/wp\/v2\/pages\/2162\/revisions"}],"predecessor-version":[{"id":2208,"href":"https:\/\/wi-ndk.de\/index.php?rest_route=\/wp\/v2\/pages\/2162\/revisions\/2208"}],"wp:attachment":[{"href":"https:\/\/wi-ndk.de\/index.php?rest_route=%2Fwp%2Fv2%2Fmedia&parent=2162"}],"wp:term":[{"taxonomy":"category","embeddable":true,"href":"https:\/\/wi-ndk.de\/index.php?rest_route=%2Fwp%2Fv2%2Fcategories&post=2162"},{"taxonomy":"post_tag","embeddable":true,"href":"https:\/\/wi-ndk.de\/index.php?rest_route=%2Fwp%2Fv2%2Ftags&post=2162"}],"curies":[{"name":"wp","href":"https:\/\/api.w.org\/{rel}","templated":true}]}}