{"id":2143,"date":"2026-03-09T13:35:06","date_gmt":"2026-03-09T13:35:06","guid":{"rendered":"https:\/\/wi-ndk.de\/?page_id=2143"},"modified":"2026-03-16T13:29:11","modified_gmt":"2026-03-16T13:29:11","slug":"fraktion-wirges","status":"publish","type":"page","link":"https:\/\/wi-ndk.de\/?page_id=2143","title":{"rendered":"Fraktion &#8211; Wirges"},"content":{"rendered":"\t\t<div data-elementor-type=\"wp-page\" data-elementor-id=\"2143\" class=\"elementor elementor-2143\">\n\t\t\t\t<div class=\"elementor-element elementor-element-3c39485 e-flex e-con-boxed e-con e-parent\" data-id=\"3c39485\" data-element_type=\"container\" data-e-type=\"container\">\n\t\t\t\t\t<div class=\"e-con-inner\">\n\t\t<div class=\"elementor-element elementor-element-be481dd e-con-full e-flex e-con e-child\" data-id=\"be481dd\" data-element_type=\"container\" data-e-type=\"container\">\n\t\t\t\t<div class=\"elementor-element elementor-element-61c33a9 elementor-widget elementor-widget-image\" data-id=\"61c33a9\" data-element_type=\"widget\" data-e-type=\"widget\" data-widget_type=\"image.default\">\n\t\t\t\t<div class=\"elementor-widget-container\">\n\t\t\t\t\t\t\t\t\t\t\t\t\t\t\t<img fetchpriority=\"high\" decoding=\"async\" width=\"224\" height=\"300\" src=\"https:\/\/wi-ndk.de\/wp-content\/uploads\/2025\/11\/Win3-9-224x300.jpg\" class=\"attachment-medium size-medium wp-image-2001\" alt=\"\" srcset=\"https:\/\/wi-ndk.de\/wp-content\/uploads\/2025\/11\/Win3-9-224x300.jpg 224w, https:\/\/wi-ndk.de\/wp-content\/uploads\/2025\/11\/Win3-9-765x1024.jpg 765w, https:\/\/wi-ndk.de\/wp-content\/uploads\/2025\/11\/Win3-9-768x1027.jpg 768w, https:\/\/wi-ndk.de\/wp-content\/uploads\/2025\/11\/Win3-9-1148x1536.jpg 1148w, https:\/\/wi-ndk.de\/wp-content\/uploads\/2025\/11\/Win3-9-1531x2048.jpg 1531w, https:\/\/wi-ndk.de\/wp-content\/uploads\/2025\/11\/Win3-9-scaled.jpg 1914w\" sizes=\"(max-width: 224px) 100vw, 224px\" \/>\t\t\t\t\t\t\t\t\t\t\t\t\t\t\t<\/div>\n\t\t\t\t<\/div>\n\t\t\t\t<div class=\"elementor-element elementor-element-89de44b elementor-widget elementor-widget-text-editor\" data-id=\"89de44b\" data-element_type=\"widget\" data-e-type=\"widget\" data-widget_type=\"text-editor.default\">\n\t\t\t\t<div class=\"elementor-widget-container\">\n\t\t\t\t\t\t\t\t\t<h1 style=\"text-align: center;\">Ralf Wirges<\/h1><hr \/><p style=\"text-align: center;\">Ratsmitglied f\u00fcr die WIN<\/p><p style=\"text-align: center;\">Wahlkreis 020 &#8211; Niederkassel L\u00fclsdorf<\/p><p style=\"text-align: center;\">Mandat: Direktmandat<\/p><p style=\"text-align: center;\">Im Rat seit: 2025<\/p>\t\t\t\t\t\t\t\t<\/div>\n\t\t\t\t<\/div>\n\t\t\t\t<\/div>\n\t\t<div class=\"elementor-element elementor-element-d79a481 e-con-full e-flex e-con e-child\" data-id=\"d79a481\" data-element_type=\"container\" data-e-type=\"container\">\n\t\t\t\t<div class=\"elementor-element elementor-element-b66211d elementor-widget elementor-widget-text-editor\" data-id=\"b66211d\" data-element_type=\"widget\" data-e-type=\"widget\" data-widget_type=\"text-editor.default\">\n\t\t\t\t<div class=\"elementor-widget-container\">\n\t\t\t\t\t\t\t\t\t<p class=\"MsoNormal\">Ich bin Jahrgang 1950, verheiratet, Vater einer Tochter und\nGro\u00dfvater zweier Enkelkinder.<o:p><\/o:p><\/p><p class=\"MsoNormal\">Berufsbedingt kam ich 1981 nach Niederkassel-Ranzel und wohne nun\nseit 1992 in L\u00fclsdorf.<o:p><\/o:p><\/p><p class=\"MsoNormal\">Als Ingenieur geh\u00f6rte es zu meinen Aufgaben, unter Einbeziehung\nvon Mensch und<br>\nNatur, Prozesse energetisch und funktional zu optimieren, Ideen und Projekte<br>\nwirtschaftlich zu realisieren und Anlagen entsprechend der Umweltanforderungen\nzu<br>\nplanen, bauen und zu unterhalten.<o:p><\/o:p><\/p><p class=\"MsoNormal\">Als Rentner m\u00f6chte ich nun dieses erlangte Wissen und die\nErfahrungen f\u00fcr<br>\nNiederkassel nutzen.<o:p><\/o:p><\/p><p class=\"MsoNormal\"><o:p>&nbsp;<\/o:p><\/p><h2>Mitglied in folgenden Aussch\u00fcssen:<o:p><\/o:p><\/h2><p class=\"MsoNormal\" style=\"margin-left:18.0pt;text-indent:-18.0pt;mso-list:l1 level1 lfo1;\ntab-stops:list 18.0pt\"><!--[if !supportLists]--><span style=\"font-size:10.0pt;\nmso-bidi-font-size:12.0pt;line-height:115%;font-family:Symbol;mso-fareast-font-family:\nSymbol;mso-bidi-font-family:Symbol\">\u00b7<span style=\"font:7.0pt &quot;Times New Roman&quot;\">&nbsp;&nbsp;&nbsp;&nbsp;&nbsp;&nbsp;&nbsp;&nbsp;\n<\/span><\/span><!--[endif]-->Betriebsausschuss Abwasserwerk<o:p><\/o:p><\/p><p class=\"MsoNormal\" style=\"margin-left:18.0pt;text-indent:-18.0pt;mso-list:l1 level1 lfo1;\ntab-stops:list 18.0pt\"><!--[if !supportLists]--><span style=\"font-size:10.0pt;\nmso-bidi-font-size:12.0pt;line-height:115%;font-family:Symbol;mso-fareast-font-family:\nSymbol;mso-bidi-font-family:Symbol\">\u00b7<span style=\"font:7.0pt &quot;Times New Roman&quot;\">&nbsp;&nbsp;&nbsp;&nbsp;&nbsp;&nbsp;&nbsp;&nbsp;\n<\/span><\/span><!--[endif]-->Betriebsausschuss Stadtwerke<o:p><\/o:p><\/p><p class=\"MsoNormal\"><o:p>&nbsp;<\/o:p><\/p><h2>Warum diese Aussch\u00fcsse?<o:p><\/o:p><\/h2><p class=\"MsoNoSpacing\"><span style=\"font-size:12.0pt;mso-bidi-font-family:Calibri;\nmso-bidi-theme-font:minor-latin\">Durch meine T\u00e4tigkeit in der chemischen\nIndustrie wei\u00df ich, wie empfindlich unsere W\u00e4sser auf Belastungen reagieren.\nMeine Erfahrungen m\u00f6chte ich dazu nutzen, dass unser Rhein nicht unn\u00f6tig\nbelastet wird und unser Trinkwasser auch weiterhin in Niederkassel als gesundes\nLebensmittel uneingeschr\u00e4nkt konsumiert werden kann.<o:p><\/o:p><\/span><\/p><p class=\"MsoNoSpacing\"><span style=\"font-size:12.0pt;mso-bidi-font-family:Calibri;\nmso-bidi-theme-font:minor-latin\">&nbsp;<\/span><\/p><h2>Daf\u00fcr setze ich mich besonders ein:<o:p><\/o:p><\/h2><p class=\"MsoNoSpacing\" style=\"margin-left:18.0pt;text-indent:-18.0pt;mso-list:\nl0 level1 lfo2\"><!--[if !supportLists]--><span style=\"font-size:12.0pt;font-family:\nSymbol;mso-fareast-font-family:Symbol;mso-bidi-font-family:Symbol\">\u00b7<span style=\"font:7.0pt &quot;Times New Roman&quot;\">&nbsp;&nbsp;&nbsp;&nbsp;&nbsp;&nbsp;&nbsp;&nbsp;\n<\/span><\/span><!--[endif]--><span style=\"font-size:12.0pt;mso-bidi-font-family:\nCalibri;mso-bidi-theme-font:minor-latin\">Eine Politik, die die B\u00fcrgerinnen und\nB\u00fcrger ernst nimmt, rechtzeitig informiert und sie, wo immer m\u00f6glich, an\nEntscheidungen teilnehmen l\u00e4sst.<o:p><\/o:p><\/span><\/p><p class=\"MsoNoSpacing\" style=\"margin-left:18.0pt;text-indent:-18.0pt;mso-list:\nl0 level1 lfo2\"><!--[if !supportLists]--><span style=\"font-size:12.0pt;font-family:\nSymbol;mso-fareast-font-family:Symbol;mso-bidi-font-family:Symbol\">\u00b7<span style=\"font:7.0pt &quot;Times New Roman&quot;\">&nbsp;&nbsp;&nbsp;&nbsp;&nbsp;&nbsp;&nbsp;&nbsp;\n<\/span><\/span><!--[endif]--><span style=\"font-size:12.0pt;mso-bidi-font-family:\nCalibri;mso-bidi-theme-font:minor-latin\">Eine Haushaltspolitik, die\nwirtschaftlich und kostenorientiert agiert und jeder Zeit nachvollziehbar ist,\ndamit 2030 die Haushaltssicherung der Vergangenheit angeh\u00f6rt.<o:p><\/o:p><\/span><\/p><p class=\"MsoNoSpacing\" style=\"margin-left:18.0pt;text-indent:-18.0pt;mso-list:\nl0 level1 lfo2\"><!--[if !supportLists]--><span style=\"font-size:12.0pt;font-family:\nSymbol;mso-fareast-font-family:Symbol;mso-bidi-font-family:Symbol\">\u00b7<span style=\"font:7.0pt &quot;Times New Roman&quot;\">&nbsp;&nbsp;&nbsp;&nbsp;&nbsp;&nbsp;&nbsp;&nbsp;\n<\/span><\/span><!--[endif]--><span style=\"font-size:12.0pt;mso-bidi-font-family:\nCalibri;mso-bidi-theme-font:minor-latin\">Eine effiziente und b\u00fcrgerfreundliche\nVerwaltung, um Steuern und Abgaben im Rahmen zu halten.<o:p><\/o:p><\/span><\/p><p class=\"MsoNoSpacing\" style=\"margin-left:18.0pt;text-indent:-18.0pt;mso-list:\nl0 level1 lfo2\"><!--[if !supportLists]--><span style=\"font-size:12.0pt;font-family:\nSymbol;mso-fareast-font-family:Symbol;mso-bidi-font-family:Symbol\">\u00b7<span style=\"font:7.0pt &quot;Times New Roman&quot;\">&nbsp;&nbsp;&nbsp;&nbsp;&nbsp;&nbsp;&nbsp;&nbsp;\n<\/span><\/span><!--[endif]--><span style=\"font-size:12.0pt;mso-bidi-font-family:\nCalibri;mso-bidi-theme-font:minor-latin\">Mehr Sicherheit durch eine gute\nBesetzung von Polizei, Feuerwehr, Rettungsdienst und Ordnungsamt.<o:p><\/o:p><\/span><\/p><p class=\"MsoNoSpacing\" style=\"margin-left:18.0pt;text-indent:-18.0pt;mso-list:\nl0 level1 lfo2\"><!--[if !supportLists]--><span style=\"font-size:12.0pt;font-family:\nSymbol;mso-fareast-font-family:Symbol;mso-bidi-font-family:Symbol\">\u00b7<span style=\"font:7.0pt &quot;Times New Roman&quot;\">&nbsp;&nbsp;&nbsp;&nbsp;&nbsp;&nbsp;&nbsp;&nbsp;\n<\/span><\/span><!--[endif]--><span style=\"font-size:12.0pt;mso-bidi-font-family:\nCalibri;mso-bidi-theme-font:minor-latin\">Schulformen und Kitas, die sich an den\nBedarf, Bed\u00fcrfnissen unserer Kinder und den Anspr\u00fcchen unserer Zeit\norientieren.<o:p><\/o:p><\/span><\/p><p class=\"MsoNoSpacing\" style=\"margin-left:18.0pt;text-indent:-18.0pt;mso-list:\nl0 level1 lfo2\"><!--[if !supportLists]--><span style=\"font-size:12.0pt;font-family:\nSymbol;mso-fareast-font-family:Symbol;mso-bidi-font-family:Symbol\">\u00b7<span style=\"font:7.0pt &quot;Times New Roman&quot;\">&nbsp;&nbsp;&nbsp;&nbsp;&nbsp;&nbsp;&nbsp;&nbsp;\n<\/span><\/span><!--[endif]--><span style=\"font-size:12.0pt;mso-bidi-font-family:\nCalibri;mso-bidi-theme-font:minor-latin\">Durchdachte Stra\u00dfenplanung, die die\nInteressen der Fu\u00dfg\u00e4nger, Rad- und Autofahrer gleicherma\u00dfen ber\u00fccksichtigt.<o:p><\/o:p><\/span><\/p><p class=\"MsoNoSpacing\" style=\"margin-left:18.0pt;text-indent:-18.0pt;mso-list:\nl0 level1 lfo2\"><!--[if !supportLists]--><span style=\"font-size:12.0pt;font-family:\nSymbol;mso-fareast-font-family:Symbol;mso-bidi-font-family:Symbol\">\u00b7<span style=\"font:7.0pt &quot;Times New Roman&quot;\">&nbsp;&nbsp;&nbsp;&nbsp;&nbsp;&nbsp;&nbsp;&nbsp;\n<\/span><\/span><!--[endif]--><span style=\"font-size:12.0pt;mso-bidi-font-family:\nCalibri;mso-bidi-theme-font:minor-latin\">Attraktive Freizeitangebote f\u00fcr\nFamilien, Jugendliche und \u00e4ltere Einwohner, sowie bedarfsorientierte Wohn-,\nEinkaufs- und Lebensr\u00e4ume.<o:p><\/o:p><\/span><\/p><p class=\"MsoNoSpacing\" style=\"margin-left:18.0pt;text-indent:-18.0pt;mso-list:\nl0 level1 lfo2\"><!--[if !supportLists]--><span style=\"font-size:12.0pt;font-family:\nSymbol;mso-fareast-font-family:Symbol;mso-bidi-font-family:Symbol\">\u00b7<span style=\"font:7.0pt &quot;Times New Roman&quot;\">&nbsp;&nbsp;&nbsp;&nbsp;&nbsp;&nbsp;&nbsp;&nbsp;\n<\/span><\/span><!--[endif]--><span style=\"font-size:12.0pt;mso-bidi-font-family:\nCalibri;mso-bidi-theme-font:minor-latin\">Eine Integrationspolitik, die allen\nSeiten R\u00fccksicht, Verst\u00e4ndnis und Toleranz abverlangt, damit wir alle sagen\nk\u00f6nnen: \u201eIn Niederkassel f\u00fchle ich mich wohl, hier ist mein zu Hause\u201c.<o:p><\/o:p><\/span><\/p><p class=\"MsoNoSpacing\" style=\"margin-left:18.0pt;text-indent:-18.0pt;mso-list:\nl0 level1 lfo2\"><!--[if !supportLists]--><span style=\"font-size:12.0pt;font-family:\nSymbol;mso-fareast-font-family:Symbol;mso-bidi-font-family:Symbol\">\u00b7<span style=\"font:7.0pt &quot;Times New Roman&quot;\">&nbsp;&nbsp;&nbsp;&nbsp;&nbsp;&nbsp;&nbsp;&nbsp;\n<\/span><\/span><!--[endif]--><span style=\"font-size:12.0pt;mso-bidi-font-family:\nCalibri;mso-bidi-theme-font:minor-latin\">F\u00f6rderung des ans\u00e4ssigen Handels,\nHandwerks und Gewerbes in den einzelnen Ortszentren und Ansiedlung von\nIndustrie au\u00dferorts.<o:p><\/o:p><\/span><\/p><p class=\"MsoNoSpacing\"><span style=\"font-size:12.0pt;mso-bidi-font-family:Calibri;\nmso-bidi-theme-font:minor-latin\">&nbsp;<\/span><\/p><h2>Was mir in meinem Wahlkreis besonders wichtig ist:<o:p><\/o:p><\/h2><p class=\"MsoNoSpacing\"><span style=\"font-size:12.0pt;mso-bidi-font-family:Calibri;\nmso-bidi-theme-font:minor-latin\">Als ehemaliger Ingenieur der Evonik und\nBewohner von L\u00fclsdorf liegt mir nat\u00fcrlich besonders der Erhalt und Ausbau des\nChemieparks L\u00fclsdorf GmbH am Herzen. Es hei\u00dft, dass jeder Arbeitsplatz in der\nIndustrie weitere drei Arbeitspl\u00e4tze an Zulieferern schafft. Somit w\u00e4ren\nAusbildungs- und Arbeitspl\u00e4tze f\u00fcr unsere Kinder und Enkel auch f\u00fcr die Zukunft\ngesichert.<o:p><\/o:p><\/span><\/p><p class=\"MsoNoSpacing\"><span style=\"font-size:12.0pt;mso-bidi-font-family:Calibri;\nmso-bidi-theme-font:minor-latin\">Wie jeder Niederkasseler bef\u00fcrworte auch ich\nden Anschluss an die Stra\u00dfenbahn Linie 7. Als L\u00fclsdorfer Anwohner und\nNaturfreund w\u00fcrde ich mir aber eine andere Streckenf\u00fchrung w\u00fcnschen, damit das\nmittlerweile gewachsene Biotop nicht zerst\u00f6rt wird bzw. einen Bau, der Mensch\nund Tier gerecht wird, damit der derzeitige Lebensraum auch weiterhin\nlebenswert bleibt.<o:p><\/o:p><\/span><\/p><p class=\"MsoNoSpacing\"><span style=\"font-size:12.0pt;mso-bidi-font-family:Calibri;\nmso-bidi-theme-font:minor-latin\">&nbsp;<\/span><\/p><h2>Meine Motivation<o:p><\/o:p><\/h2><p class=\"MsoNoSpacing\"><span style=\"font-size:12.0pt;mso-bidi-font-family:Calibri;\nmso-bidi-theme-font:minor-latin\">Wahrscheinlich wurde ich gew\u00e4hlt, damit all\ndiese Vors\u00e4tze auch umgesetzt werden. Leider kann und will ich auch nichts\nversprechen, aber seien Sie versichert, dass meine Kollegen und ich alles\ndaransetzen werden, damit es nicht nur bei sch\u00f6nen Worten bleibt, sondern\nendlich Taten folgen.<o:p><\/o:p><\/span><\/p><p>\n\n\n\n\n\n\n\n\n\n\n\n\n\n\n\n\n\n\n\n\n\n\n\n\n\n\n\n\n\n\n\n\n\n\n\n\n\n\n\n\n\n\n\n\n\n\n\n\n\n\n\n\n\n\n\n\n\n<\/p><p class=\"MsoNormal\"><o:p>&nbsp;<\/o:p><\/p>\t\t\t\t\t\t\t\t<\/div>\n\t\t\t\t<\/div>\n\t\t\t\t<\/div>\n\t\t\t\t\t<\/div>\n\t\t\t\t<\/div>\n\t\t\t\t<\/div>\n\t\t","protected":false},"excerpt":{"rendered":"<p>Ralf Wirges Ratsmitglied f\u00fcr die WIN Wahlkreis 020 &#8211; Niederkassel L\u00fclsdorf Mandat: Direktmandat Im Rat seit: 2025 Ich bin Jahrgang 1950, verheiratet, Vater einer Tochter und Gro\u00dfvater zweier Enkelkinder. Berufsbedingt [&hellip;]<\/p>\n","protected":false},"author":1,"featured_media":0,"parent":0,"menu_order":0,"comment_status":"closed","ping_status":"closed","template":"","meta":{"ocean_post_layout":"full-screen","ocean_both_sidebars_style":"","ocean_both_sidebars_content_width":0,"ocean_both_sidebars_sidebars_width":0,"ocean_sidebar":"","ocean_second_sidebar":"","ocean_disable_margins":"enable","ocean_add_body_class":"","ocean_shortcode_before_top_bar":"","ocean_shortcode_after_top_bar":"","ocean_shortcode_before_header":"","ocean_shortcode_after_header":"","ocean_has_shortcode":"","ocean_shortcode_after_title":"","ocean_shortcode_before_footer_widgets":"","ocean_shortcode_after_footer_widgets":"","ocean_shortcode_before_footer_bottom":"","ocean_shortcode_after_footer_bottom":"","ocean_display_top_bar":"off","ocean_display_header":"default","ocean_header_style":"","ocean_center_header_left_menu":"","ocean_custom_header_template":"","ocean_custom_logo":0,"ocean_custom_retina_logo":0,"ocean_custom_logo_max_width":0,"ocean_custom_logo_tablet_max_width":0,"ocean_custom_logo_mobile_max_width":0,"ocean_custom_logo_max_height":0,"ocean_custom_logo_tablet_max_height":0,"ocean_custom_logo_mobile_max_height":0,"ocean_header_custom_menu":"","ocean_menu_typo_font_family":"","ocean_menu_typo_font_subset":"","ocean_menu_typo_font_size":0,"ocean_menu_typo_font_size_tablet":0,"ocean_menu_typo_font_size_mobile":0,"ocean_menu_typo_font_size_unit":"px","ocean_menu_typo_font_weight":"","ocean_menu_typo_font_weight_tablet":"","ocean_menu_typo_font_weight_mobile":"","ocean_menu_typo_transform":"","ocean_menu_typo_transform_tablet":"","ocean_menu_typo_transform_mobile":"","ocean_menu_typo_line_height":0,"ocean_menu_typo_line_height_tablet":0,"ocean_menu_typo_line_height_mobile":0,"ocean_menu_typo_line_height_unit":"","ocean_menu_typo_spacing":0,"ocean_menu_typo_spacing_tablet":0,"ocean_menu_typo_spacing_mobile":0,"ocean_menu_typo_spacing_unit":"","ocean_menu_link_color":"","ocean_menu_link_color_hover":"","ocean_menu_link_color_active":"","ocean_menu_link_background":"","ocean_menu_link_hover_background":"","ocean_menu_link_active_background":"","ocean_menu_social_links_bg":"","ocean_menu_social_hover_links_bg":"","ocean_menu_social_links_color":"","ocean_menu_social_hover_links_color":"","ocean_disable_title":"on","ocean_disable_heading":"default","ocean_post_title":"","ocean_post_subheading":"","ocean_post_title_style":"","ocean_post_title_background_color":"","ocean_post_title_background":0,"ocean_post_title_bg_image_position":"","ocean_post_title_bg_image_attachment":"","ocean_post_title_bg_image_repeat":"","ocean_post_title_bg_image_size":"","ocean_post_title_height":0,"ocean_post_title_bg_overlay":0.5,"ocean_post_title_bg_overlay_color":"","ocean_disable_breadcrumbs":"default","ocean_breadcrumbs_color":"","ocean_breadcrumbs_separator_color":"","ocean_breadcrumbs_links_color":"","ocean_breadcrumbs_links_hover_color":"","ocean_display_footer_widgets":"off","ocean_display_footer_bottom":"default","ocean_custom_footer_template":"","footnotes":""},"categories":[],"tags":[],"class_list":["post-2143","page","type-page","status-publish","hentry","entry"],"_links":{"self":[{"href":"https:\/\/wi-ndk.de\/index.php?rest_route=\/wp\/v2\/pages\/2143","targetHints":{"allow":["GET"]}}],"collection":[{"href":"https:\/\/wi-ndk.de\/index.php?rest_route=\/wp\/v2\/pages"}],"about":[{"href":"https:\/\/wi-ndk.de\/index.php?rest_route=\/wp\/v2\/types\/page"}],"author":[{"embeddable":true,"href":"https:\/\/wi-ndk.de\/index.php?rest_route=\/wp\/v2\/users\/1"}],"replies":[{"embeddable":true,"href":"https:\/\/wi-ndk.de\/index.php?rest_route=%2Fwp%2Fv2%2Fcomments&post=2143"}],"version-history":[{"count":16,"href":"https:\/\/wi-ndk.de\/index.php?rest_route=\/wp\/v2\/pages\/2143\/revisions"}],"predecessor-version":[{"id":2205,"href":"https:\/\/wi-ndk.de\/index.php?rest_route=\/wp\/v2\/pages\/2143\/revisions\/2205"}],"wp:attachment":[{"href":"https:\/\/wi-ndk.de\/index.php?rest_route=%2Fwp%2Fv2%2Fmedia&parent=2143"}],"wp:term":[{"taxonomy":"category","embeddable":true,"href":"https:\/\/wi-ndk.de\/index.php?rest_route=%2Fwp%2Fv2%2Fcategories&post=2143"},{"taxonomy":"post_tag","embeddable":true,"href":"https:\/\/wi-ndk.de\/index.php?rest_route=%2Fwp%2Fv2%2Ftags&post=2143"}],"curies":[{"name":"wp","href":"https:\/\/api.w.org\/{rel}","templated":true}]}}