{"id":2124,"date":"2026-03-09T12:41:08","date_gmt":"2026-03-09T12:41:08","guid":{"rendered":"https:\/\/wi-ndk.de\/?page_id=2124"},"modified":"2026-03-16T13:20:27","modified_gmt":"2026-03-16T13:20:27","slug":"fraktion-hopp","status":"publish","type":"page","link":"https:\/\/wi-ndk.de\/?page_id=2124","title":{"rendered":"Fraktion-Hopp"},"content":{"rendered":"\t\t<div data-elementor-type=\"wp-page\" data-elementor-id=\"2124\" class=\"elementor elementor-2124\">\n\t\t\t\t<div class=\"elementor-element elementor-element-e23a7f9 e-flex e-con-boxed e-con e-parent\" data-id=\"e23a7f9\" data-element_type=\"container\" data-e-type=\"container\">\n\t\t\t\t\t<div class=\"e-con-inner\">\n\t\t<div class=\"elementor-element elementor-element-a0c8857 e-con-full e-flex e-con e-child\" data-id=\"a0c8857\" data-element_type=\"container\" data-e-type=\"container\">\n\t\t\t\t<div class=\"elementor-element elementor-element-c48cb7b elementor-widget elementor-widget-image\" data-id=\"c48cb7b\" data-element_type=\"widget\" data-e-type=\"widget\" data-widget_type=\"image.default\">\n\t\t\t\t<div class=\"elementor-widget-container\">\n\t\t\t\t\t\t\t\t\t\t\t\t\t\t\t<img fetchpriority=\"high\" decoding=\"async\" width=\"225\" height=\"300\" src=\"https:\/\/wi-ndk.de\/wp-content\/uploads\/2025\/10\/Win9-9-225x300.jpg\" class=\"attachment-medium size-medium wp-image-1973\" alt=\"\" srcset=\"https:\/\/wi-ndk.de\/wp-content\/uploads\/2025\/10\/Win9-9-225x300.jpg 225w, https:\/\/wi-ndk.de\/wp-content\/uploads\/2025\/10\/Win9-9-768x1024.jpg 768w, https:\/\/wi-ndk.de\/wp-content\/uploads\/2025\/10\/Win9-9-1152x1536.jpg 1152w, https:\/\/wi-ndk.de\/wp-content\/uploads\/2025\/10\/Win9-9-1536x2048.jpg 1536w, https:\/\/wi-ndk.de\/wp-content\/uploads\/2025\/10\/Win9-9-scaled.jpg 1920w\" sizes=\"(max-width: 225px) 100vw, 225px\" \/>\t\t\t\t\t\t\t\t\t\t\t\t\t\t\t<\/div>\n\t\t\t\t<\/div>\n\t\t\t\t<div class=\"elementor-element elementor-element-078b484 elementor-widget elementor-widget-text-editor\" data-id=\"078b484\" data-element_type=\"widget\" data-e-type=\"widget\" data-widget_type=\"text-editor.default\">\n\t\t\t\t<div class=\"elementor-widget-container\">\n\t\t\t\t\t\t\t\t\t<h1 style=\"text-align: center;\">Andreas Hopp<\/h1><hr \/><p style=\"text-align: center;\">Ratsmitglied und Fraktionsvorsitzender f\u00fcr die WIN<\/p><p style=\"text-align: center;\">Wahlkreis 100 &#8211; Niederkassel (101) und Uckendorf\/Stockem (102)<\/p><p style=\"text-align: center;\">Mandat: Direktmandat<\/p><p style=\"text-align: center;\">Im Rat seit: 2025<\/p>\t\t\t\t\t\t\t\t<\/div>\n\t\t\t\t<\/div>\n\t\t\t\t<\/div>\n\t\t<div class=\"elementor-element elementor-element-781c67b e-con-full e-flex e-con e-child\" data-id=\"781c67b\" data-element_type=\"container\" data-e-type=\"container\">\n\t\t\t\t<div class=\"elementor-element elementor-element-c5d0d7b elementor-widget elementor-widget-text-editor\" data-id=\"c5d0d7b\" data-element_type=\"widget\" data-e-type=\"widget\" data-widget_type=\"text-editor.default\">\n\t\t\t\t<div class=\"elementor-widget-container\">\n\t\t\t\t\t\t\t\t\t<p class=\"MsoNormal\">Ich bin 40 Jahre alt, Diplom-Kaufmann und lebe seit meiner\nGeburt in Uckendorf. Hier bin ich aufgewachsen, hier ist meine Heimat. Ich bin\nverheiratet und Vater einer kleinen Tochter.<o:p><\/o:p><\/p><p class=\"MsoNormal\">Beruflich bringe ich durch meine kaufm\u00e4nnische Ausbildung\nund mein Studium der Betriebswirtschaftslehre ein ausgepr\u00e4gtes Verst\u00e4ndnis f\u00fcr\nwirtschaftliche Zusammenh\u00e4nge und verantwortungsvolle Entscheidungen mit.<o:p><\/o:p><\/p><p class=\"MsoNormal\">Auch im gesellschaftlichen Leben unserer Stadt bin ich\naktiv: Ich engagiere mich in verschiedenen Vereinen und sch\u00e4tze besonders das\nlebendige Miteinander, das unsere Ortsteile auszeichnet. Vereinsleben,\nBrauchtum und Tradition sind f\u00fcr mich wichtige Bestandteile einer starken\nGemeinschaft.<o:p><\/o:p><\/p><p class=\"MsoNormal\">Niederkassel liegt mir pers\u00f6nlich sehr am Herzen \u2013 deshalb\nm\u00f6chte ich mich daf\u00fcr einsetzen, dass unsere Stadt auch in Zukunft lebenswert,\nwirtschaftlich solide und gut aufgestellt bleibt.<o:p><\/o:p><\/p><p class=\"MsoNormal\"><o:p>&nbsp;<\/o:p><\/p><h2>Mitglied in folgenden Aussch\u00fcssen:<o:p><\/o:p><\/h2><ul style=\"margin-top:0cm\" type=\"disc\">\n <li class=\"MsoNormal\">Ausschuss\n     f\u00fcr Stadtentwicklung, Planung und Umwelt (Sprecher)<o:p><\/o:p><\/li>\n <li class=\"MsoNormal\">Haupt-,\n     Finanz- und Beschwerdeausschuss<o:p><\/o:p><\/li>\n <li class=\"MsoNormal\">Umlegungsausschuss\n     (Sprecher)<o:p><\/o:p><\/li>\n <li class=\"MsoNormal\">Wahlausschuss\n     (Sprecher)<o:p><\/o:p><\/li>\n <li class=\"MsoNormal\">Wahlpr\u00fcfungsausschuss<o:p><\/o:p><\/li>\n <li class=\"MsoNormal\">Rechnungspr\u00fcfungsausschuss\n     (Vertreter)<o:p><\/o:p><\/li>\n<\/ul><p class=\"MsoNormal\"><o:p>&nbsp;<\/o:p><\/p><h2>Warum diese Aussch\u00fcsse?<o:p><\/o:p><\/h2><p class=\"MsoNormal\">Ich engagiere mich in mehreren Aussch\u00fcssen des Stadtrats,\nweil dort viele wichtige Entscheidungen vorbereitet werden, die unsere Stadt\nlangfristig pr\u00e4gen. Dazu geh\u00f6ren der Ausschuss f\u00fcr Stadtentwicklung, Planung\nund Umwelt, der Haupt-, Finanz- und Beschwerdeausschuss, der\nUmlegungsausschuss, der Wahlausschuss, der Wahlpr\u00fcfungsausschuss sowie der\nRechnungspr\u00fcfungsausschuss.<o:p><\/o:p><\/p><p class=\"MsoNormal\">Beruflich habe ich eine kaufm\u00e4nnische Ausbildung absolviert\nund anschlie\u00dfend Betriebswirtschaftslehre studiert\n(Diplom-Kaufmann\/Diplom-Betriebswirt). In meiner beruflichen Laufbahn habe ich\n\u00fcberwiegend in F\u00fchrungs- und Managementfunktionen gearbeitet und war dabei\nregelm\u00e4\u00dfig f\u00fcr kaufm\u00e4nnische und wirtschaftliche Entscheidungen verantwortlich.<o:p><\/o:p><\/p><p class=\"MsoNormal\">Gerade bei Themen rund um Finanzen, wirtschaftliche\nZusammenh\u00e4nge und verantwortungsvollen Umgang mit \u00f6ffentlichen Mitteln kann ich\nmeine Erfahrung gut einbringen. Das sind Bereiche, die \u00fcber viele Jahre mein\nberuflicher Alltag waren. Ich bin es gewohnt, wirtschaftlich zu denken,\nZusammenh\u00e4nge zu analysieren und Entscheidungen sorgf\u00e4ltig abzuw\u00e4gen. Diese\nErfahrung nutze ich, um mich sachlich und verantwortungsvoll f\u00fcr Niederkassel\neinzusetzen.<o:p><\/o:p><\/p><p class=\"MsoNormal\"><o:p>&nbsp;<\/o:p><\/p><h2>Daf\u00fcr setze ich mich besonders ein:<o:p><\/o:p><\/h2><ul style=\"margin-top:0cm\" type=\"disc\">\n <li class=\"MsoNormal\"><b>Mehr\n     Transparenz in der Kommunalpolitik<\/b><br>\n     Entscheidungen nachvollziehbar machen und offen kommunizieren.<o:p><\/o:p><\/li>\n <li class=\"MsoNormal\"><b>Solide\n     Stadtfinanzen und wirtschaftliche Entwicklung<\/b><br>\n     Verantwortungsvolle Haushaltsf\u00fchrung und neue Gewerbefl\u00e4chen, um\n     langfristig stabile Einnahmen f\u00fcr unsere Stadt zu sichern.<o:p><\/o:p><\/li>\n <li class=\"MsoNormal\"><b>Weniger\n     B\u00fcrokratie, mehr Digitalisierung<\/b><br>\n     Eine moderne Verwaltung, die B\u00fcrgern und Unternehmen das Leben\n     erleichtert.<o:p><\/o:p><\/li>\n <li class=\"MsoNormal\"><b>Lebendige\n     Ortsteile erhalten<\/b><br>\n     Vereine, Brauchtum und Veranstaltungen unterst\u00fctzen, die unsere\n     Gemeinschaft st\u00e4rken.<o:p><\/o:p><\/li>\n <li class=\"MsoNormal\"><b>Familienfreundliches\n     Niederkassel<\/b><br>\n     Gute Kitas, starke Schulen und ein sicheres Umfeld f\u00fcr Kinder und\n     Familien.<o:p><\/o:p><\/li>\n<\/ul><p class=\"MsoNormal\">&nbsp;<o:p><\/o:p><\/p><h2>Was mir in meinem Wahlkreis besonders wichtig ist:<o:p><\/o:p><\/h2><p class=\"MsoNormal\">Mein Wahlkreis umfasst Niederkassel sowie Uckendorf und\nStockem. Mir ist wichtig, dass wir weg vom reinen \u201eDorfdenken\u201c kommen und\nNiederkassel st\u00e4rker als gemeinsame Stadt begreifen. Gleichzeitig sollen unsere\neinzelnen Ortsteile ihre Identit\u00e4t, ihr lebendiges Dorfleben und ihre\nTraditionen bewahren k\u00f6nnen.<o:p><\/o:p><\/p><p class=\"MsoNormal\">Vereine, Brauchtum und lokale Veranstaltungen machen unsere\nOrte lebenswert und bringen Menschen zusammen. Dieses Engagement verdient\nUnterst\u00fctzung \u2013 keine unn\u00f6tigen H\u00fcrden oder B\u00fcrokratie. Ich setze mich daf\u00fcr\nein, dass solche Aktivit\u00e4ten m\u00f6glich bleiben und das Miteinander in unseren\nOrtsteilen st\u00e4rken.<o:p><\/o:p><\/p><p class=\"MsoNormal\">All das ist jedoch nur m\u00f6glich, wenn unsere Stadt\nwirtschaftlich solide aufgestellt ist. Deshalb ist mir ein verantwortungsvoller\nUmgang mit den Finanzen besonders wichtig. Ausgaben m\u00fcssen kritisch gepr\u00fcft\nwerden, gleichzeitig m\u00fcssen wir neue Einnahmem\u00f6glichkeiten schaffen. Dazu\ngeh\u00f6rt vor allem der Ausbau von Gewerbegebieten, damit sich neue Unternehmen\nansiedeln k\u00f6nnen und unsere Stadt langfristig finanziell stabil bleibt.<o:p><\/o:p><\/p><p class=\"MsoNormal\">Mein Ziel ist es, f\u00fcr jeden Ortsteil das Beste zu erreichen\n\u2013 und dabei immer das gro\u00dfe Ganze f\u00fcr Niederkassel im Blick zu behalten.<o:p><\/o:p><\/p><p class=\"MsoNormal\"><o:p>&nbsp;<\/o:p><\/p><h2>Meine Motivation<o:p><\/o:p><\/h2><p class=\"MsoNormal\">Meine Motivation, zur Kommunalwahl 2025 anzutreten, entstand\naus der Entwicklung unserer Stadt in den vergangenen Jahren. Niederkassel steht\nheute finanziell unter erheblichem Druck und befindet sich im\nHaushaltssicherungskonzept. Gleichzeitig sehen wir einen massiven\nInvestitionsstau bei Schulen, \u00f6ffentlichen Geb\u00e4uden und der st\u00e4dtischen\nInfrastruktur.<o:p><\/o:p><\/p><p class=\"MsoNormal\">Viele dieser Probleme sind nicht \u00fcber Nacht entstanden. \u00dcber\nJahre hinweg wurden notwendige Investitionen aufgeschoben, obwohl gerade in\nZeiten historisch niedriger Zinsen die M\u00f6glichkeit bestanden h\u00e4tte, wichtige\nInfrastrukturprojekte anzusto\u00dfen und unsere Stadt zukunftsfest aufzustellen.\nHeute sehen wir die Folgen: Sanierungsbedarfe an vielen Stellen gleichzeitig,\nfehlende finanzielle Spielr\u00e4ume und improvisierte L\u00f6sungen wie Container f\u00fcr\nSchulen oder andere \u00dcbergangsl\u00f6sungen.<o:p><\/o:p><\/p><p class=\"MsoNormal\">Auch bei der Planung wurden in der Vergangenheit Fehler\ngemacht. Projekte wurden vorbereitet und Gelder eingesetzt, ohne dass die\ngeplanten Einrichtungen am Ende realisiert wurden. Gleichzeitig fehlten oft\nbelastbare Zahlen und eine vorausschauende Planung \u2013 etwa bei der Entwicklung\nvon Kita-Pl\u00e4tzen oder der Einsch\u00e4tzung zuk\u00fcnftiger Bedarfe.<o:p><\/o:p><\/p><p class=\"MsoNormal\">Mein Eindruck war, dass im Rat \u00fcber viele Jahre zu wenig\nkritisch hinterfragt wurde. Entscheidungen wurden h\u00e4ufig einstimmig getroffen,\nohne die langfristigen Folgen ausreichend zu beleuchten. Eine lebendige\nDemokratie braucht jedoch Diskussion, Kontrolle und unterschiedliche\nPerspektiven.<o:p><\/o:p><\/p><p class=\"MsoNormal\">Genau deshalb bin ich f\u00fcr die&nbsp;<b>W\u00e4hler-Initiative-Niederkassel\n(WIN)<\/b>&nbsp;zur Kommunalwahl 2025 angetreten. Ich bin \u00fcberzeugt, dass unsere\nStadt eine Politik braucht, die genauer hinschaut, transparenter arbeitet und\nwirtschaftlich verantwortungsvoll entscheidet.<o:p><\/o:p><\/p><p class=\"MsoNormal\"><b>Niederkassel braucht eine Politik, die hinschaut,\nhinterfragt und Verantwortung \u00fcbernimmt. Genau daf\u00fcr stehe ich: f\u00fcr\nTransparenz, wirtschaftliche Vernunft und Entscheidungen, die unsere Stadt\nlangfristig st\u00e4rken.<o:p><\/o:p><\/b><\/p><p class=\"MsoNormal\"><o:p>&nbsp;<\/o:p><\/p><h2>Wahlausgang<o:p><\/o:p><\/h2><p class=\"MsoNormal\">Auch das Ergebnis der Kommunalwahl 2025 hat gezeigt, dass\nviele B\u00fcrgerinnen und B\u00fcrger in Niederkassel eine neue, sachorientierte Politik\nunterst\u00fctzen. Die&nbsp;<b>W\u00e4hler-Initiative-Niederkassel (WIN)<\/b>&nbsp;ist\nerstmals zur Ratswahl angetreten und konnte auf Anhieb&nbsp;<b>19,77 % der\nStimmen<\/b>&nbsp;erreichen und damit direkt eine starke Rolle im Stadtrat\neinnehmen.<o:p><\/o:p><\/p><p>\n\n\n\n\n\n\n\n\n\n\n\n\n\n\n\n\n\n\n\n\n\n\n\n\n\n\n\n\n\n\n\n\n\n\n\n\n\n\n\n\n\n\n\n\n\n\n\n\n\n\n\n\n\n\n\n\n\n\n\n\n\n\n\n<\/p><p class=\"MsoNormal\">\u00dcber das Vertrauen der W\u00e4hlerinnen und W\u00e4hler in meinem\nWahlkreis habe ich mich ganz besonders gefreut. Dass ich im ersten Anlauf\ndas&nbsp;<b>Direktmandat gewinnen konnte<\/b>, ist f\u00fcr mich eine gro\u00dfe Ehre und\nzugleich eine Verpflichtung. Das Vertrauen, das mir die B\u00fcrgerinnen und B\u00fcrger\nentgegengebracht haben, motiviert mich, mich weiterhin mit vollem Einsatz f\u00fcr\nihre Anliegen und f\u00fcr die positive Entwicklung unserer Stadt einzusetzen.<o:p><\/o:p><\/p>\t\t\t\t\t\t\t\t<\/div>\n\t\t\t\t<\/div>\n\t\t\t\t<\/div>\n\t\t\t\t\t<\/div>\n\t\t\t\t<\/div>\n\t\t\t\t<\/div>\n\t\t","protected":false},"excerpt":{"rendered":"<p>Andreas Hopp Ratsmitglied und Fraktionsvorsitzender f\u00fcr die WIN Wahlkreis 100 &#8211; Niederkassel (101) und Uckendorf\/Stockem (102) Mandat: Direktmandat Im Rat seit: 2025 Ich bin 40 Jahre alt, Diplom-Kaufmann und lebe [&hellip;]<\/p>\n","protected":false},"author":1,"featured_media":0,"parent":0,"menu_order":0,"comment_status":"closed","ping_status":"closed","template":"","meta":{"ocean_post_layout":"full-screen","ocean_both_sidebars_style":"","ocean_both_sidebars_content_width":0,"ocean_both_sidebars_sidebars_width":0,"ocean_sidebar":"","ocean_second_sidebar":"","ocean_disable_margins":"enable","ocean_add_body_class":"","ocean_shortcode_before_top_bar":"","ocean_shortcode_after_top_bar":"","ocean_shortcode_before_header":"","ocean_shortcode_after_header":"","ocean_has_shortcode":"","ocean_shortcode_after_title":"","ocean_shortcode_before_footer_widgets":"","ocean_shortcode_after_footer_widgets":"","ocean_shortcode_before_footer_bottom":"","ocean_shortcode_after_footer_bottom":"","ocean_display_top_bar":"off","ocean_display_header":"default","ocean_header_style":"","ocean_center_header_left_menu":"","ocean_custom_header_template":"","ocean_custom_logo":0,"ocean_custom_retina_logo":0,"ocean_custom_logo_max_width":0,"ocean_custom_logo_tablet_max_width":0,"ocean_custom_logo_mobile_max_width":0,"ocean_custom_logo_max_height":0,"ocean_custom_logo_tablet_max_height":0,"ocean_custom_logo_mobile_max_height":0,"ocean_header_custom_menu":"","ocean_menu_typo_font_family":"","ocean_menu_typo_font_subset":"","ocean_menu_typo_font_size":0,"ocean_menu_typo_font_size_tablet":0,"ocean_menu_typo_font_size_mobile":0,"ocean_menu_typo_font_size_unit":"px","ocean_menu_typo_font_weight":"","ocean_menu_typo_font_weight_tablet":"","ocean_menu_typo_font_weight_mobile":"","ocean_menu_typo_transform":"","ocean_menu_typo_transform_tablet":"","ocean_menu_typo_transform_mobile":"","ocean_menu_typo_line_height":0,"ocean_menu_typo_line_height_tablet":0,"ocean_menu_typo_line_height_mobile":0,"ocean_menu_typo_line_height_unit":"","ocean_menu_typo_spacing":0,"ocean_menu_typo_spacing_tablet":0,"ocean_menu_typo_spacing_mobile":0,"ocean_menu_typo_spacing_unit":"","ocean_menu_link_color":"","ocean_menu_link_color_hover":"","ocean_menu_link_color_active":"","ocean_menu_link_background":"","ocean_menu_link_hover_background":"","ocean_menu_link_active_background":"","ocean_menu_social_links_bg":"","ocean_menu_social_hover_links_bg":"","ocean_menu_social_links_color":"","ocean_menu_social_hover_links_color":"","ocean_disable_title":"on","ocean_disable_heading":"default","ocean_post_title":"","ocean_post_subheading":"","ocean_post_title_style":"","ocean_post_title_background_color":"","ocean_post_title_background":0,"ocean_post_title_bg_image_position":"","ocean_post_title_bg_image_attachment":"","ocean_post_title_bg_image_repeat":"","ocean_post_title_bg_image_size":"","ocean_post_title_height":0,"ocean_post_title_bg_overlay":0.5,"ocean_post_title_bg_overlay_color":"","ocean_disable_breadcrumbs":"default","ocean_breadcrumbs_color":"","ocean_breadcrumbs_separator_color":"","ocean_breadcrumbs_links_color":"","ocean_breadcrumbs_links_hover_color":"","ocean_display_footer_widgets":"off","ocean_display_footer_bottom":"default","ocean_custom_footer_template":"","footnotes":""},"categories":[],"tags":[],"class_list":["post-2124","page","type-page","status-publish","hentry","entry"],"_links":{"self":[{"href":"https:\/\/wi-ndk.de\/index.php?rest_route=\/wp\/v2\/pages\/2124","targetHints":{"allow":["GET"]}}],"collection":[{"href":"https:\/\/wi-ndk.de\/index.php?rest_route=\/wp\/v2\/pages"}],"about":[{"href":"https:\/\/wi-ndk.de\/index.php?rest_route=\/wp\/v2\/types\/page"}],"author":[{"embeddable":true,"href":"https:\/\/wi-ndk.de\/index.php?rest_route=\/wp\/v2\/users\/1"}],"replies":[{"embeddable":true,"href":"https:\/\/wi-ndk.de\/index.php?rest_route=%2Fwp%2Fv2%2Fcomments&post=2124"}],"version-history":[{"count":13,"href":"https:\/\/wi-ndk.de\/index.php?rest_route=\/wp\/v2\/pages\/2124\/revisions"}],"predecessor-version":[{"id":2192,"href":"https:\/\/wi-ndk.de\/index.php?rest_route=\/wp\/v2\/pages\/2124\/revisions\/2192"}],"wp:attachment":[{"href":"https:\/\/wi-ndk.de\/index.php?rest_route=%2Fwp%2Fv2%2Fmedia&parent=2124"}],"wp:term":[{"taxonomy":"category","embeddable":true,"href":"https:\/\/wi-ndk.de\/index.php?rest_route=%2Fwp%2Fv2%2Fcategories&post=2124"},{"taxonomy":"post_tag","embeddable":true,"href":"https:\/\/wi-ndk.de\/index.php?rest_route=%2Fwp%2Fv2%2Ftags&post=2124"}],"curies":[{"name":"wp","href":"https:\/\/api.w.org\/{rel}","templated":true}]}}