{"id":2030,"date":"2026-01-23T08:11:16","date_gmt":"2026-01-23T08:11:16","guid":{"rendered":"https:\/\/wi-ndk.de\/?page_id=2030"},"modified":"2026-04-17T12:28:17","modified_gmt":"2026-04-17T12:28:17","slug":"fraktion-antraege-und-anfragen","status":"publish","type":"page","link":"https:\/\/wi-ndk.de\/?page_id=2030","title":{"rendered":"Fraktion-Antr\u00e4ge und Anfragen"},"content":{"rendered":"\t\t<div data-elementor-type=\"wp-page\" data-elementor-id=\"2030\" class=\"elementor elementor-2030\">\n\t\t\t\t<div class=\"elementor-element elementor-element-6178508 e-flex e-con-boxed e-con e-parent\" data-id=\"6178508\" data-element_type=\"container\" data-e-type=\"container\">\n\t\t\t\t\t<div class=\"e-con-inner\">\n\t\t<div class=\"elementor-element elementor-element-c99264e e-con-full e-flex e-con e-child\" data-id=\"c99264e\" data-element_type=\"container\" data-e-type=\"container\">\n\t\t\t\t<div class=\"elementor-element elementor-element-2b374c0 elementor-widget elementor-widget-heading\" data-id=\"2b374c0\" data-element_type=\"widget\" data-e-type=\"widget\" data-widget_type=\"heading.default\">\n\t\t\t\t<div class=\"elementor-widget-container\">\n\t\t\t\t\t<h1 class=\"elementor-heading-title elementor-size-default\">Antr\u00e4ge und Anfragen\n\n\n<\/h1>\t\t\t\t<\/div>\n\t\t\t\t<\/div>\n\t\t\t\t<\/div>\n\t\t<div class=\"elementor-element elementor-element-546a74d e-con-full e-flex e-con e-child\" data-id=\"546a74d\" data-element_type=\"container\" data-e-type=\"container\">\n\t\t\t\t<div class=\"elementor-element elementor-element-1c2fd5c elementor-widget elementor-widget-heading\" data-id=\"1c2fd5c\" data-element_type=\"widget\" data-e-type=\"widget\" data-widget_type=\"heading.default\">\n\t\t\t\t<div class=\"elementor-widget-container\">\n\t\t\t\t\t<h1 class=\"elementor-heading-title elementor-size-default\">Folgende Antr\u00e4ge und Anfragen haben wir auf den Weg gebracht:\n\n\n<\/h1>\t\t\t\t<\/div>\n\t\t\t\t<\/div>\n\t\t\t\t<div class=\"elementor-element elementor-element-aaeecad elementor-widget elementor-widget-text-editor\" data-id=\"aaeecad\" data-element_type=\"widget\" data-e-type=\"widget\" data-widget_type=\"text-editor.default\">\n\t\t\t\t<div class=\"elementor-widget-container\">\n\t\t\t\t\t\t\t\t\t<h3>2026<\/h3><ul><li><a href=\"http:\/\/wi-ndk.de\/wp-content\/uploads\/2026\/04\/20260114_Antrag_WIN-Fraktion_Weiterentwicklung_Stellenplan.pdf\" target=\"_blank\" rel=\"noopener\"><strong>15. April 2026 | Antrag im Haupt-, Finanz- und Beschwerdeausschuss |<\/strong> Antrag auf \u201eTransparente und steuerungsrelevante Weiterentwicklung des Stellenplans\u201c<\/a><\/li><li><a href=\"http:\/\/wi-ndk.de\/wp-content\/uploads\/2026\/04\/20260113_Antrag_WIN-Fraktion_Sparsamkeitscheck.pdf\" target=\"_blank\" rel=\"noopener\"><strong>15. April 2026 | Antrag im Haupt-, Finanz- und Beschwerdeausschuss |<\/strong> Antrag auf &#8222;Einf\u00fchrung eines verbindlichen &#8222;Sparsamkeits-Checks&#8220; bei Ratsbeschl\u00fcssen&#8220;<\/a><\/li><li><a href=\"http:\/\/wi-ndk.de\/wp-content\/uploads\/2026\/01\/20260128_JHA_20251224_Antrag_WIN-Fraktion_KITA.pdf\" target=\"_blank\" rel=\"noopener\"><strong>28. Januar 2026 | Antrag im Jugendhilfeausschuss |<\/strong>\u00a0Antrag auf Einrichtung einer \u201eProjektgruppe Kita\u201c<\/a><\/li><li><a href=\"http:\/\/wi-ndk.de\/wp-content\/uploads\/2026\/01\/20260122_SPU_Antrag_Arbeitskreis_Stadtentwicklung.pdf\" target=\"_blank\" rel=\"noopener\"><strong>22. Januar 2026 | Antrag im Ausschuss f\u00fcr Stadtentwicklung, Planung und Umwelt |<\/strong> Antrag: Arbeitskreis Stadtentwicklung<\/a><\/li><\/ul>\t\t\t\t\t\t\t\t<\/div>\n\t\t\t\t<\/div>\n\t\t\t\t<div class=\"elementor-element elementor-element-bf808a5 elementor-widget elementor-widget-text-editor\" data-id=\"bf808a5\" data-element_type=\"widget\" data-e-type=\"widget\" data-widget_type=\"text-editor.default\">\n\t\t\t\t<div class=\"elementor-widget-container\">\n\t\t\t\t\t\t\t\t\t<h3><strong>2025<\/strong><\/h3><ul><li><a href=\"https:\/\/wi-ndk.de\/?p=2039\" target=\"_blank\" rel=\"noopener\"><strong>06. November 2025 |<\/strong> Gemeinsame Erkl\u00e4rung der SPD, W\u00e4hler-Initiative-Niederkassel (WIN), B90\/DIE GR\u00dcNEN und FDP zur konstituierenden Ratssitzung in Niederkassel<\/a><\/li><li><a href=\"http:\/\/wi-ndk.de\/wp-content\/uploads\/2026\/01\/20251028_Interfraktioneller_Antrag_SPD_WIN_Buendnis_90_Die_Gruene_und_FDP.pdf\" target=\"_blank\" rel=\"noopener\"><strong>28. Oktober 2025 | Antrag |<\/strong> Interfraktioneller Antrag SPD, WIN, B\u00fcndnis 90 \/ Die Gr\u00fcnen und FDP; hier: Ausschussbildung und Ausschussgr\u00f6\u00dfe<\/a><\/li><\/ul>\t\t\t\t\t\t\t\t<\/div>\n\t\t\t\t<\/div>\n\t\t\t\t<\/div>\n\t\t<div class=\"elementor-element elementor-element-11ffd2a e-con-full e-flex e-con e-child\" data-id=\"11ffd2a\" data-element_type=\"container\" data-e-type=\"container\">\n\t\t\t\t<div class=\"elementor-element elementor-element-39891e2 elementor-widget elementor-widget-text-editor\" data-id=\"39891e2\" data-element_type=\"widget\" data-e-type=\"widget\" data-widget_type=\"text-editor.default\">\n\t\t\t\t<div class=\"elementor-widget-container\">\n\t\t\t\t\t\t\t\t\t<h3><strong>Antrag vs. Anfrage<\/strong><\/h3><p>Was passiert eigentlich mit einem Antrag oder einer Anfrage im Stadtrat? Und worin liegt der Unterschied?<\/p><p>Als WIN-Fraktion setzen wir uns f\u00fcr eine transparente und gut verst\u00e4ndliche Kommunalpolitik ein.<\/p><p>Deshalb m\u00f6chten wir euch erkl\u00e4ren, was sich hinter diesen Begriffen verbirgt \u2013 und zeigen, wie aus euren Anliegen konkrete politische Entscheidungen werden.<\/p>\t\t\t\t\t\t\t\t<\/div>\n\t\t\t\t<\/div>\n\t\t\t\t<div class=\"elementor-element elementor-element-f6df007 elementor-widget-divider--view-line elementor-widget elementor-widget-divider\" data-id=\"f6df007\" data-element_type=\"widget\" data-e-type=\"widget\" data-widget_type=\"divider.default\">\n\t\t\t\t<div class=\"elementor-widget-container\">\n\t\t\t\t\t\t\t<div class=\"elementor-divider\">\n\t\t\t<span class=\"elementor-divider-separator\">\n\t\t\t\t\t\t<\/span>\n\t\t<\/div>\n\t\t\t\t\t\t<\/div>\n\t\t\t\t<\/div>\n\t\t\t\t<div class=\"elementor-element elementor-element-7201ba7 elementor-widget elementor-widget-text-editor\" data-id=\"7201ba7\" data-element_type=\"widget\" data-e-type=\"widget\" data-widget_type=\"text-editor.default\">\n\t\t\t\t<div class=\"elementor-widget-container\">\n\t\t\t\t\t\t\t\t\t<h3><strong>Was ist ein Antrag?<\/strong><\/h3><p>Ein Antrag ist ein konkreter Vorschlag, den eine Fraktion in den Stadtrat oder einen Ausschuss einbringt. Ziel ist es, eine Entscheidung herbeizuf\u00fchren oder konkrete Ver\u00e4nderungen anzusto\u00dfen.<\/p><p>\u00dcber Antr\u00e4ge wird im jeweiligen Gremium beraten, diskutiert und oft auch weiterentwickelt. Anschlie\u00dfend wird dar\u00fcber abgestimmt. An diesem Prozess sind viele beteiligt: Ratsmitglieder, die Verwaltung und weitere Fraktionen.<\/p>\t\t\t\t\t\t\t\t<\/div>\n\t\t\t\t<\/div>\n\t\t\t\t<div class=\"elementor-element elementor-element-206714c elementor-widget-divider--view-line elementor-widget elementor-widget-divider\" data-id=\"206714c\" data-element_type=\"widget\" data-e-type=\"widget\" data-widget_type=\"divider.default\">\n\t\t\t\t<div class=\"elementor-widget-container\">\n\t\t\t\t\t\t\t<div class=\"elementor-divider\">\n\t\t\t<span class=\"elementor-divider-separator\">\n\t\t\t\t\t\t<\/span>\n\t\t<\/div>\n\t\t\t\t\t\t<\/div>\n\t\t\t\t<\/div>\n\t\t\t\t<div class=\"elementor-element elementor-element-4cf2894 elementor-widget elementor-widget-text-editor\" data-id=\"4cf2894\" data-element_type=\"widget\" data-e-type=\"widget\" data-widget_type=\"text-editor.default\">\n\t\t\t\t<div class=\"elementor-widget-container\">\n\t\t\t\t\t\t\t\t\t<h3><strong>Was ist eine Anfrage?<\/strong><\/h3><p>Eine Anfrage dient dazu, Informationen von der Verwaltung zu erhalten. Anders als ein Antrag hat sie in der Regel keinen unmittelbaren Entscheidungscharakter, sondern kl\u00e4rt Sachverhalte, stellt Nachfragen oder macht auf m\u00f6gliche Missst\u00e4nde aufmerksam.<\/p><p>Auch Anfragen k\u00f6nnen ein wichtiger erster Schritt f\u00fcr Ver\u00e4nderungen sein: Sie machen Probleme sichtbar und zeigen auf, wo politischer Handlungsbedarf besteht.<\/p>\t\t\t\t\t\t\t\t<\/div>\n\t\t\t\t<\/div>\n\t\t\t\t<div class=\"elementor-element elementor-element-c40439b elementor-widget-divider--view-line elementor-widget elementor-widget-divider\" data-id=\"c40439b\" data-element_type=\"widget\" data-e-type=\"widget\" data-widget_type=\"divider.default\">\n\t\t\t\t<div class=\"elementor-widget-container\">\n\t\t\t\t\t\t\t<div class=\"elementor-divider\">\n\t\t\t<span class=\"elementor-divider-separator\">\n\t\t\t\t\t\t<\/span>\n\t\t<\/div>\n\t\t\t\t\t\t<\/div>\n\t\t\t\t<\/div>\n\t\t\t\t<div class=\"elementor-element elementor-element-c706886 elementor-widget elementor-widget-text-editor\" data-id=\"c706886\" data-element_type=\"widget\" data-e-type=\"widget\" data-widget_type=\"text-editor.default\">\n\t\t\t\t<div class=\"elementor-widget-container\">\n\t\t\t\t\t\t\t\t\t<h3><strong>Wie entsteht daraus Kommunalpolitik?<\/strong><\/h3><p>Ob Antrag oder Anfrage \u2013 beide Instrumente sind wichtige Bausteine einer lebendigen Demokratie vor Ort. In den Aussch\u00fcssen und im Rat der Stadt Niederkassel diskutieren wir gemeinsam mit anderen Fraktionen und der Verwaltung, welche L\u00f6sungen f\u00fcr unsere Stadt sinnvoll sind und wie sie umgesetzt werden k\u00f6nnen.<\/p>\t\t\t\t\t\t\t\t<\/div>\n\t\t\t\t<\/div>\n\t\t\t\t<div class=\"elementor-element elementor-element-6a55045 elementor-widget-divider--view-line elementor-widget elementor-widget-divider\" data-id=\"6a55045\" data-element_type=\"widget\" data-e-type=\"widget\" data-widget_type=\"divider.default\">\n\t\t\t\t<div class=\"elementor-widget-container\">\n\t\t\t\t\t\t\t<div class=\"elementor-divider\">\n\t\t\t<span class=\"elementor-divider-separator\">\n\t\t\t\t\t\t<\/span>\n\t\t<\/div>\n\t\t\t\t\t\t<\/div>\n\t\t\t\t<\/div>\n\t\t\t\t<div class=\"elementor-element elementor-element-2d8a2d3 elementor-widget elementor-widget-text-editor\" data-id=\"2d8a2d3\" data-element_type=\"widget\" data-e-type=\"widget\" data-widget_type=\"text-editor.default\">\n\t\t\t\t<div class=\"elementor-widget-container\">\n\t\t\t\t\t\t\t\t\t<h3>Deine Ideen f\u00fcr Niederkassel z\u00e4hlen!<\/h3><p>Du hast eine Idee, eine Frage oder ein Anliegen f\u00fcr unsere Stadt? Dann melde dich bei uns.<br data-start=\"248\" data-end=\"251\" \/>Wir nehmen eure Themen mit \u2013 direkt, transparent und b\u00fcrgernah.<\/p>\t\t\t\t\t\t\t\t<\/div>\n\t\t\t\t<\/div>\n\t\t\t\t<\/div>\n\t\t\t\t\t<\/div>\n\t\t\t\t<\/div>\n\t\t\t\t<\/div>\n\t\t","protected":false},"excerpt":{"rendered":"<p>Antr\u00e4ge und Anfragen Folgende Antr\u00e4ge und Anfragen haben wir auf den Weg gebracht: 2026 15. April 2026 | Antrag im Haupt-, Finanz- und Beschwerdeausschuss | Antrag auf \u201eTransparente und steuerungsrelevante [&hellip;]<\/p>\n","protected":false},"author":1,"featured_media":0,"parent":0,"menu_order":0,"comment_status":"closed","ping_status":"closed","template":"","meta":{"ocean_post_layout":"full-screen","ocean_both_sidebars_style":"","ocean_both_sidebars_content_width":0,"ocean_both_sidebars_sidebars_width":0,"ocean_sidebar":"","ocean_second_sidebar":"","ocean_disable_margins":"enable","ocean_add_body_class":"","ocean_shortcode_before_top_bar":"","ocean_shortcode_after_top_bar":"","ocean_shortcode_before_header":"","ocean_shortcode_after_header":"","ocean_has_shortcode":"","ocean_shortcode_after_title":"","ocean_shortcode_before_footer_widgets":"","ocean_shortcode_after_footer_widgets":"","ocean_shortcode_before_footer_bottom":"","ocean_shortcode_after_footer_bottom":"","ocean_display_top_bar":"off","ocean_display_header":"default","ocean_header_style":"","ocean_center_header_left_menu":"","ocean_custom_header_template":"","ocean_custom_logo":0,"ocean_custom_retina_logo":0,"ocean_custom_logo_max_width":0,"ocean_custom_logo_tablet_max_width":0,"ocean_custom_logo_mobile_max_width":0,"ocean_custom_logo_max_height":0,"ocean_custom_logo_tablet_max_height":0,"ocean_custom_logo_mobile_max_height":0,"ocean_header_custom_menu":"","ocean_menu_typo_font_family":"","ocean_menu_typo_font_subset":"","ocean_menu_typo_font_size":0,"ocean_menu_typo_font_size_tablet":0,"ocean_menu_typo_font_size_mobile":0,"ocean_menu_typo_font_size_unit":"px","ocean_menu_typo_font_weight":"","ocean_menu_typo_font_weight_tablet":"","ocean_menu_typo_font_weight_mobile":"","ocean_menu_typo_transform":"","ocean_menu_typo_transform_tablet":"","ocean_menu_typo_transform_mobile":"","ocean_menu_typo_line_height":0,"ocean_menu_typo_line_height_tablet":0,"ocean_menu_typo_line_height_mobile":0,"ocean_menu_typo_line_height_unit":"","ocean_menu_typo_spacing":0,"ocean_menu_typo_spacing_tablet":0,"ocean_menu_typo_spacing_mobile":0,"ocean_menu_typo_spacing_unit":"","ocean_menu_link_color":"","ocean_menu_link_color_hover":"","ocean_menu_link_color_active":"","ocean_menu_link_background":"","ocean_menu_link_hover_background":"","ocean_menu_link_active_background":"","ocean_menu_social_links_bg":"","ocean_menu_social_hover_links_bg":"","ocean_menu_social_links_color":"","ocean_menu_social_hover_links_color":"","ocean_disable_title":"on","ocean_disable_heading":"default","ocean_post_title":"","ocean_post_subheading":"","ocean_post_title_style":"","ocean_post_title_background_color":"","ocean_post_title_background":0,"ocean_post_title_bg_image_position":"","ocean_post_title_bg_image_attachment":"","ocean_post_title_bg_image_repeat":"","ocean_post_title_bg_image_size":"","ocean_post_title_height":0,"ocean_post_title_bg_overlay":0.5,"ocean_post_title_bg_overlay_color":"","ocean_disable_breadcrumbs":"default","ocean_breadcrumbs_color":"","ocean_breadcrumbs_separator_color":"","ocean_breadcrumbs_links_color":"","ocean_breadcrumbs_links_hover_color":"","ocean_display_footer_widgets":"off","ocean_display_footer_bottom":"on","ocean_custom_footer_template":"","footnotes":""},"categories":[],"tags":[],"class_list":["post-2030","page","type-page","status-publish","hentry","entry"],"_links":{"self":[{"href":"https:\/\/wi-ndk.de\/index.php?rest_route=\/wp\/v2\/pages\/2030","targetHints":{"allow":["GET"]}}],"collection":[{"href":"https:\/\/wi-ndk.de\/index.php?rest_route=\/wp\/v2\/pages"}],"about":[{"href":"https:\/\/wi-ndk.de\/index.php?rest_route=\/wp\/v2\/types\/page"}],"author":[{"embeddable":true,"href":"https:\/\/wi-ndk.de\/index.php?rest_route=\/wp\/v2\/users\/1"}],"replies":[{"embeddable":true,"href":"https:\/\/wi-ndk.de\/index.php?rest_route=%2Fwp%2Fv2%2Fcomments&post=2030"}],"version-history":[{"count":37,"href":"https:\/\/wi-ndk.de\/index.php?rest_route=\/wp\/v2\/pages\/2030\/revisions"}],"predecessor-version":[{"id":2261,"href":"https:\/\/wi-ndk.de\/index.php?rest_route=\/wp\/v2\/pages\/2030\/revisions\/2261"}],"wp:attachment":[{"href":"https:\/\/wi-ndk.de\/index.php?rest_route=%2Fwp%2Fv2%2Fmedia&parent=2030"}],"wp:term":[{"taxonomy":"category","embeddable":true,"href":"https:\/\/wi-ndk.de\/index.php?rest_route=%2Fwp%2Fv2%2Fcategories&post=2030"},{"taxonomy":"post_tag","embeddable":true,"href":"https:\/\/wi-ndk.de\/index.php?rest_route=%2Fwp%2Fv2%2Ftags&post=2030"}],"curies":[{"name":"wp","href":"https:\/\/api.w.org\/{rel}","templated":true}]}}