{"id":1720,"date":"2025-08-18T22:30:40","date_gmt":"2025-08-18T22:30:40","guid":{"rendered":"https:\/\/wi-ndk.de\/?page_id=1720"},"modified":"2025-08-23T11:54:38","modified_gmt":"2025-08-23T11:54:38","slug":"podcast-niederkassel-unsere-stadt","status":"publish","type":"page","link":"https:\/\/wi-ndk.de\/?page_id=1720","title":{"rendered":"Podcast: Niederkassel &#8211; unsere Stadt"},"content":{"rendered":"\t\t<div data-elementor-type=\"wp-page\" data-elementor-id=\"1720\" class=\"elementor elementor-1720\">\n\t\t\t\t<div class=\"elementor-element elementor-element-0854377 e-flex e-con-boxed e-con e-parent\" data-id=\"0854377\" data-element_type=\"container\" data-e-type=\"container\">\n\t\t\t\t\t<div class=\"e-con-inner\">\n\t\t<div class=\"elementor-element elementor-element-ce6b946 e-con-full e-flex e-con e-child\" data-id=\"ce6b946\" data-element_type=\"container\" data-e-type=\"container\">\n\t\t\t\t<div class=\"elementor-element elementor-element-836a145 elementor-widget elementor-widget-heading\" data-id=\"836a145\" data-element_type=\"widget\" data-e-type=\"widget\" data-widget_type=\"heading.default\">\n\t\t\t\t<div class=\"elementor-widget-container\">\n\t\t\t\t\t<h1 class=\"elementor-heading-title elementor-size-default\">Podcast: <br>\"Niederkassel \u2013 unsere Stadt\"<\/h1>\t\t\t\t<\/div>\n\t\t\t\t<\/div>\n\t\t\t\t<div class=\"elementor-element elementor-element-17dd02b elementor-widget elementor-widget-text-editor\" data-id=\"17dd02b\" data-element_type=\"widget\" data-e-type=\"widget\" data-widget_type=\"text-editor.default\">\n\t\t\t\t<div class=\"elementor-widget-container\">\n\t\t\t\t\t\t\t\t\t<p><strong>Wer wir sind<\/strong><\/p><p>Wir sind die <strong>W\u00e4hler-Initiative-Niederkassel e.V. (WIN)<\/strong> \u2013 eine parteiunabh\u00e4ngige Gemeinschaft engagierter B\u00fcrgerinnen und B\u00fcrger, die sich aktiv f\u00fcr unsere Stadt einsetzen.<\/p><p><strong>Warum dieser Podcast?<\/strong><\/p><p>Mit dem Podcast <em>\u201eNiederkassel \u2013 Unsere Stadt\u201c<\/em> schaffen wir eine Plattform, auf der Themen aus unserer Gemeinde h\u00f6rbar werden. Anliegen, Ideen, Kritik und Perspektiven sollen nicht nur schriftlich, sondern auch \u00f6ffentlich diskutiert werden \u2013 offen, respektvoll und sachlich.<br \/>Geplant ist <strong>eine neue Folge pro Woche<\/strong>, mit Themen direkt aus Niederkassel \u2013 <em>von euch, f\u00fcr euch<\/em>.<\/p><p><strong>Ablauf und Teilnahme<\/strong><\/p><p>Jede Folge wird mit <strong>2 bis maximal 4 aktiven Teilnehmerinnen oder Teilnehmern<\/strong> aufgezeichnet.<br \/>Euch erwarten:<\/p><ul><li>offene Gespr\u00e4chsrunden<\/li><li>Pro-und-Contra-Diskussionen<\/li><li>B\u00fcrgeranliegen<\/li><li>thematische Fragerunden mit Bezug zu unserer Stadt<\/li><\/ul><p><strong>Mitmachen \u2013 so geht\u2019s:<\/strong><\/p><ul><li>Bitte plant ca. <strong>2,5 Stunden f\u00fcr Vorbereitung und Aufnahme<\/strong> ein.<\/li><li>Bringt <strong>mindestens 8\u201310 Fragen oder Gedanken<\/strong> zum Thema mit.<\/li><li>Da wir jede Anfrage sorgf\u00e4ltig pr\u00fcfen, ist die Zahl der Bewerbungen pro Woche begrenzt.<\/li><\/ul><p><strong>Wichtig:<\/strong><\/p><ul><li>Die Bearbeitung einer Bewerbung dauert i. d. R. max. 7 Tage.<\/li><li>Nur Bewerbungen mit <strong>g\u00fcltiger E-Mail-Adresse<\/strong> werden ber\u00fccksichtigt.<\/li><li>Beleidigende, unsachliche, diskriminierende oder anonyme Einsendungen werden nicht angenommen.<\/li><\/ul><p><strong>Auch Zuh\u00f6ren ist m\u00f6glich!<\/strong><\/p><p>Wer nicht aktiv mitdiskutieren, aber live bei der Aufnahme dabei sein m\u00f6chte, kann sich als <strong>Gastzuh\u00f6rer<\/strong> anmelden.<br \/>Pro Folge stehen <strong>bis zu 4 Gastpl\u00e4tze<\/strong> zur Verf\u00fcgung. Auch hier ist eine vorherige Anmeldung erforderlich.<\/p><p><strong>Ablauf einer Podcast-Folge<\/strong><\/p><ol><li>Begr\u00fc\u00dfung &amp; Einleitung ins Thema<\/li><li>Vorstellung der Gespr\u00e4chsteilnehmenden<\/li><li>Diskussion oder Gespr\u00e4chsrunde<\/li><li>Zusammenfassung &amp; Fazit<\/li><\/ol><p>Die Gespr\u00e4chszeit wird fair auf alle verteilt. Die Moderation \u00fcbernimmt die WIN, unterst\u00fctzt durch fachkundige Personen f\u00fcr inhaltliche Einordnung.<\/p><p><strong>Rechtliches &amp; Verhaltensregeln<\/strong><\/p><p><strong>Datenschutz &amp; Aufnahmen<\/strong><\/p><p>Mit der Teilnahme an einer Podcast-Aufnahme (egal ob als Diskussionsteilnehmer oder Gastzuh\u00f6rer) erkl\u00e4rt ihr euch damit einverstanden, dass <strong>Ton- und ggf. Bildaufnahmen erstellt und ver\u00f6ffentlicht<\/strong> werden d\u00fcrfen.<br \/>Vor Beginn der Aufnahme holen wir eine <strong>schriftliche Einwilligung<\/strong> ein.<\/p><p><strong>Nutzungsrechte<\/strong><\/p><p>Die <strong>Nutzungsrechte an den Aufnahmen<\/strong> gehen an den Herausgeber des Podcasts (WIN e.V.) \u00fcber.<br \/>Diese d\u00fcrfen im Rahmen des Projekts verwendet, ver\u00f6ffentlicht und auf verschiedenen Kan\u00e4len verbreitet werden.<\/p><p><strong>Verantwortung &amp; Respekt<\/strong><\/p><p>Alle Beteiligten verpflichten sich zu einem <strong>respektvollen und sachlichen Umgang<\/strong>.<br \/>Beleidigungen, pers\u00f6nliche Angriffe, diskriminierende Aussagen oder absichtliche Falschaussagen werden nicht geduldet.<\/p><p><strong>Hausrecht<\/strong><\/p><p>Bei grobem Fehlverhalten oder St\u00f6rung des Ablaufs behalten wir uns vor,<\/p><ul><li>Personen von der Aufnahme auszuschlie\u00dfen oder<\/li><li>ein Hausverbot auszusprechen.<\/li><\/ul><p>Wir freuen uns auf spannende Themen, engagierte Gespr\u00e4che und alle, die sich f\u00fcr das Leben in Niederkassel interessieren \u2013 ob aktiv am Mikrofon oder als Gast im Publikum.<\/p><p>Eure<br \/><strong>W\u00e4hler-Initiative-Niederkassel e.V.<\/strong><\/p><p>\u00a0<\/p><p>\u00a0<\/p><p><style id=\"wpforms-css-vars-1717\">\n\t\t\t\t#wpforms-1717 {\n\t\t\t\t--wpforms-container-padding: 0px;\n--wpforms-container-border-width: 1px;\n--wpforms-container-border-radius: 3px;\n--wpforms-background-color: rgba(0, 0, 0, 0);\n--wpforms-field-size-input-height: 43px;\n--wpforms-field-size-input-spacing: 15px;\n--wpforms-field-size-font-size: 16px;\n--wpforms-field-size-line-height: 19px;\n--wpforms-field-size-padding-h: 14px;\n--wpforms-field-size-checkbox-size: 16px;\n--wpforms-field-size-sublabel-spacing: 5px;\n--wpforms-field-size-icon-size: 1;\n--wpforms-label-size-font-size: 16px;\n--wpforms-label-size-line-height: 19px;\n--wpforms-label-size-sublabel-font-size: 14px;\n--wpforms-label-size-sublabel-line-height: 17px;\n--wpforms-button-size-font-size: 17px;\n--wpforms-button-size-height: 41px;\n--wpforms-button-size-padding-h: 15px;\n--wpforms-button-size-margin-top: 10px;\n--wpforms-container-shadow-size-box-shadow: none;\n\t\t\t}\n\t\t\t<\/style><div class=\"wpforms-container wpforms-container-full wpforms-render-modern\" id=\"wpforms-1717\"><form id=\"wpforms-form-1717\" class=\"wpforms-validate wpforms-form wpforms-ajax-form\" data-formid=\"1717\" method=\"post\" enctype=\"multipart\/form-data\" action=\"\/index.php?rest_route=%2Fwp%2Fv2%2Fpages%2F1720\" data-token=\"957d0131acad05b4c2088fb9118f7337\" data-token-time=\"1778071092\"><div class=\"wpforms-head-container\"><div class=\"wpforms-title\">Bewerbung zur Teilnahme am Podcast: &quot;Niederkassel &#8211; Unsere Stadt&quot;<\/div><\/div><noscript class=\"wpforms-error-noscript\">Bitte aktiviere JavaScript in deinem Browser, um dieses Formular fertigzustellen.<\/noscript><div id=\"wpforms-error-noscript\" style=\"display: none;\">Bitte aktiviere JavaScript in deinem Browser, um dieses Formular fertigzustellen.<\/div><div class=\"wpforms-field-container\">\t\t<div id=\"wpforms-1717-field_6-container\"\n\t\t\tclass=\"wpforms-field wpforms-field-text\"\n\t\t\tdata-field-type=\"text\"\n\t\t\tdata-field-id=\"6\"\n\t\t\t>\n\t\t\t<label class=\"wpforms-field-label\" for=\"wpforms-1717-field_6\" >als E-Mail-Adresse Teilnehmer<\/label>\n\t\t\t<input type=\"text\" id=\"wpforms-1717-field_6\" class=\"wpforms-field-medium\" name=\"wpforms[fields][6]\" >\n\t\t<\/div>\n\t\t<div id=\"wpforms-1717-field_1-container\" class=\"wpforms-field wpforms-field-name\" data-field-id=\"1\"><fieldset><legend class=\"wpforms-field-label\">Name <span class=\"wpforms-required-label\" aria-hidden=\"true\">*<\/span><\/legend><div class=\"wpforms-field-row wpforms-field-medium\"><div class=\"wpforms-field-row-block wpforms-first wpforms-one-half\"><input type=\"text\" id=\"wpforms-1717-field_1\" class=\"wpforms-field-name-first wpforms-field-required\" name=\"wpforms[fields][1][first]\" aria-errormessage=\"wpforms-1717-field_1-error\" required><label for=\"wpforms-1717-field_1\" class=\"wpforms-field-sublabel after\">Vorname<\/label><\/div><div class=\"wpforms-field-row-block wpforms-one-half\"><input type=\"text\" id=\"wpforms-1717-field_1-last\" class=\"wpforms-field-name-last wpforms-field-required\" name=\"wpforms[fields][1][last]\" aria-errormessage=\"wpforms-1717-field_1-last-error\" required><label for=\"wpforms-1717-field_1-last\" class=\"wpforms-field-sublabel after\">Nachname<\/label><\/div><\/div><\/fieldset><\/div><div id=\"wpforms-1717-field_2-container\" class=\"wpforms-field wpforms-field-email\" data-field-id=\"2\"><label class=\"wpforms-field-label\" for=\"wpforms-1717-field_2\">E-Mail-Adresse <span class=\"wpforms-required-label\" aria-hidden=\"true\">*<\/span><\/label><input type=\"email\" id=\"wpforms-1717-field_2\" class=\"wpforms-field-medium wpforms-field-required\" name=\"wpforms[fields][2]\" spellcheck=\"false\" aria-errormessage=\"wpforms-1717-field_2-error\" required><\/div><div id=\"wpforms-1717-field_4-container\" class=\"wpforms-field wpforms-field-text\" data-field-id=\"4\"><label class=\"wpforms-field-label\" for=\"wpforms-1717-field_4\">Thema<\/label><input type=\"text\" id=\"wpforms-1717-field_4\" class=\"wpforms-field-medium\" name=\"wpforms[fields][4]\" aria-errormessage=\"wpforms-1717-field_4-error\" ><\/div><div id=\"wpforms-1717-field_3-container\" class=\"wpforms-field wpforms-field-textarea\" data-field-id=\"3\"><label class=\"wpforms-field-label\" for=\"wpforms-1717-field_3\">Begr\u00fcndung<\/label><textarea id=\"wpforms-1717-field_3\" class=\"wpforms-field-medium\" name=\"wpforms[fields][3]\" aria-errormessage=\"wpforms-1717-field_3-error\" ><\/textarea><\/div><div id=\"wpforms-1717-field_5-container\" class=\"wpforms-field wpforms-field-checkbox wpforms-list-3-columns\" data-field-id=\"5\"><fieldset><legend class=\"wpforms-field-label\"> Teilnehmer als<\/legend><ul id=\"wpforms-1717-field_5\"><li class=\"choice-1 depth-1\"><input type=\"checkbox\" id=\"wpforms-1717-field_5_1\" name=\"wpforms[fields][5][]\" value=\"Talk-Gast\" aria-errormessage=\"wpforms-1717-field_5_1-error\" aria-describedby=\"wpforms-1717-field_5-description\"  ><label class=\"wpforms-field-label-inline\" for=\"wpforms-1717-field_5_1\">Talk-Gast<\/label><\/li><li class=\"choice-2 depth-1\"><input type=\"checkbox\" id=\"wpforms-1717-field_5_2\" name=\"wpforms[fields][5][]\" value=\"Zuschauer\" aria-errormessage=\"wpforms-1717-field_5_2-error\" aria-describedby=\"wpforms-1717-field_5-description\"  ><label class=\"wpforms-field-label-inline\" for=\"wpforms-1717-field_5_2\">Zuschauer<\/label><\/li><li class=\"choice-3 depth-1\"><input type=\"checkbox\" id=\"wpforms-1717-field_5_3\" name=\"wpforms[fields][5][]\" value=\"Fachprofi\" aria-errormessage=\"wpforms-1717-field_5_3-error\" aria-describedby=\"wpforms-1717-field_5-description\"  ><label class=\"wpforms-field-label-inline\" for=\"wpforms-1717-field_5_3\">Fachprofi<\/label><\/li><\/ul><div id=\"wpforms-1717-field_5-description\" class=\"wpforms-field-description\"> bitte zutreffendes ankreuzen\n<\/div><\/fieldset><\/div><script>\n\t\t\t\t( function() {\n\t\t\t\t\tconst style = document.createElement( 'style' );\n\t\t\t\t\tstyle.appendChild( document.createTextNode( '#wpforms-1717-field_6-container { position: absolute !important; overflow: hidden !important; display: inline !important; height: 1px !important; width: 1px !important; z-index: -1000 !important; padding: 0 !important; } #wpforms-1717-field_6-container input { visibility: hidden; } #wpforms-conversational-form-page #wpforms-1717-field_6-container label { counter-increment: none; }' ) );\n\t\t\t\t\tdocument.head.appendChild( style );\n\t\t\t\t\tdocument.currentScript?.remove();\n\t\t\t\t} )();\n\t\t\t<\/script><\/div><!-- .wpforms-field-container --><div class=\"wpforms-submit-container\" ><input type=\"hidden\" name=\"wpforms[id]\" value=\"1717\"><input type=\"hidden\" name=\"page_title\" value=\"\"><input type=\"hidden\" name=\"page_url\" value=\"https:\/\/wi-ndk.de\/index.php?rest_route=\/wp\/v2\/pages\/1720\"><input type=\"hidden\" name=\"url_referer\" value=\"\"><button type=\"submit\" name=\"wpforms[submit]\" id=\"wpforms-submit-1717\" class=\"wpforms-submit\" data-alt-text=\"Wird gesendet\u00a0\u2026\" data-submit-text=\"Absenden\" aria-live=\"assertive\" value=\"wpforms-submit\">Absenden<\/button><img decoding=\"async\" src=\"https:\/\/wi-ndk.de\/wp-content\/plugins\/wpforms-lite\/assets\/images\/submit-spin.svg\" class=\"wpforms-submit-spinner\" style=\"display: none;\" width=\"26\" height=\"26\" alt=\"Wird geladen\"><\/div><\/form><\/div>  <!-- .wpforms-container --><\/p>\t\t\t\t\t\t\t\t<\/div>\n\t\t\t\t<\/div>\n\t\t\t\t<\/div>\n\t\t\t\t\t<\/div>\n\t\t\t\t<\/div>\n\t\t\t\t<\/div>\n\t\t","protected":false},"excerpt":{"rendered":"<p>Podcast: &#8222;Niederkassel \u2013 unsere Stadt&#8220; Wer wir sind Wir sind die W\u00e4hler-Initiative-Niederkassel e.V. (WIN) \u2013 eine parteiunabh\u00e4ngige Gemeinschaft engagierter B\u00fcrgerinnen und B\u00fcrger, die sich aktiv f\u00fcr unsere Stadt einsetzen. Warum [&hellip;]<\/p>\n","protected":false},"author":1,"featured_media":0,"parent":0,"menu_order":0,"comment_status":"closed","ping_status":"closed","template":"","meta":{"ocean_post_layout":"full-screen","ocean_both_sidebars_style":"","ocean_both_sidebars_content_width":0,"ocean_both_sidebars_sidebars_width":0,"ocean_sidebar":"","ocean_second_sidebar":"","ocean_disable_margins":"enable","ocean_add_body_class":"","ocean_shortcode_before_top_bar":"","ocean_shortcode_after_top_bar":"","ocean_shortcode_before_header":"","ocean_shortcode_after_header":"","ocean_has_shortcode":"","ocean_shortcode_after_title":"","ocean_shortcode_before_footer_widgets":"","ocean_shortcode_after_footer_widgets":"","ocean_shortcode_before_footer_bottom":"","ocean_shortcode_after_footer_bottom":"","ocean_display_top_bar":"off","ocean_display_header":"default","ocean_header_style":"","ocean_center_header_left_menu":"","ocean_custom_header_template":"","ocean_custom_logo":0,"ocean_custom_retina_logo":0,"ocean_custom_logo_max_width":0,"ocean_custom_logo_tablet_max_width":0,"ocean_custom_logo_mobile_max_width":0,"ocean_custom_logo_max_height":0,"ocean_custom_logo_tablet_max_height":0,"ocean_custom_logo_mobile_max_height":0,"ocean_header_custom_menu":"","ocean_menu_typo_font_family":"","ocean_menu_typo_font_subset":"","ocean_menu_typo_font_size":0,"ocean_menu_typo_font_size_tablet":0,"ocean_menu_typo_font_size_mobile":0,"ocean_menu_typo_font_size_unit":"px","ocean_menu_typo_font_weight":"","ocean_menu_typo_font_weight_tablet":"","ocean_menu_typo_font_weight_mobile":"","ocean_menu_typo_transform":"","ocean_menu_typo_transform_tablet":"","ocean_menu_typo_transform_mobile":"","ocean_menu_typo_line_height":0,"ocean_menu_typo_line_height_tablet":0,"ocean_menu_typo_line_height_mobile":0,"ocean_menu_typo_line_height_unit":"","ocean_menu_typo_spacing":0,"ocean_menu_typo_spacing_tablet":0,"ocean_menu_typo_spacing_mobile":0,"ocean_menu_typo_spacing_unit":"","ocean_menu_link_color":"","ocean_menu_link_color_hover":"","ocean_menu_link_color_active":"","ocean_menu_link_background":"","ocean_menu_link_hover_background":"","ocean_menu_link_active_background":"","ocean_menu_social_links_bg":"","ocean_menu_social_hover_links_bg":"","ocean_menu_social_links_color":"","ocean_menu_social_hover_links_color":"","ocean_disable_title":"on","ocean_disable_heading":"default","ocean_post_title":"","ocean_post_subheading":"","ocean_post_title_style":"","ocean_post_title_background_color":"","ocean_post_title_background":0,"ocean_post_title_bg_image_position":"","ocean_post_title_bg_image_attachment":"","ocean_post_title_bg_image_repeat":"","ocean_post_title_bg_image_size":"","ocean_post_title_height":0,"ocean_post_title_bg_overlay":0.5,"ocean_post_title_bg_overlay_color":"","ocean_disable_breadcrumbs":"default","ocean_breadcrumbs_color":"","ocean_breadcrumbs_separator_color":"","ocean_breadcrumbs_links_color":"","ocean_breadcrumbs_links_hover_color":"","ocean_display_footer_widgets":"off","ocean_display_footer_bottom":"on","ocean_custom_footer_template":"","footnotes":""},"categories":[],"tags":[],"class_list":["post-1720","page","type-page","status-publish","hentry","entry"],"_links":{"self":[{"href":"https:\/\/wi-ndk.de\/index.php?rest_route=\/wp\/v2\/pages\/1720","targetHints":{"allow":["GET"]}}],"collection":[{"href":"https:\/\/wi-ndk.de\/index.php?rest_route=\/wp\/v2\/pages"}],"about":[{"href":"https:\/\/wi-ndk.de\/index.php?rest_route=\/wp\/v2\/types\/page"}],"author":[{"embeddable":true,"href":"https:\/\/wi-ndk.de\/index.php?rest_route=\/wp\/v2\/users\/1"}],"replies":[{"embeddable":true,"href":"https:\/\/wi-ndk.de\/index.php?rest_route=%2Fwp%2Fv2%2Fcomments&post=1720"}],"version-history":[{"count":29,"href":"https:\/\/wi-ndk.de\/index.php?rest_route=\/wp\/v2\/pages\/1720\/revisions"}],"predecessor-version":[{"id":1762,"href":"https:\/\/wi-ndk.de\/index.php?rest_route=\/wp\/v2\/pages\/1720\/revisions\/1762"}],"wp:attachment":[{"href":"https:\/\/wi-ndk.de\/index.php?rest_route=%2Fwp%2Fv2%2Fmedia&parent=1720"}],"wp:term":[{"taxonomy":"category","embeddable":true,"href":"https:\/\/wi-ndk.de\/index.php?rest_route=%2Fwp%2Fv2%2Fcategories&post=1720"},{"taxonomy":"post_tag","embeddable":true,"href":"https:\/\/wi-ndk.de\/index.php?rest_route=%2Fwp%2Fv2%2Ftags&post=1720"}],"curies":[{"name":"wp","href":"https:\/\/api.w.org\/{rel}","templated":true}]}}