{"id":1565,"date":"2025-08-10T23:30:51","date_gmt":"2025-08-10T23:30:51","guid":{"rendered":"https:\/\/wi-ndk.de\/?page_id=1565"},"modified":"2025-08-11T12:49:17","modified_gmt":"2025-08-11T12:49:17","slug":"wk150","status":"publish","type":"page","link":"https:\/\/wi-ndk.de\/?page_id=1565","title":{"rendered":"WK150"},"content":{"rendered":"\t\t<div data-elementor-type=\"wp-page\" data-elementor-id=\"1565\" class=\"elementor elementor-1565\">\n\t\t\t\t<div class=\"elementor-element elementor-element-3582c1e e-flex e-con-boxed e-con e-parent\" data-id=\"3582c1e\" data-element_type=\"container\" data-e-type=\"container\">\n\t\t\t\t\t<div class=\"e-con-inner\">\n\t\t<div class=\"elementor-element elementor-element-f865f7a e-con-full e-flex e-con e-child\" data-id=\"f865f7a\" data-element_type=\"container\" data-e-type=\"container\">\n\t\t<div class=\"elementor-element elementor-element-b238322 e-con-full e-flex e-con e-child\" data-id=\"b238322\" data-element_type=\"container\" data-e-type=\"container\">\n\t\t\t\t<div class=\"elementor-element elementor-element-e345b15 elementor-widget elementor-widget-image\" data-id=\"e345b15\" data-element_type=\"widget\" data-e-type=\"widget\" data-widget_type=\"image.default\">\n\t\t\t\t<div class=\"elementor-widget-container\">\n\t\t\t\t\t\t\t\t\t\t\t\t\t\t\t<img decoding=\"async\" src=\"https:\/\/wi-ndk.de\/wp-content\/uploads\/2025\/08\/150.jpg\" title=\"150\" alt=\"150\" loading=\"lazy\" \/>\t\t\t\t\t\t\t\t\t\t\t\t\t\t\t<\/div>\n\t\t\t\t<\/div>\n\t\t\t\t<div class=\"elementor-element elementor-element-faf1a55 elementor-widget elementor-widget-text-editor\" data-id=\"faf1a55\" data-element_type=\"widget\" data-e-type=\"widget\" data-widget_type=\"text-editor.default\">\n\t\t\t\t<div class=\"elementor-widget-container\">\n\t\t\t\t\t\t\t\t\t<h1 style=\"text-align: center;\">Natalie Meybohm<\/h1><hr \/><h3 style=\"text-align: center;\">Wahlbezirk 150<br \/>Niederkassel-Rheidt<\/h3><div>\u00a0<\/div>\t\t\t\t\t\t\t\t<\/div>\n\t\t\t\t<\/div>\n\t\t\t\t<\/div>\n\t\t<div class=\"elementor-element elementor-element-b11b4b5 e-con-full e-flex e-con e-child\" data-id=\"b11b4b5\" data-element_type=\"container\" data-e-type=\"container\">\n\t\t\t\t<div class=\"elementor-element elementor-element-70eec87 elementor-widget elementor-widget-text-editor\" data-id=\"70eec87\" data-element_type=\"widget\" data-e-type=\"widget\" data-widget_type=\"text-editor.default\">\n\t\t\t\t<div class=\"elementor-widget-container\">\n\t\t\t\t\t\t\t\t\t<h4>Zukunft \u2013 modern &#8211; Familien<\/h4>\n<h4>Mein Name ist Natalie Meybohm, ich bin 38 Jahre alt und Mutter von zwei T\u00f6chtern. Seit 2016 lebe ich mit meiner Familie in Niederkassel.<\/h4>\n<h4>Mittlerweile arbeite ich seit 15 Jahren bei einer Gro\u00dfbank im Kreditrisikomanagement, seit 10 Jahren davon mit Personalf\u00fchrungsverantwortung. Es ist meine Aufgabe Finanzunterlagen zu analysieren, Risiken zu bewerten aber auch einzugehen, um damit den deutschen Mittelstand mit Krediten zu begleiten und Wachstum zu erm\u00f6glichen. Effizienz, Digitalisierung und K\u00fcnstliche Intelligenz sind Themenpunkte um die man f\u00fcr ein erfolgreiches Wirken nicht umhin kommt. Sowohl in jeder Firma als auch in der Kommune.<\/h4>\n<h4>In meiner Freizeit bin ich gerne mit den Kindern drau\u00dfen unterwegs und auch hier hat Niederkassel noch viel Potenzial Freizeitangebote auszubauen um die Lebensqualit\u00e4t weiter zu erh\u00f6hen und auch die Kaufkraft im Ort zu halten und nicht an die angrenzenden St\u00e4dte zu verlieren.<\/h4>\n<h4>Da mir sowohl im beruflichen&nbsp; wie auch im privaten das soziale Miteinander \u00fcberaus wichtig ist und wir nur als Team erfolgreich arbeiten und Erneuerungen vorantreiben k\u00f6nnen, m\u00f6chte ich meine Erfahrungen sowie den Blick f\u00fcr Neues auch in unserer Stadt mit einbringen.<\/h4>\n<h4>Daher bitte ich Sie um Ihre Stimme am 14. September 2025.&nbsp;<\/h4>\n<h4>F\u00fcr ein zukunftsf\u00e4higes, modernes und auch familienfreundliches&nbsp;Niederkassel.<\/h4>\t\t\t\t\t\t\t\t<\/div>\n\t\t\t\t<\/div>\n\t\t\t\t<\/div>\n\t\t\t\t<\/div>\n\t\t\t\t\t<\/div>\n\t\t\t\t<\/div>\n\t\t\t\t<\/div>\n\t\t","protected":false},"excerpt":{"rendered":"<p>Natalie Meybohm Wahlbezirk 150Niederkassel-Rheidt \u00a0 Zukunft \u2013 modern &#8211; Familien Mein Name ist Natalie Meybohm, ich bin 38 Jahre alt und Mutter von zwei T\u00f6chtern. Seit 2016 lebe ich mit [&hellip;]<\/p>\n","protected":false},"author":1,"featured_media":0,"parent":0,"menu_order":0,"comment_status":"closed","ping_status":"closed","template":"","meta":{"ocean_post_layout":"full-screen","ocean_both_sidebars_style":"","ocean_both_sidebars_content_width":0,"ocean_both_sidebars_sidebars_width":0,"ocean_sidebar":"","ocean_second_sidebar":"","ocean_disable_margins":"enable","ocean_add_body_class":"","ocean_shortcode_before_top_bar":"","ocean_shortcode_after_top_bar":"","ocean_shortcode_before_header":"","ocean_shortcode_after_header":"","ocean_has_shortcode":"","ocean_shortcode_after_title":"","ocean_shortcode_before_footer_widgets":"","ocean_shortcode_after_footer_widgets":"","ocean_shortcode_before_footer_bottom":"","ocean_shortcode_after_footer_bottom":"","ocean_display_top_bar":"off","ocean_display_header":"default","ocean_header_style":"","ocean_center_header_left_menu":"","ocean_custom_header_template":"","ocean_custom_logo":0,"ocean_custom_retina_logo":0,"ocean_custom_logo_max_width":0,"ocean_custom_logo_tablet_max_width":0,"ocean_custom_logo_mobile_max_width":0,"ocean_custom_logo_max_height":0,"ocean_custom_logo_tablet_max_height":0,"ocean_custom_logo_mobile_max_height":0,"ocean_header_custom_menu":"","ocean_menu_typo_font_family":"","ocean_menu_typo_font_subset":"","ocean_menu_typo_font_size":0,"ocean_menu_typo_font_size_tablet":0,"ocean_menu_typo_font_size_mobile":0,"ocean_menu_typo_font_size_unit":"px","ocean_menu_typo_font_weight":"","ocean_menu_typo_font_weight_tablet":"","ocean_menu_typo_font_weight_mobile":"","ocean_menu_typo_transform":"","ocean_menu_typo_transform_tablet":"","ocean_menu_typo_transform_mobile":"","ocean_menu_typo_line_height":0,"ocean_menu_typo_line_height_tablet":0,"ocean_menu_typo_line_height_mobile":0,"ocean_menu_typo_line_height_unit":"","ocean_menu_typo_spacing":0,"ocean_menu_typo_spacing_tablet":0,"ocean_menu_typo_spacing_mobile":0,"ocean_menu_typo_spacing_unit":"","ocean_menu_link_color":"","ocean_menu_link_color_hover":"","ocean_menu_link_color_active":"","ocean_menu_link_background":"","ocean_menu_link_hover_background":"","ocean_menu_link_active_background":"","ocean_menu_social_links_bg":"","ocean_menu_social_hover_links_bg":"","ocean_menu_social_links_color":"","ocean_menu_social_hover_links_color":"","ocean_disable_title":"on","ocean_disable_heading":"default","ocean_post_title":"","ocean_post_subheading":"","ocean_post_title_style":"","ocean_post_title_background_color":"","ocean_post_title_background":0,"ocean_post_title_bg_image_position":"","ocean_post_title_bg_image_attachment":"","ocean_post_title_bg_image_repeat":"","ocean_post_title_bg_image_size":"","ocean_post_title_height":0,"ocean_post_title_bg_overlay":0.5,"ocean_post_title_bg_overlay_color":"","ocean_disable_breadcrumbs":"default","ocean_breadcrumbs_color":"","ocean_breadcrumbs_separator_color":"","ocean_breadcrumbs_links_color":"","ocean_breadcrumbs_links_hover_color":"","ocean_display_footer_widgets":"off","ocean_display_footer_bottom":"on","ocean_custom_footer_template":"","footnotes":""},"categories":[],"tags":[],"class_list":["post-1565","page","type-page","status-publish","hentry","entry"],"_links":{"self":[{"href":"https:\/\/wi-ndk.de\/index.php?rest_route=\/wp\/v2\/pages\/1565","targetHints":{"allow":["GET"]}}],"collection":[{"href":"https:\/\/wi-ndk.de\/index.php?rest_route=\/wp\/v2\/pages"}],"about":[{"href":"https:\/\/wi-ndk.de\/index.php?rest_route=\/wp\/v2\/types\/page"}],"author":[{"embeddable":true,"href":"https:\/\/wi-ndk.de\/index.php?rest_route=\/wp\/v2\/users\/1"}],"replies":[{"embeddable":true,"href":"https:\/\/wi-ndk.de\/index.php?rest_route=%2Fwp%2Fv2%2Fcomments&post=1565"}],"version-history":[{"count":7,"href":"https:\/\/wi-ndk.de\/index.php?rest_route=\/wp\/v2\/pages\/1565\/revisions"}],"predecessor-version":[{"id":1665,"href":"https:\/\/wi-ndk.de\/index.php?rest_route=\/wp\/v2\/pages\/1565\/revisions\/1665"}],"wp:attachment":[{"href":"https:\/\/wi-ndk.de\/index.php?rest_route=%2Fwp%2Fv2%2Fmedia&parent=1565"}],"wp:term":[{"taxonomy":"category","embeddable":true,"href":"https:\/\/wi-ndk.de\/index.php?rest_route=%2Fwp%2Fv2%2Fcategories&post=1565"},{"taxonomy":"post_tag","embeddable":true,"href":"https:\/\/wi-ndk.de\/index.php?rest_route=%2Fwp%2Fv2%2Ftags&post=1565"}],"curies":[{"name":"wp","href":"https:\/\/api.w.org\/{rel}","templated":true}]}}