{"id":1549,"date":"2025-08-10T23:26:49","date_gmt":"2025-08-10T23:26:49","guid":{"rendered":"https:\/\/wi-ndk.de\/?page_id=1549"},"modified":"2025-08-10T23:27:47","modified_gmt":"2025-08-10T23:27:47","slug":"wk130","status":"publish","type":"page","link":"https:\/\/wi-ndk.de\/?page_id=1549","title":{"rendered":"WK130"},"content":{"rendered":"\t\t<div data-elementor-type=\"wp-page\" data-elementor-id=\"1549\" class=\"elementor elementor-1549\">\n\t\t\t\t<div class=\"elementor-element elementor-element-c7a86e7 e-flex e-con-boxed e-con e-parent\" data-id=\"c7a86e7\" data-element_type=\"container\" data-e-type=\"container\">\n\t\t\t\t\t<div class=\"e-con-inner\">\n\t\t<div class=\"elementor-element elementor-element-4b22d84 e-con-full e-flex e-con e-child\" data-id=\"4b22d84\" data-element_type=\"container\" data-e-type=\"container\">\n\t\t<div class=\"elementor-element elementor-element-d418f68 e-con-full e-flex e-con e-child\" data-id=\"d418f68\" data-element_type=\"container\" data-e-type=\"container\">\n\t\t\t\t<div class=\"elementor-element elementor-element-74665bd elementor-widget elementor-widget-image\" data-id=\"74665bd\" data-element_type=\"widget\" data-e-type=\"widget\" data-widget_type=\"image.default\">\n\t\t\t\t<div class=\"elementor-widget-container\">\n\t\t\t\t\t\t\t\t\t\t\t\t\t\t\t<img decoding=\"async\" src=\"https:\/\/wi-ndk.de\/wp-content\/uploads\/2025\/08\/130.jpg\" title=\"130\" alt=\"130\" loading=\"lazy\" \/>\t\t\t\t\t\t\t\t\t\t\t\t\t\t\t<\/div>\n\t\t\t\t<\/div>\n\t\t\t\t<div class=\"elementor-element elementor-element-b24b382 elementor-widget elementor-widget-text-editor\" data-id=\"b24b382\" data-element_type=\"widget\" data-e-type=\"widget\" data-widget_type=\"text-editor.default\">\n\t\t\t\t<div class=\"elementor-widget-container\">\n\t\t\t\t\t\t\t\t\t<h1 style=\"text-align: center;\">Marc Pfister<\/h1><hr \/><h3 style=\"text-align: center;\">Wahlbezirk 130<br \/>Niederkassel-Rheidt<\/h3><div>\u00a0<\/div>\t\t\t\t\t\t\t\t<\/div>\n\t\t\t\t<\/div>\n\t\t\t\t<\/div>\n\t\t<div class=\"elementor-element elementor-element-cd966a1 e-con-full e-flex e-con e-child\" data-id=\"cd966a1\" data-element_type=\"container\" data-e-type=\"container\">\n\t\t\t\t<div class=\"elementor-element elementor-element-344d349 elementor-widget elementor-widget-text-editor\" data-id=\"344d349\" data-element_type=\"widget\" data-e-type=\"widget\" data-widget_type=\"text-editor.default\">\n\t\t\t\t<div class=\"elementor-widget-container\">\n\t\t\t\t\t\t\t\t\t<h4>Familie, Vereine und Finanzen<\/h4><h4>Ich wurde 1977 in Bonn geboren und lebe inzwischen seit fast 25 Jahren in Niederkassel. Mit meiner Partnerin, ihrem 4-j\u00e4hrigen und meinem 6-j\u00e4hrigen Sohn f\u00fchlen wir uns in Rheidt richtig zu Hause.<\/h4><h4>Als selbstst\u00e4ndiger Verm\u00f6gensberater ist mir ein verantwortungsvoller und transparenter Umgang mit Finanzen besonders wichtig. Gerade weil sich Niederkassel im Haushaltsicherungskonzept befindet, m\u00f6chte ich meine Erfahrung einbringen, um die finanzielle Situation unserer Stadt nachhaltig zu stabilisieren und zukunftsf\u00e4hig zu gestalten.<\/h4><h4>Obwohl ich bisher noch nicht politisch aktiv war, habe ich mich entschlossen, mich jetzt aktiv f\u00fcr unsere Stadt einzusetzen. Nicht nur meckern, sondern auch anpacken!<\/h4><h4>Als jahrelanges aktives Mitglied in verschiedenen Vereinen sind mir dabei unsere Vereine, wie z. B. Sport-, B\u00fcrger- oder Karnevalsvereine sehr wichtig. Vereine sind das Herz unserer Gemeinschaft und d\u00fcrfen nicht weiter beschnitten werden. Im Gegenteil: Wir m\u00fcssen neue Ideen entwickeln, um sie zu st\u00e4rken und ihre wertvolle Arbeit langfristig zu sichern.<\/h4><h4>Sparen ist in unserer finanziellen Situation wichtig, aber man sollte an den richtigen Stellen ansetzen und auch offen f\u00fcr neue Einnahmem\u00f6glichkeiten sein. Vereine machen es uns vor: Sponsoring sollte auch f\u00fcr eine Stadt m\u00f6glich sein.<\/h4><h4>Als Familienmensch liegen mir auch die Familien sehr am Herzen. Ich werde mich daf\u00fcr einsetzen, dass Niederkassel ein Ort ist, an dem Kinder und Eltern gute Angebote und Unterst\u00fctzung finden und sich wohlf\u00fchlen k\u00f6nnen.<\/h4><h4>Ich freue mich darauf, Dich kennenzulernen, mit Dir ins Gespr\u00e4ch zu kommen und gemeinsam etwas f\u00fcr unsere Stadt\u00a0zu\u00a0bewegen.<\/h4>\t\t\t\t\t\t\t\t<\/div>\n\t\t\t\t<\/div>\n\t\t\t\t<\/div>\n\t\t\t\t<\/div>\n\t\t\t\t\t<\/div>\n\t\t\t\t<\/div>\n\t\t\t\t<\/div>\n\t\t","protected":false},"excerpt":{"rendered":"<p>Marc Pfister Wahlbezirk 130Niederkassel-Rheidt \u00a0 Familie, Vereine und Finanzen Ich wurde 1977 in Bonn geboren und lebe inzwischen seit fast 25 Jahren in Niederkassel. Mit meiner Partnerin, ihrem 4-j\u00e4hrigen und [&hellip;]<\/p>\n","protected":false},"author":1,"featured_media":0,"parent":0,"menu_order":0,"comment_status":"closed","ping_status":"closed","template":"","meta":{"ocean_post_layout":"full-screen","ocean_both_sidebars_style":"","ocean_both_sidebars_content_width":0,"ocean_both_sidebars_sidebars_width":0,"ocean_sidebar":"","ocean_second_sidebar":"","ocean_disable_margins":"enable","ocean_add_body_class":"","ocean_shortcode_before_top_bar":"","ocean_shortcode_after_top_bar":"","ocean_shortcode_before_header":"","ocean_shortcode_after_header":"","ocean_has_shortcode":"","ocean_shortcode_after_title":"","ocean_shortcode_before_footer_widgets":"","ocean_shortcode_after_footer_widgets":"","ocean_shortcode_before_footer_bottom":"","ocean_shortcode_after_footer_bottom":"","ocean_display_top_bar":"off","ocean_display_header":"default","ocean_header_style":"","ocean_center_header_left_menu":"","ocean_custom_header_template":"","ocean_custom_logo":0,"ocean_custom_retina_logo":0,"ocean_custom_logo_max_width":0,"ocean_custom_logo_tablet_max_width":0,"ocean_custom_logo_mobile_max_width":0,"ocean_custom_logo_max_height":0,"ocean_custom_logo_tablet_max_height":0,"ocean_custom_logo_mobile_max_height":0,"ocean_header_custom_menu":"","ocean_menu_typo_font_family":"","ocean_menu_typo_font_subset":"","ocean_menu_typo_font_size":0,"ocean_menu_typo_font_size_tablet":0,"ocean_menu_typo_font_size_mobile":0,"ocean_menu_typo_font_size_unit":"px","ocean_menu_typo_font_weight":"","ocean_menu_typo_font_weight_tablet":"","ocean_menu_typo_font_weight_mobile":"","ocean_menu_typo_transform":"","ocean_menu_typo_transform_tablet":"","ocean_menu_typo_transform_mobile":"","ocean_menu_typo_line_height":0,"ocean_menu_typo_line_height_tablet":0,"ocean_menu_typo_line_height_mobile":0,"ocean_menu_typo_line_height_unit":"","ocean_menu_typo_spacing":0,"ocean_menu_typo_spacing_tablet":0,"ocean_menu_typo_spacing_mobile":0,"ocean_menu_typo_spacing_unit":"","ocean_menu_link_color":"","ocean_menu_link_color_hover":"","ocean_menu_link_color_active":"","ocean_menu_link_background":"","ocean_menu_link_hover_background":"","ocean_menu_link_active_background":"","ocean_menu_social_links_bg":"","ocean_menu_social_hover_links_bg":"","ocean_menu_social_links_color":"","ocean_menu_social_hover_links_color":"","ocean_disable_title":"on","ocean_disable_heading":"default","ocean_post_title":"","ocean_post_subheading":"","ocean_post_title_style":"","ocean_post_title_background_color":"","ocean_post_title_background":0,"ocean_post_title_bg_image_position":"","ocean_post_title_bg_image_attachment":"","ocean_post_title_bg_image_repeat":"","ocean_post_title_bg_image_size":"","ocean_post_title_height":0,"ocean_post_title_bg_overlay":0.5,"ocean_post_title_bg_overlay_color":"","ocean_disable_breadcrumbs":"default","ocean_breadcrumbs_color":"","ocean_breadcrumbs_separator_color":"","ocean_breadcrumbs_links_color":"","ocean_breadcrumbs_links_hover_color":"","ocean_display_footer_widgets":"off","ocean_display_footer_bottom":"on","ocean_custom_footer_template":"","footnotes":""},"categories":[],"tags":[],"class_list":["post-1549","page","type-page","status-publish","hentry","entry"],"_links":{"self":[{"href":"https:\/\/wi-ndk.de\/index.php?rest_route=\/wp\/v2\/pages\/1549","targetHints":{"allow":["GET"]}}],"collection":[{"href":"https:\/\/wi-ndk.de\/index.php?rest_route=\/wp\/v2\/pages"}],"about":[{"href":"https:\/\/wi-ndk.de\/index.php?rest_route=\/wp\/v2\/types\/page"}],"author":[{"embeddable":true,"href":"https:\/\/wi-ndk.de\/index.php?rest_route=\/wp\/v2\/users\/1"}],"replies":[{"embeddable":true,"href":"https:\/\/wi-ndk.de\/index.php?rest_route=%2Fwp%2Fv2%2Fcomments&post=1549"}],"version-history":[{"count":4,"href":"https:\/\/wi-ndk.de\/index.php?rest_route=\/wp\/v2\/pages\/1549\/revisions"}],"predecessor-version":[{"id":1553,"href":"https:\/\/wi-ndk.de\/index.php?rest_route=\/wp\/v2\/pages\/1549\/revisions\/1553"}],"wp:attachment":[{"href":"https:\/\/wi-ndk.de\/index.php?rest_route=%2Fwp%2Fv2%2Fmedia&parent=1549"}],"wp:term":[{"taxonomy":"category","embeddable":true,"href":"https:\/\/wi-ndk.de\/index.php?rest_route=%2Fwp%2Fv2%2Fcategories&post=1549"},{"taxonomy":"post_tag","embeddable":true,"href":"https:\/\/wi-ndk.de\/index.php?rest_route=%2Fwp%2Fv2%2Ftags&post=1549"}],"curies":[{"name":"wp","href":"https:\/\/api.w.org\/{rel}","templated":true}]}}