{"id":1541,"date":"2025-08-10T23:24:34","date_gmt":"2025-08-10T23:24:34","guid":{"rendered":"https:\/\/wi-ndk.de\/?page_id=1541"},"modified":"2025-09-01T13:16:30","modified_gmt":"2025-09-01T13:16:30","slug":"wk120","status":"publish","type":"page","link":"https:\/\/wi-ndk.de\/?page_id=1541","title":{"rendered":"WK120"},"content":{"rendered":"\t\t<div data-elementor-type=\"wp-page\" data-elementor-id=\"1541\" class=\"elementor elementor-1541\">\n\t\t\t\t<div class=\"elementor-element elementor-element-4a76eb7 e-flex e-con-boxed e-con e-parent\" data-id=\"4a76eb7\" data-element_type=\"container\" data-e-type=\"container\">\n\t\t\t\t\t<div class=\"e-con-inner\">\n\t\t<div class=\"elementor-element elementor-element-156ee7c e-con-full e-flex e-con e-child\" data-id=\"156ee7c\" data-element_type=\"container\" data-e-type=\"container\">\n\t\t<div class=\"elementor-element elementor-element-da0abfa e-con-full e-flex e-con e-child\" data-id=\"da0abfa\" data-element_type=\"container\" data-e-type=\"container\">\n\t\t\t\t<div class=\"elementor-element elementor-element-8fc8de8 elementor-widget elementor-widget-image\" data-id=\"8fc8de8\" data-element_type=\"widget\" data-e-type=\"widget\" data-widget_type=\"image.default\">\n\t\t\t\t<div class=\"elementor-widget-container\">\n\t\t\t\t\t\t\t\t\t\t\t\t\t\t\t<img decoding=\"async\" src=\"https:\/\/wi-ndk.de\/wp-content\/uploads\/2025\/08\/120.jpg\" title=\"120\" alt=\"120\" loading=\"lazy\" \/>\t\t\t\t\t\t\t\t\t\t\t\t\t\t\t<\/div>\n\t\t\t\t<\/div>\n\t\t\t\t<div class=\"elementor-element elementor-element-fb8394b elementor-widget elementor-widget-text-editor\" data-id=\"fb8394b\" data-element_type=\"widget\" data-e-type=\"widget\" data-widget_type=\"text-editor.default\">\n\t\t\t\t<div class=\"elementor-widget-container\">\n\t\t\t\t\t\t\t\t\t<h1 style=\"text-align: center;\">Thomas Sandner<\/h1><hr \/><h3 style=\"text-align: center;\">Wahlbezirk 120<br \/>Niederkassel-Rheidt<\/h3><div>\u00a0<\/div>\t\t\t\t\t\t\t\t<\/div>\n\t\t\t\t<\/div>\n\t\t\t\t<\/div>\n\t\t<div class=\"elementor-element elementor-element-ef2a4b4 e-con-full e-flex e-con e-child\" data-id=\"ef2a4b4\" data-element_type=\"container\" data-e-type=\"container\">\n\t\t\t\t<div class=\"elementor-element elementor-element-c44d3fa elementor-widget elementor-widget-text-editor\" data-id=\"c44d3fa\" data-element_type=\"widget\" data-e-type=\"widget\" data-widget_type=\"text-editor.default\">\n\t\t\t\t<div class=\"elementor-widget-container\">\n\t\t\t\t\t\t\t\t\t<h4><strong>regional \u2013 b\u00fcrgerlich &#8211; sozial<\/strong><\/h4><h4><strong>Ich bin Jahrgang 1966 und lebe seit 14 Jahren mit meiner Familie in Niederkassel.<\/strong><\/h4><h4><strong>Ich bin Elektroingenieur und war lange Zeit als selbstst\u00e4ndiger Unternehmer t\u00e4tig. Meine Themen sind Energie und Umwelt unter dem Gesichtspunkt der Nachhaltigkeit.<\/strong><\/h4><h4><strong>Eigentlich hat Niederkassel viel zu bieten, doch Potenziale werden nicht oft genutzt und entsprechende Rahmenbedingungen geschaffen.<\/strong><\/h4><h4><strong>Dies zu verbessern, ist\u00a0mein\u00a0Anliegen.<\/strong><\/h4><div><p class=\"MsoNormal\"><strong>Zwei Beispiele aus den Bereichen Bauen und Energie, wof\u00fcr ich mich konkret einsetzen werde:<\/strong><\/p><p class=\"MsoNormal\"><strong>Ich sehe schon an vielen H\u00e4usern in Niederkassel W\u00e4rmepumpen, Klimaanlagen, Photovoltaikanlagen und Wallboxen und es werden stetig mehr. Auch die Anzahl von Elektroautos nimmt mittlerweile zu. Mit flexiblen, also zeitabh\u00e4ngigen, Stromtarifen sind hier zus\u00e4tzliche finanzielle Einsparpotenziale m\u00f6glich. Das f\u00f6rdert auch aktiv die Energiewende, weil Strom dann genutzt wird, wenn er ausreichend vorhanden und daher preiswert ist. Dazu muss der \u00f6rtliche Netzbetreiber Rhein-Sieg-Netz GmbH aber auch die erforderlichen Smart-Meter-Gateways zeitnah einbauen. Seit Anfang 2025 besteht ein gesetzlicher Anspruch auf flexible Stromtarife. Die Stadt muss hier unbedingt entsprechenden Druck aus\u00fcben, damit das schnell umgesetzt wird. Davon profitieren B\u00fcrger, ohne dass der Stadt Kosten entstehen.<\/strong><\/p><p class=\"MsoNormal\"><strong>Bei baulichen Ma\u00dfnahmen der Stadt muss \u00fcberpr\u00fcft werden, ob und wie F\u00f6rdermittel am besten angezapft werden k\u00f6nnen. Voraussetzung ist in jedem Fall eine transparente und sachgerechte Vergabe von Auftr\u00e4gen. Au\u00dferdem muss klar sein, was tats\u00e4chlich gebraucht wird und wie sich das mit m\u00f6glichst geringen Mitteln realisieren l\u00e4sst. Dies muss auch beim Helmut-Loos-Bad ber\u00fccksichtigt werden, bevor hier dem Stadtrat und den B\u00fcrgern wieder angeblich unausweichliche Kosten pr\u00e4sentiert werden.<\/strong><\/p><\/div>\t\t\t\t\t\t\t\t<\/div>\n\t\t\t\t<\/div>\n\t\t\t\t<\/div>\n\t\t\t\t<\/div>\n\t\t\t\t\t<\/div>\n\t\t\t\t<\/div>\n\t\t\t\t<\/div>\n\t\t","protected":false},"excerpt":{"rendered":"<p>Thomas Sandner Wahlbezirk 120Niederkassel-Rheidt \u00a0 regional \u2013 b\u00fcrgerlich &#8211; sozial Ich bin Jahrgang 1966 und lebe seit 14 Jahren mit meiner Familie in Niederkassel. Ich bin Elektroingenieur und war lange [&hellip;]<\/p>\n","protected":false},"author":1,"featured_media":0,"parent":0,"menu_order":0,"comment_status":"closed","ping_status":"closed","template":"","meta":{"ocean_post_layout":"full-screen","ocean_both_sidebars_style":"","ocean_both_sidebars_content_width":0,"ocean_both_sidebars_sidebars_width":0,"ocean_sidebar":"","ocean_second_sidebar":"","ocean_disable_margins":"enable","ocean_add_body_class":"","ocean_shortcode_before_top_bar":"","ocean_shortcode_after_top_bar":"","ocean_shortcode_before_header":"","ocean_shortcode_after_header":"","ocean_has_shortcode":"","ocean_shortcode_after_title":"","ocean_shortcode_before_footer_widgets":"","ocean_shortcode_after_footer_widgets":"","ocean_shortcode_before_footer_bottom":"","ocean_shortcode_after_footer_bottom":"","ocean_display_top_bar":"off","ocean_display_header":"default","ocean_header_style":"","ocean_center_header_left_menu":"","ocean_custom_header_template":"","ocean_custom_logo":0,"ocean_custom_retina_logo":0,"ocean_custom_logo_max_width":0,"ocean_custom_logo_tablet_max_width":0,"ocean_custom_logo_mobile_max_width":0,"ocean_custom_logo_max_height":0,"ocean_custom_logo_tablet_max_height":0,"ocean_custom_logo_mobile_max_height":0,"ocean_header_custom_menu":"","ocean_menu_typo_font_family":"","ocean_menu_typo_font_subset":"","ocean_menu_typo_font_size":0,"ocean_menu_typo_font_size_tablet":0,"ocean_menu_typo_font_size_mobile":0,"ocean_menu_typo_font_size_unit":"px","ocean_menu_typo_font_weight":"","ocean_menu_typo_font_weight_tablet":"","ocean_menu_typo_font_weight_mobile":"","ocean_menu_typo_transform":"","ocean_menu_typo_transform_tablet":"","ocean_menu_typo_transform_mobile":"","ocean_menu_typo_line_height":0,"ocean_menu_typo_line_height_tablet":0,"ocean_menu_typo_line_height_mobile":0,"ocean_menu_typo_line_height_unit":"","ocean_menu_typo_spacing":0,"ocean_menu_typo_spacing_tablet":0,"ocean_menu_typo_spacing_mobile":0,"ocean_menu_typo_spacing_unit":"","ocean_menu_link_color":"","ocean_menu_link_color_hover":"","ocean_menu_link_color_active":"","ocean_menu_link_background":"","ocean_menu_link_hover_background":"","ocean_menu_link_active_background":"","ocean_menu_social_links_bg":"","ocean_menu_social_hover_links_bg":"","ocean_menu_social_links_color":"","ocean_menu_social_hover_links_color":"","ocean_disable_title":"on","ocean_disable_heading":"default","ocean_post_title":"","ocean_post_subheading":"","ocean_post_title_style":"","ocean_post_title_background_color":"","ocean_post_title_background":0,"ocean_post_title_bg_image_position":"","ocean_post_title_bg_image_attachment":"","ocean_post_title_bg_image_repeat":"","ocean_post_title_bg_image_size":"","ocean_post_title_height":0,"ocean_post_title_bg_overlay":0.5,"ocean_post_title_bg_overlay_color":"","ocean_disable_breadcrumbs":"default","ocean_breadcrumbs_color":"","ocean_breadcrumbs_separator_color":"","ocean_breadcrumbs_links_color":"","ocean_breadcrumbs_links_hover_color":"","ocean_display_footer_widgets":"off","ocean_display_footer_bottom":"on","ocean_custom_footer_template":"","footnotes":""},"categories":[],"tags":[],"class_list":["post-1541","page","type-page","status-publish","hentry","entry"],"_links":{"self":[{"href":"https:\/\/wi-ndk.de\/index.php?rest_route=\/wp\/v2\/pages\/1541","targetHints":{"allow":["GET"]}}],"collection":[{"href":"https:\/\/wi-ndk.de\/index.php?rest_route=\/wp\/v2\/pages"}],"about":[{"href":"https:\/\/wi-ndk.de\/index.php?rest_route=\/wp\/v2\/types\/page"}],"author":[{"embeddable":true,"href":"https:\/\/wi-ndk.de\/index.php?rest_route=\/wp\/v2\/users\/1"}],"replies":[{"embeddable":true,"href":"https:\/\/wi-ndk.de\/index.php?rest_route=%2Fwp%2Fv2%2Fcomments&post=1541"}],"version-history":[{"count":7,"href":"https:\/\/wi-ndk.de\/index.php?rest_route=\/wp\/v2\/pages\/1541\/revisions"}],"predecessor-version":[{"id":1795,"href":"https:\/\/wi-ndk.de\/index.php?rest_route=\/wp\/v2\/pages\/1541\/revisions\/1795"}],"wp:attachment":[{"href":"https:\/\/wi-ndk.de\/index.php?rest_route=%2Fwp%2Fv2%2Fmedia&parent=1541"}],"wp:term":[{"taxonomy":"category","embeddable":true,"href":"https:\/\/wi-ndk.de\/index.php?rest_route=%2Fwp%2Fv2%2Fcategories&post=1541"},{"taxonomy":"post_tag","embeddable":true,"href":"https:\/\/wi-ndk.de\/index.php?rest_route=%2Fwp%2Fv2%2Ftags&post=1541"}],"curies":[{"name":"wp","href":"https:\/\/api.w.org\/{rel}","templated":true}]}}