{"id":1525,"date":"2025-08-10T09:58:26","date_gmt":"2025-08-10T09:58:26","guid":{"rendered":"https:\/\/wi-ndk.de\/?page_id=1525"},"modified":"2025-08-10T10:00:05","modified_gmt":"2025-08-10T10:00:05","slug":"wk100","status":"publish","type":"page","link":"https:\/\/wi-ndk.de\/?page_id=1525","title":{"rendered":"WK100"},"content":{"rendered":"\t\t<div data-elementor-type=\"wp-page\" data-elementor-id=\"1525\" class=\"elementor elementor-1525\">\n\t\t\t\t<div class=\"elementor-element elementor-element-12b6a89 e-flex e-con-boxed e-con e-parent\" data-id=\"12b6a89\" data-element_type=\"container\" data-e-type=\"container\">\n\t\t\t\t\t<div class=\"e-con-inner\">\n\t\t<div class=\"elementor-element elementor-element-58b3a90 e-con-full e-flex e-con e-child\" data-id=\"58b3a90\" data-element_type=\"container\" data-e-type=\"container\">\n\t\t<div class=\"elementor-element elementor-element-fc9b90d e-con-full e-flex e-con e-child\" data-id=\"fc9b90d\" data-element_type=\"container\" data-e-type=\"container\">\n\t\t\t\t<div class=\"elementor-element elementor-element-0ea8f95 elementor-widget elementor-widget-image\" data-id=\"0ea8f95\" data-element_type=\"widget\" data-e-type=\"widget\" data-widget_type=\"image.default\">\n\t\t\t\t<div class=\"elementor-widget-container\">\n\t\t\t\t\t\t\t\t\t\t\t\t\t\t\t<img decoding=\"async\" src=\"https:\/\/wi-ndk.de\/wp-content\/uploads\/2025\/08\/100.jpg\" title=\"100\" alt=\"100\" loading=\"lazy\" \/>\t\t\t\t\t\t\t\t\t\t\t\t\t\t\t<\/div>\n\t\t\t\t<\/div>\n\t\t\t\t<div class=\"elementor-element elementor-element-6d5bcb3 elementor-widget elementor-widget-text-editor\" data-id=\"6d5bcb3\" data-element_type=\"widget\" data-e-type=\"widget\" data-widget_type=\"text-editor.default\">\n\t\t\t\t<div class=\"elementor-widget-container\">\n\t\t\t\t\t\t\t\t\t<h1 style=\"text-align: center;\">Andreas Hopp<\/h1><hr \/><h3 style=\"text-align: center;\">Wahlbezirk 100<br \/>Niederkassel, Uckendorf &amp; Stockem<\/h3><div>\u00a0<\/div>\t\t\t\t\t\t\t\t<\/div>\n\t\t\t\t<\/div>\n\t\t\t\t<\/div>\n\t\t<div class=\"elementor-element elementor-element-b3ac51a e-con-full e-flex e-con e-child\" data-id=\"b3ac51a\" data-element_type=\"container\" data-e-type=\"container\">\n\t\t\t\t<div class=\"elementor-element elementor-element-cda2842 elementor-widget elementor-widget-text-editor\" data-id=\"cda2842\" data-element_type=\"widget\" data-e-type=\"widget\" data-widget_type=\"text-editor.default\">\n\t\t\t\t<div class=\"elementor-widget-container\">\n\t\t\t\t\t\t\t\t\t<h4>F\u00fcr einen echten Neuanfang in Niederkassel.<\/h4><h4>Viele sp\u00fcren es l\u00e4ngst: Es l\u00e4uft nicht rund in unserer Stadt. Vertrauen in die Politik schwindet, Entscheidungen wirken fern, und zu oft f\u00fchlt man sich alleingelassen. Aber ich glaube: Es geht auch anders \u2013 wenn wir den Mut haben, neu zu denken.<\/h4><h4>Ich bin verheiratet, Vater einer Tochter und kandidiere nicht als Parteifunktion\u00e4r, sondern als einer von hier. Als jemand, der zuh\u00f6rt, anpackt und mit den Menschen gemeinsam etwas bewegen will.<\/h4><h4>Niederkassel verdient mehr als Stillstand. Unsere Infrastruktur ist marode, der Haushalt \u00fcberlastet. Und w\u00e4hrend \u00fcber Jahre das Gewerbe links liegen gelassen wurde, fehlen heute Struktur, Vision und ein Plan f\u00fcr die Zukunft.<\/h4><h4>Statt reflexhaft \u00fcber Steuererh\u00f6hungen zu reden, brauchen wir echte L\u00f6sungen, wirtschaftliches Augenma\u00df und kreative Ideen. Ich will gezielt sparen, Gewerbe f\u00f6rdern und neue Einnahmequellen erschlie\u00dfen \u2013 mit Verantwortung und Verstand.<\/h4><h4>Als Diplom-Kaufmann stehe ich f\u00fcr Transparenz, ehrliche Kommunikation und Entscheidungen, die nachvollziehbar sind. Gemeinsam bringen wir Niederkassel wieder voran \u2013 Schritt f\u00fcr Schritt. Jetzt ist die Zeit,\u00a0es\u00a0anzupacken.<br \/><br \/><\/h4>\t\t\t\t\t\t\t\t<\/div>\n\t\t\t\t<\/div>\n\t\t\t\t<\/div>\n\t\t\t\t<\/div>\n\t\t\t\t\t<\/div>\n\t\t\t\t<\/div>\n\t\t\t\t<\/div>\n\t\t","protected":false},"excerpt":{"rendered":"<p>Andreas Hopp Wahlbezirk 100Niederkassel, Uckendorf &amp; Stockem \u00a0 F\u00fcr einen echten Neuanfang in Niederkassel. Viele sp\u00fcren es l\u00e4ngst: Es l\u00e4uft nicht rund in unserer Stadt. Vertrauen in die Politik schwindet, [&hellip;]<\/p>\n","protected":false},"author":1,"featured_media":0,"parent":0,"menu_order":0,"comment_status":"closed","ping_status":"closed","template":"","meta":{"ocean_post_layout":"full-screen","ocean_both_sidebars_style":"","ocean_both_sidebars_content_width":0,"ocean_both_sidebars_sidebars_width":0,"ocean_sidebar":"","ocean_second_sidebar":"","ocean_disable_margins":"enable","ocean_add_body_class":"","ocean_shortcode_before_top_bar":"","ocean_shortcode_after_top_bar":"","ocean_shortcode_before_header":"","ocean_shortcode_after_header":"","ocean_has_shortcode":"","ocean_shortcode_after_title":"","ocean_shortcode_before_footer_widgets":"","ocean_shortcode_after_footer_widgets":"","ocean_shortcode_before_footer_bottom":"","ocean_shortcode_after_footer_bottom":"","ocean_display_top_bar":"off","ocean_display_header":"default","ocean_header_style":"","ocean_center_header_left_menu":"","ocean_custom_header_template":"","ocean_custom_logo":0,"ocean_custom_retina_logo":0,"ocean_custom_logo_max_width":0,"ocean_custom_logo_tablet_max_width":0,"ocean_custom_logo_mobile_max_width":0,"ocean_custom_logo_max_height":0,"ocean_custom_logo_tablet_max_height":0,"ocean_custom_logo_mobile_max_height":0,"ocean_header_custom_menu":"","ocean_menu_typo_font_family":"","ocean_menu_typo_font_subset":"","ocean_menu_typo_font_size":0,"ocean_menu_typo_font_size_tablet":0,"ocean_menu_typo_font_size_mobile":0,"ocean_menu_typo_font_size_unit":"px","ocean_menu_typo_font_weight":"","ocean_menu_typo_font_weight_tablet":"","ocean_menu_typo_font_weight_mobile":"","ocean_menu_typo_transform":"","ocean_menu_typo_transform_tablet":"","ocean_menu_typo_transform_mobile":"","ocean_menu_typo_line_height":0,"ocean_menu_typo_line_height_tablet":0,"ocean_menu_typo_line_height_mobile":0,"ocean_menu_typo_line_height_unit":"","ocean_menu_typo_spacing":0,"ocean_menu_typo_spacing_tablet":0,"ocean_menu_typo_spacing_mobile":0,"ocean_menu_typo_spacing_unit":"","ocean_menu_link_color":"","ocean_menu_link_color_hover":"","ocean_menu_link_color_active":"","ocean_menu_link_background":"","ocean_menu_link_hover_background":"","ocean_menu_link_active_background":"","ocean_menu_social_links_bg":"","ocean_menu_social_hover_links_bg":"","ocean_menu_social_links_color":"","ocean_menu_social_hover_links_color":"","ocean_disable_title":"on","ocean_disable_heading":"default","ocean_post_title":"","ocean_post_subheading":"","ocean_post_title_style":"","ocean_post_title_background_color":"","ocean_post_title_background":0,"ocean_post_title_bg_image_position":"","ocean_post_title_bg_image_attachment":"","ocean_post_title_bg_image_repeat":"","ocean_post_title_bg_image_size":"","ocean_post_title_height":0,"ocean_post_title_bg_overlay":0.5,"ocean_post_title_bg_overlay_color":"","ocean_disable_breadcrumbs":"default","ocean_breadcrumbs_color":"","ocean_breadcrumbs_separator_color":"","ocean_breadcrumbs_links_color":"","ocean_breadcrumbs_links_hover_color":"","ocean_display_footer_widgets":"off","ocean_display_footer_bottom":"on","ocean_custom_footer_template":"","footnotes":""},"categories":[],"tags":[],"class_list":["post-1525","page","type-page","status-publish","hentry","entry"],"_links":{"self":[{"href":"https:\/\/wi-ndk.de\/index.php?rest_route=\/wp\/v2\/pages\/1525","targetHints":{"allow":["GET"]}}],"collection":[{"href":"https:\/\/wi-ndk.de\/index.php?rest_route=\/wp\/v2\/pages"}],"about":[{"href":"https:\/\/wi-ndk.de\/index.php?rest_route=\/wp\/v2\/types\/page"}],"author":[{"embeddable":true,"href":"https:\/\/wi-ndk.de\/index.php?rest_route=\/wp\/v2\/users\/1"}],"replies":[{"embeddable":true,"href":"https:\/\/wi-ndk.de\/index.php?rest_route=%2Fwp%2Fv2%2Fcomments&post=1525"}],"version-history":[{"count":4,"href":"https:\/\/wi-ndk.de\/index.php?rest_route=\/wp\/v2\/pages\/1525\/revisions"}],"predecessor-version":[{"id":1529,"href":"https:\/\/wi-ndk.de\/index.php?rest_route=\/wp\/v2\/pages\/1525\/revisions\/1529"}],"wp:attachment":[{"href":"https:\/\/wi-ndk.de\/index.php?rest_route=%2Fwp%2Fv2%2Fmedia&parent=1525"}],"wp:term":[{"taxonomy":"category","embeddable":true,"href":"https:\/\/wi-ndk.de\/index.php?rest_route=%2Fwp%2Fv2%2Fcategories&post=1525"},{"taxonomy":"post_tag","embeddable":true,"href":"https:\/\/wi-ndk.de\/index.php?rest_route=%2Fwp%2Fv2%2Ftags&post=1525"}],"curies":[{"name":"wp","href":"https:\/\/api.w.org\/{rel}","templated":true}]}}