{"id":1517,"date":"2025-08-10T09:55:47","date_gmt":"2025-08-10T09:55:47","guid":{"rendered":"https:\/\/wi-ndk.de\/?page_id=1517"},"modified":"2025-08-10T09:57:20","modified_gmt":"2025-08-10T09:57:20","slug":"wk090","status":"publish","type":"page","link":"https:\/\/wi-ndk.de\/?page_id=1517","title":{"rendered":"WK090"},"content":{"rendered":"\t\t<div data-elementor-type=\"wp-page\" data-elementor-id=\"1517\" class=\"elementor elementor-1517\">\n\t\t\t\t<div class=\"elementor-element elementor-element-22b6203 e-flex e-con-boxed e-con e-parent\" data-id=\"22b6203\" data-element_type=\"container\" data-e-type=\"container\">\n\t\t\t\t\t<div class=\"e-con-inner\">\n\t\t<div class=\"elementor-element elementor-element-cbd9dbd e-con-full e-flex e-con e-child\" data-id=\"cbd9dbd\" data-element_type=\"container\" data-e-type=\"container\">\n\t\t<div class=\"elementor-element elementor-element-17bba23 e-con-full e-flex e-con e-child\" data-id=\"17bba23\" data-element_type=\"container\" data-e-type=\"container\">\n\t\t\t\t<div class=\"elementor-element elementor-element-90884c9 elementor-widget elementor-widget-image\" data-id=\"90884c9\" data-element_type=\"widget\" data-e-type=\"widget\" data-widget_type=\"image.default\">\n\t\t\t\t<div class=\"elementor-widget-container\">\n\t\t\t\t\t\t\t\t\t\t\t\t\t\t\t<img decoding=\"async\" src=\"https:\/\/wi-ndk.de\/wp-content\/uploads\/2025\/08\/090.jpg\" title=\"090\" alt=\"090\" loading=\"lazy\" \/>\t\t\t\t\t\t\t\t\t\t\t\t\t\t\t<\/div>\n\t\t\t\t<\/div>\n\t\t\t\t<div class=\"elementor-element elementor-element-eaa02ad elementor-widget elementor-widget-text-editor\" data-id=\"eaa02ad\" data-element_type=\"widget\" data-e-type=\"widget\" data-widget_type=\"text-editor.default\">\n\t\t\t\t<div class=\"elementor-widget-container\">\n\t\t\t\t\t\t\t\t\t<h1 style=\"text-align: center;\">Horst van Bonn<\/h1><hr \/><h3 style=\"text-align: center;\">Wahlbezirk 090<br \/>Niederkassel<\/h3><div>\u00a0<\/div>\t\t\t\t\t\t\t\t<\/div>\n\t\t\t\t<\/div>\n\t\t\t\t<\/div>\n\t\t<div class=\"elementor-element elementor-element-a87ad9a e-con-full e-flex e-con e-child\" data-id=\"a87ad9a\" data-element_type=\"container\" data-e-type=\"container\">\n\t\t\t\t<div class=\"elementor-element elementor-element-5943823 elementor-widget elementor-widget-text-editor\" data-id=\"5943823\" data-element_type=\"widget\" data-e-type=\"widget\" data-widget_type=\"text-editor.default\">\n\t\t\t\t<div class=\"elementor-widget-container\">\n\t\t\t\t\t\t\t\t\t<h4><b>F\u00fcr ein neues, lebenswertes Niederkassel \u2013 mit Herz, Erfahrung und Engagement<\/b><\/h4><h4>Mein Name ist Horst van Bonn. Seit \u00fcber 40 Jahren lebe ich mit meiner Frau in Niederkassel und habe hier tiefe Wurzeln geschlagen. Niederkassel ist nicht nur mein Wohnort \u2013 es ist meine Heimat. Eine Stadt, in der ich viele Freundschaften geschlossen, berufliche wie private Erfahrungen gesammelt und mich stets f\u00fcr das Gemeinwohl eingesetzt habe.<\/h4><h4><b>Berufliche Erfahrung und ehrenamtliches Engagement<\/b><\/h4><h4>Als selbstst\u00e4ndiger Kaufmann habe ich gelernt, unternehmerisch zu denken, Verantwortung zu \u00fcbernehmen und pragmatische L\u00f6sungen zu finden. Diese F\u00e4higkeiten konnte ich \u00fcber viele Jahre hinweg auch in zahlreichen Ehren\u00e4mtern einbringen. Ob in Vereinen, sozialen Projekten oder kommunalen Initiativen \u2013 mir war es immer wichtig, nicht nur zuzuh\u00f6ren, sondern auch tatkr\u00e4ftig mit anzupacken.<\/h4><h4>Durch diese vielf\u00e4ltigen T\u00e4tigkeiten kenne ich die Bed\u00fcrfnisse, Sorgen und W\u00fcnsche der Menschen vor Ort aus erster Hand. Ich wei\u00df, wo in unserer Stadt Handlungsbedarf besteht, und habe klare Vorstellungen davon, wie wir gemeinsam Verbesserungen erreichen k\u00f6nnen.<\/h4><h4><b>Politik mit N\u00e4he zu den Menschen<\/b><\/h4><h4>Ich stehe f\u00fcr eine ehrliche, authentische und l\u00f6sungsorientierte Politik \u2013 ohne leere Versprechen, daf\u00fcr mit klaren Zielen und konsequenter Umsetzung. Dabei ist es mir besonders wichtig, im direkten Austausch mit den B\u00fcrgerinnen und B\u00fcrgern zu bleiben. Ihre Anliegen sind mein Antrieb.<\/h4><h4><b>Meine Ziele f\u00fcr Niederkassel:<\/b><\/h4><ul><li><h4>Mehr Lebensqualit\u00e4t durch eine moderne, b\u00fcrgernahe Stadtentwicklung<\/h4><\/li><li><h4>St\u00e4rkung des Vereins- und Ehrenamtslebens als Herz unserer Gemeinschaft<\/h4><\/li><li><h4>Nachhaltige und verantwortungsvolle Stadtplanung, die Umwelt und Zukunft im Blick beh\u00e4lt<\/h4><\/li><li><h4>Transparente Entscheidungsprozesse und echte B\u00fcrgerbeteiligung<\/h4><\/li><li><h4>Unterst\u00fctzung f\u00fcr lokale Wirtschaft und Schaffung von guten Rahmenbedingungen f\u00fcr Selbstst\u00e4ndige und Unternehmen<\/h4><\/li><\/ul><h4><b>Mein Versprechen<\/b><\/h4><h4>Ich m\u00f6chte gemeinsam mit Ihnen ein Niederkassel gestalten, in dem jeder gerne lebt, sich sicher f\u00fchlt und M\u00f6glichkeiten zur Entfaltung findet.<\/h4><h4><b>Mit den Menschen \u2013 f\u00fcr die Menschen.<\/b><\/h4>\t\t\t\t\t\t\t\t<\/div>\n\t\t\t\t<\/div>\n\t\t\t\t<\/div>\n\t\t\t\t<\/div>\n\t\t\t\t\t<\/div>\n\t\t\t\t<\/div>\n\t\t\t\t<\/div>\n\t\t","protected":false},"excerpt":{"rendered":"<p>Horst van Bonn Wahlbezirk 090Niederkassel \u00a0 F\u00fcr ein neues, lebenswertes Niederkassel \u2013 mit Herz, Erfahrung und Engagement Mein Name ist Horst van Bonn. Seit \u00fcber 40 Jahren lebe ich mit [&hellip;]<\/p>\n","protected":false},"author":1,"featured_media":0,"parent":0,"menu_order":0,"comment_status":"closed","ping_status":"closed","template":"","meta":{"ocean_post_layout":"full-screen","ocean_both_sidebars_style":"","ocean_both_sidebars_content_width":0,"ocean_both_sidebars_sidebars_width":0,"ocean_sidebar":"","ocean_second_sidebar":"","ocean_disable_margins":"enable","ocean_add_body_class":"","ocean_shortcode_before_top_bar":"","ocean_shortcode_after_top_bar":"","ocean_shortcode_before_header":"","ocean_shortcode_after_header":"","ocean_has_shortcode":"","ocean_shortcode_after_title":"","ocean_shortcode_before_footer_widgets":"","ocean_shortcode_after_footer_widgets":"","ocean_shortcode_before_footer_bottom":"","ocean_shortcode_after_footer_bottom":"","ocean_display_top_bar":"off","ocean_display_header":"default","ocean_header_style":"","ocean_center_header_left_menu":"","ocean_custom_header_template":"","ocean_custom_logo":0,"ocean_custom_retina_logo":0,"ocean_custom_logo_max_width":0,"ocean_custom_logo_tablet_max_width":0,"ocean_custom_logo_mobile_max_width":0,"ocean_custom_logo_max_height":0,"ocean_custom_logo_tablet_max_height":0,"ocean_custom_logo_mobile_max_height":0,"ocean_header_custom_menu":"","ocean_menu_typo_font_family":"","ocean_menu_typo_font_subset":"","ocean_menu_typo_font_size":0,"ocean_menu_typo_font_size_tablet":0,"ocean_menu_typo_font_size_mobile":0,"ocean_menu_typo_font_size_unit":"px","ocean_menu_typo_font_weight":"","ocean_menu_typo_font_weight_tablet":"","ocean_menu_typo_font_weight_mobile":"","ocean_menu_typo_transform":"","ocean_menu_typo_transform_tablet":"","ocean_menu_typo_transform_mobile":"","ocean_menu_typo_line_height":0,"ocean_menu_typo_line_height_tablet":0,"ocean_menu_typo_line_height_mobile":0,"ocean_menu_typo_line_height_unit":"","ocean_menu_typo_spacing":0,"ocean_menu_typo_spacing_tablet":0,"ocean_menu_typo_spacing_mobile":0,"ocean_menu_typo_spacing_unit":"","ocean_menu_link_color":"","ocean_menu_link_color_hover":"","ocean_menu_link_color_active":"","ocean_menu_link_background":"","ocean_menu_link_hover_background":"","ocean_menu_link_active_background":"","ocean_menu_social_links_bg":"","ocean_menu_social_hover_links_bg":"","ocean_menu_social_links_color":"","ocean_menu_social_hover_links_color":"","ocean_disable_title":"on","ocean_disable_heading":"default","ocean_post_title":"","ocean_post_subheading":"","ocean_post_title_style":"","ocean_post_title_background_color":"","ocean_post_title_background":0,"ocean_post_title_bg_image_position":"","ocean_post_title_bg_image_attachment":"","ocean_post_title_bg_image_repeat":"","ocean_post_title_bg_image_size":"","ocean_post_title_height":0,"ocean_post_title_bg_overlay":0.5,"ocean_post_title_bg_overlay_color":"","ocean_disable_breadcrumbs":"default","ocean_breadcrumbs_color":"","ocean_breadcrumbs_separator_color":"","ocean_breadcrumbs_links_color":"","ocean_breadcrumbs_links_hover_color":"","ocean_display_footer_widgets":"off","ocean_display_footer_bottom":"on","ocean_custom_footer_template":"","footnotes":""},"categories":[],"tags":[],"class_list":["post-1517","page","type-page","status-publish","hentry","entry"],"_links":{"self":[{"href":"https:\/\/wi-ndk.de\/index.php?rest_route=\/wp\/v2\/pages\/1517","targetHints":{"allow":["GET"]}}],"collection":[{"href":"https:\/\/wi-ndk.de\/index.php?rest_route=\/wp\/v2\/pages"}],"about":[{"href":"https:\/\/wi-ndk.de\/index.php?rest_route=\/wp\/v2\/types\/page"}],"author":[{"embeddable":true,"href":"https:\/\/wi-ndk.de\/index.php?rest_route=\/wp\/v2\/users\/1"}],"replies":[{"embeddable":true,"href":"https:\/\/wi-ndk.de\/index.php?rest_route=%2Fwp%2Fv2%2Fcomments&post=1517"}],"version-history":[{"count":4,"href":"https:\/\/wi-ndk.de\/index.php?rest_route=\/wp\/v2\/pages\/1517\/revisions"}],"predecessor-version":[{"id":1521,"href":"https:\/\/wi-ndk.de\/index.php?rest_route=\/wp\/v2\/pages\/1517\/revisions\/1521"}],"wp:attachment":[{"href":"https:\/\/wi-ndk.de\/index.php?rest_route=%2Fwp%2Fv2%2Fmedia&parent=1517"}],"wp:term":[{"taxonomy":"category","embeddable":true,"href":"https:\/\/wi-ndk.de\/index.php?rest_route=%2Fwp%2Fv2%2Fcategories&post=1517"},{"taxonomy":"post_tag","embeddable":true,"href":"https:\/\/wi-ndk.de\/index.php?rest_route=%2Fwp%2Fv2%2Ftags&post=1517"}],"curies":[{"name":"wp","href":"https:\/\/api.w.org\/{rel}","templated":true}]}}