{"id":1501,"date":"2025-08-09T05:55:22","date_gmt":"2025-08-09T05:55:22","guid":{"rendered":"https:\/\/wi-ndk.de\/?page_id=1501"},"modified":"2025-08-09T05:57:56","modified_gmt":"2025-08-09T05:57:56","slug":"wk070","status":"publish","type":"page","link":"https:\/\/wi-ndk.de\/?page_id=1501","title":{"rendered":"WK070"},"content":{"rendered":"\t\t<div data-elementor-type=\"wp-page\" data-elementor-id=\"1501\" class=\"elementor elementor-1501\">\n\t\t\t\t<div class=\"elementor-element elementor-element-c6eb8d5 e-flex e-con-boxed e-con e-parent\" data-id=\"c6eb8d5\" data-element_type=\"container\" data-e-type=\"container\">\n\t\t\t\t\t<div class=\"e-con-inner\">\n\t\t<div class=\"elementor-element elementor-element-617f257 e-con-full e-flex e-con e-child\" data-id=\"617f257\" data-element_type=\"container\" data-e-type=\"container\">\n\t\t<div class=\"elementor-element elementor-element-f6581f1 e-con-full e-flex e-con e-child\" data-id=\"f6581f1\" data-element_type=\"container\" data-e-type=\"container\">\n\t\t\t\t<div class=\"elementor-element elementor-element-a0bb406 elementor-widget elementor-widget-image\" data-id=\"a0bb406\" data-element_type=\"widget\" data-e-type=\"widget\" data-widget_type=\"image.default\">\n\t\t\t\t<div class=\"elementor-widget-container\">\n\t\t\t\t\t\t\t\t\t\t\t\t\t\t\t<img decoding=\"async\" src=\"https:\/\/wi-ndk.de\/wp-content\/uploads\/2025\/08\/070.jpg\" title=\"070\" alt=\"070\" loading=\"lazy\" \/>\t\t\t\t\t\t\t\t\t\t\t\t\t\t\t<\/div>\n\t\t\t\t<\/div>\n\t\t\t\t<div class=\"elementor-element elementor-element-5e7c761 elementor-widget elementor-widget-text-editor\" data-id=\"5e7c761\" data-element_type=\"widget\" data-e-type=\"widget\" data-widget_type=\"text-editor.default\">\n\t\t\t\t<div class=\"elementor-widget-container\">\n\t\t\t\t\t\t\t\t\t<h1 style=\"text-align: center;\">Edward Knieling<\/h1><hr \/><h3 style=\"text-align: center;\">Wahlbezirk 070<br \/>Niederkassel-Ranzel<\/h3><div>\u00a0<\/div>\t\t\t\t\t\t\t\t<\/div>\n\t\t\t\t<\/div>\n\t\t\t\t<\/div>\n\t\t<div class=\"elementor-element elementor-element-9409b6d e-con-full e-flex e-con e-child\" data-id=\"9409b6d\" data-element_type=\"container\" data-e-type=\"container\">\n\t\t\t\t<div class=\"elementor-element elementor-element-d26e183 elementor-widget elementor-widget-text-editor\" data-id=\"d26e183\" data-element_type=\"widget\" data-e-type=\"widget\" data-widget_type=\"text-editor.default\">\n\t\t\t\t<div class=\"elementor-widget-container\">\n\t\t\t\t\t\t\t\t\t<h4>ehrlich \u2013 transparent \u2013 b\u00fcrgernah<\/h4>\n<h4>Ich bin 41 Jahre alt, verheiratet, Vater von zwei Jungs und lebe seit 2018 in Niederkassel-Ranzel.<\/h4>\n<h4>Als Offizier bei der Bundeswehr wei\u00df ich, was Verantwortung bedeutet \u2013 und genau das braucht unsere Stadt jetzt.<\/h4>\n<h4>Niederkassel steht unter Haushaltsaufsicht. Das ist kein Zufall, sondern das Ergebnis politischer Entscheidungen der letzten Jahre. Viele der alten Denkmuster haben uns in diese Lage gebracht \u2013 jetzt braucht es neue K\u00f6pfe, neue Ideen und frischen Wind.<\/h4>\n<h4>Bevor wir \u00fcber Hochglanzideen, gro\u00dfe Pl\u00e4ne und fertige L\u00f6sungen sprechen, m\u00fcssen wir uns erst fragen: <b>Wie<\/b> werden Entscheidungen in unserer Stadt eigentlich getroffen \u2013 und sind sie wirklich transparent, nachvollziehbar und b\u00fcrgernah?<\/h4>\n<h4>Mir ist wichtig, dass f\u00fcr alle klar wird:<\/h4>\n<ul>\n<li>\n<h4>Aus welchen Gr\u00fcnden eine Entscheidung gefallen ist.<\/h4>\n<\/li>\n<li>\n<h4>Welche M\u00f6glichkeiten vorher abgewogen wurden.<\/h4>\n<\/li>\n<li>\n<h4>Und wie die einzelnen Positionen begr\u00fcndet wurden.<\/h4><\/li>\n<\/ul>\n<h4>Nur so k\u00f6nnen wir gemeinsam verstehen, mitreden und Verantwortung \u00fcbernehmen.<\/h4>\n<h4>Das ist der erste Schritt zu mehr Vertrauen und echter B\u00fcrgerbeteiligung.<br>Denn Politikverdrossenheit entsteht nicht, weil es zu wenige Konzepte gibt \u2013 sondern weil viele Menschen das Gef\u00fchl haben, dass ihre Meinung nichts z\u00e4hlt.<\/h4>\n<h4>Es geht nicht um Parteipolitik, sondern um Politik <b>f\u00fcr Niederkassel \u2013 von Menschen, die hier leben<\/b>.<br>Auch wenn Entscheidungen unbequem sind: Sie m\u00fcssen offen, ehrlich und auf Augenh\u00f6he getroffen werden.<\/h4>\n<h4>Daf\u00fcr stehe ich.<\/h4>\n<h4>Am 14. September 2025 bitte ich um Ihr Vertrauen und Ihre Stimme \u2013<br>f\u00fcr ein ehrliches, transparentes und b\u00fcrgernahes Niederkassel.<\/h4>\t\t\t\t\t\t\t\t<\/div>\n\t\t\t\t<\/div>\n\t\t\t\t<\/div>\n\t\t\t\t<\/div>\n\t\t\t\t\t<\/div>\n\t\t\t\t<\/div>\n\t\t\t\t<\/div>\n\t\t","protected":false},"excerpt":{"rendered":"<p>Edward Knieling Wahlbezirk 070Niederkassel-Ranzel \u00a0 ehrlich \u2013 transparent \u2013 b\u00fcrgernah Ich bin 41 Jahre alt, verheiratet, Vater von zwei Jungs und lebe seit 2018 in Niederkassel-Ranzel. Als Offizier bei der [&hellip;]<\/p>\n","protected":false},"author":1,"featured_media":0,"parent":0,"menu_order":0,"comment_status":"closed","ping_status":"closed","template":"","meta":{"ocean_post_layout":"full-screen","ocean_both_sidebars_style":"","ocean_both_sidebars_content_width":0,"ocean_both_sidebars_sidebars_width":0,"ocean_sidebar":"","ocean_second_sidebar":"","ocean_disable_margins":"enable","ocean_add_body_class":"","ocean_shortcode_before_top_bar":"","ocean_shortcode_after_top_bar":"","ocean_shortcode_before_header":"","ocean_shortcode_after_header":"","ocean_has_shortcode":"","ocean_shortcode_after_title":"","ocean_shortcode_before_footer_widgets":"","ocean_shortcode_after_footer_widgets":"","ocean_shortcode_before_footer_bottom":"","ocean_shortcode_after_footer_bottom":"","ocean_display_top_bar":"off","ocean_display_header":"default","ocean_header_style":"","ocean_center_header_left_menu":"","ocean_custom_header_template":"","ocean_custom_logo":0,"ocean_custom_retina_logo":0,"ocean_custom_logo_max_width":0,"ocean_custom_logo_tablet_max_width":0,"ocean_custom_logo_mobile_max_width":0,"ocean_custom_logo_max_height":0,"ocean_custom_logo_tablet_max_height":0,"ocean_custom_logo_mobile_max_height":0,"ocean_header_custom_menu":"","ocean_menu_typo_font_family":"","ocean_menu_typo_font_subset":"","ocean_menu_typo_font_size":0,"ocean_menu_typo_font_size_tablet":0,"ocean_menu_typo_font_size_mobile":0,"ocean_menu_typo_font_size_unit":"px","ocean_menu_typo_font_weight":"","ocean_menu_typo_font_weight_tablet":"","ocean_menu_typo_font_weight_mobile":"","ocean_menu_typo_transform":"","ocean_menu_typo_transform_tablet":"","ocean_menu_typo_transform_mobile":"","ocean_menu_typo_line_height":0,"ocean_menu_typo_line_height_tablet":0,"ocean_menu_typo_line_height_mobile":0,"ocean_menu_typo_line_height_unit":"","ocean_menu_typo_spacing":0,"ocean_menu_typo_spacing_tablet":0,"ocean_menu_typo_spacing_mobile":0,"ocean_menu_typo_spacing_unit":"","ocean_menu_link_color":"","ocean_menu_link_color_hover":"","ocean_menu_link_color_active":"","ocean_menu_link_background":"","ocean_menu_link_hover_background":"","ocean_menu_link_active_background":"","ocean_menu_social_links_bg":"","ocean_menu_social_hover_links_bg":"","ocean_menu_social_links_color":"","ocean_menu_social_hover_links_color":"","ocean_disable_title":"on","ocean_disable_heading":"default","ocean_post_title":"","ocean_post_subheading":"","ocean_post_title_style":"","ocean_post_title_background_color":"","ocean_post_title_background":0,"ocean_post_title_bg_image_position":"","ocean_post_title_bg_image_attachment":"","ocean_post_title_bg_image_repeat":"","ocean_post_title_bg_image_size":"","ocean_post_title_height":0,"ocean_post_title_bg_overlay":0.5,"ocean_post_title_bg_overlay_color":"","ocean_disable_breadcrumbs":"default","ocean_breadcrumbs_color":"","ocean_breadcrumbs_separator_color":"","ocean_breadcrumbs_links_color":"","ocean_breadcrumbs_links_hover_color":"","ocean_display_footer_widgets":"off","ocean_display_footer_bottom":"on","ocean_custom_footer_template":"","footnotes":""},"categories":[],"tags":[],"class_list":["post-1501","page","type-page","status-publish","hentry","entry"],"_links":{"self":[{"href":"https:\/\/wi-ndk.de\/index.php?rest_route=\/wp\/v2\/pages\/1501","targetHints":{"allow":["GET"]}}],"collection":[{"href":"https:\/\/wi-ndk.de\/index.php?rest_route=\/wp\/v2\/pages"}],"about":[{"href":"https:\/\/wi-ndk.de\/index.php?rest_route=\/wp\/v2\/types\/page"}],"author":[{"embeddable":true,"href":"https:\/\/wi-ndk.de\/index.php?rest_route=\/wp\/v2\/users\/1"}],"replies":[{"embeddable":true,"href":"https:\/\/wi-ndk.de\/index.php?rest_route=%2Fwp%2Fv2%2Fcomments&post=1501"}],"version-history":[{"count":4,"href":"https:\/\/wi-ndk.de\/index.php?rest_route=\/wp\/v2\/pages\/1501\/revisions"}],"predecessor-version":[{"id":1505,"href":"https:\/\/wi-ndk.de\/index.php?rest_route=\/wp\/v2\/pages\/1501\/revisions\/1505"}],"wp:attachment":[{"href":"https:\/\/wi-ndk.de\/index.php?rest_route=%2Fwp%2Fv2%2Fmedia&parent=1501"}],"wp:term":[{"taxonomy":"category","embeddable":true,"href":"https:\/\/wi-ndk.de\/index.php?rest_route=%2Fwp%2Fv2%2Fcategories&post=1501"},{"taxonomy":"post_tag","embeddable":true,"href":"https:\/\/wi-ndk.de\/index.php?rest_route=%2Fwp%2Fv2%2Ftags&post=1501"}],"curies":[{"name":"wp","href":"https:\/\/api.w.org\/{rel}","templated":true}]}}