{"id":1450,"date":"2025-08-08T14:53:33","date_gmt":"2025-08-08T14:53:33","guid":{"rendered":"https:\/\/wi-ndk.de\/?page_id=1450"},"modified":"2025-08-08T15:00:22","modified_gmt":"2025-08-08T15:00:22","slug":"wk020","status":"publish","type":"page","link":"https:\/\/wi-ndk.de\/?page_id=1450","title":{"rendered":"WK020"},"content":{"rendered":"\t\t<div data-elementor-type=\"wp-page\" data-elementor-id=\"1450\" class=\"elementor elementor-1450\">\n\t\t\t\t<div class=\"elementor-element elementor-element-4326665 e-flex e-con-boxed e-con e-parent\" data-id=\"4326665\" data-element_type=\"container\" data-e-type=\"container\">\n\t\t\t\t\t<div class=\"e-con-inner\">\n\t\t<div class=\"elementor-element elementor-element-60f2fba e-con-full e-flex e-con e-child\" data-id=\"60f2fba\" data-element_type=\"container\" data-e-type=\"container\">\n\t\t<div class=\"elementor-element elementor-element-8b53803 e-con-full e-flex e-con e-child\" data-id=\"8b53803\" data-element_type=\"container\" data-e-type=\"container\">\n\t\t\t\t<div class=\"elementor-element elementor-element-5f39116 elementor-widget elementor-widget-image\" data-id=\"5f39116\" data-element_type=\"widget\" data-e-type=\"widget\" data-widget_type=\"image.default\">\n\t\t\t\t<div class=\"elementor-widget-container\">\n\t\t\t\t\t\t\t\t\t\t\t\t\t\t\t<img decoding=\"async\" src=\"https:\/\/wi-ndk.de\/wp-content\/uploads\/2025\/08\/020.jpg\" title=\"020\" alt=\"020\" loading=\"lazy\" \/>\t\t\t\t\t\t\t\t\t\t\t\t\t\t\t<\/div>\n\t\t\t\t<\/div>\n\t\t\t\t<div class=\"elementor-element elementor-element-abe6a2f elementor-widget elementor-widget-text-editor\" data-id=\"abe6a2f\" data-element_type=\"widget\" data-e-type=\"widget\" data-widget_type=\"text-editor.default\">\n\t\t\t\t<div class=\"elementor-widget-container\">\n\t\t\t\t\t\t\t\t\t<h1 style=\"text-align: center;\">Ralf Wirges<\/h1>\n<hr>\n<h3 style=\"text-align: center;\">Wahlbezirk 020<br>Niederkassel-L\u00fclsdorf<\/h3>\n<div>&nbsp;<\/div>\t\t\t\t\t\t\t\t<\/div>\n\t\t\t\t<\/div>\n\t\t\t\t<\/div>\n\t\t<div class=\"elementor-element elementor-element-14e92fc e-con-full e-flex e-con e-child\" data-id=\"14e92fc\" data-element_type=\"container\" data-e-type=\"container\">\n\t\t\t\t<div class=\"elementor-element elementor-element-659b67b elementor-widget elementor-widget-text-editor\" data-id=\"659b67b\" data-element_type=\"widget\" data-e-type=\"widget\" data-widget_type=\"text-editor.default\">\n\t\t\t\t<div class=\"elementor-widget-container\">\n\t\t\t\t\t\t\t\t\t<h4>strukturiert &#8211;\u00a0pragmatisch &#8211; erfolgsorientiert<\/h4><h4>Mein Name ist Ralf Wirges, ich bin Jahrgang 1950, verheiratet, Vater einer Tochter<br \/>und Gro\u00dfvater zweier Enkelkinder.<\/h4><h4><br \/>Berufsbedingt kam ich 1981 nach Niederkassel-Ranzel und wohne nun seit 1992 in L\u00fclsdorf.<\/h4><h4>Als Ingenieur geh\u00f6rte es zu meinen Aufgaben, unter Einbeziehung von Mensch und<br \/>Natur, Prozesse energetisch und funktional zu optimieren, Ideen und Projekte<br \/>wirtschaftlich zu realisieren und Anlagen entsprechend der Umweltanforderungen zu<br \/>planen, bauen und zu unterhalten.<\/h4><h4>Als Rentner m\u00f6chte ich nun dieses erlangte Wissen und die Erfahrungen f\u00fcr<br \/>Niederkassel nutzen.<\/h4><h4>Besonders liegt mir am Herzen:<\/h4><h4>&#8211; Erhalt der Arbeitspl\u00e4tze am Chemiestandort L\u00fclsdorf<br \/>&#8211; Anschluss von Niederkassel an die Linie 7, ohne Zerst\u00f6rung des mittlerweile<br \/>entstandenen Biotops und \u00fcberm\u00e4\u00dfige L\u00e4rmbel\u00e4stigung in L\u00fclsdorf<\/h4><h4>Ferner m\u00f6chte ich mich einsetzen f\u00fcr:<\/h4><h4>&#8211; Digitalisierung der Verwaltung, um Steuern, Abgaben und Zeitaufwand zu senken<br \/>&#8211; Mehr Pr\u00e4senz von Polizei und Ordnungsdienst durch eine st\u00e4ndige Besetzung<br \/>&#8211; Eine Politik, die B\u00fcrgerinnen und B\u00fcrger ernst nimmt, rechtzeitig informiert und sie, wo immer es geht, an Entscheidungen teilnehmen l\u00e4sst<br \/>&#8211; Durchdachte Stra\u00dfenplanung, die die Interessen der Fu\u00dfg\u00e4nger, Radfahrer und Autofahrer gleicherma\u00dfen ber\u00fccksichtigt<br \/>&#8211; Attraktive und finanzierbare Angebote f\u00fcr Familien, Jugendliche und \u00e4ltere Einwohner<\/h4><h4><br \/>Ich m\u00f6chte, dass wir und Zugewanderte mit Stolz sagen k\u00f6nnen:<br \/>\u201eIn Niederkassel f\u00fchle ich mich wohl, hier bin ich zu Hause\u201c.<\/h4><h4><br \/>Ich bitte um Ihr Vertrauen<br \/>Ihr Ralf Wirges<\/h4>\t\t\t\t\t\t\t\t<\/div>\n\t\t\t\t<\/div>\n\t\t\t\t<\/div>\n\t\t\t\t<\/div>\n\t\t\t\t\t<\/div>\n\t\t\t\t<\/div>\n\t\t\t\t<\/div>\n\t\t","protected":false},"excerpt":{"rendered":"<p>Ralf Wirges Wahlbezirk 020Niederkassel-L\u00fclsdorf &nbsp; strukturiert &#8211;\u00a0pragmatisch &#8211; erfolgsorientiert Mein Name ist Ralf Wirges, ich bin Jahrgang 1950, verheiratet, Vater einer Tochterund Gro\u00dfvater zweier Enkelkinder. Berufsbedingt kam ich 1981 nach [&hellip;]<\/p>\n","protected":false},"author":1,"featured_media":0,"parent":0,"menu_order":0,"comment_status":"closed","ping_status":"closed","template":"","meta":{"ocean_post_layout":"full-screen","ocean_both_sidebars_style":"","ocean_both_sidebars_content_width":0,"ocean_both_sidebars_sidebars_width":0,"ocean_sidebar":"","ocean_second_sidebar":"","ocean_disable_margins":"enable","ocean_add_body_class":"","ocean_shortcode_before_top_bar":"","ocean_shortcode_after_top_bar":"","ocean_shortcode_before_header":"","ocean_shortcode_after_header":"","ocean_has_shortcode":"","ocean_shortcode_after_title":"","ocean_shortcode_before_footer_widgets":"","ocean_shortcode_after_footer_widgets":"","ocean_shortcode_before_footer_bottom":"","ocean_shortcode_after_footer_bottom":"","ocean_display_top_bar":"off","ocean_display_header":"default","ocean_header_style":"","ocean_center_header_left_menu":"","ocean_custom_header_template":"","ocean_custom_logo":0,"ocean_custom_retina_logo":0,"ocean_custom_logo_max_width":0,"ocean_custom_logo_tablet_max_width":0,"ocean_custom_logo_mobile_max_width":0,"ocean_custom_logo_max_height":0,"ocean_custom_logo_tablet_max_height":0,"ocean_custom_logo_mobile_max_height":0,"ocean_header_custom_menu":"","ocean_menu_typo_font_family":"","ocean_menu_typo_font_subset":"","ocean_menu_typo_font_size":0,"ocean_menu_typo_font_size_tablet":0,"ocean_menu_typo_font_size_mobile":0,"ocean_menu_typo_font_size_unit":"px","ocean_menu_typo_font_weight":"","ocean_menu_typo_font_weight_tablet":"","ocean_menu_typo_font_weight_mobile":"","ocean_menu_typo_transform":"","ocean_menu_typo_transform_tablet":"","ocean_menu_typo_transform_mobile":"","ocean_menu_typo_line_height":0,"ocean_menu_typo_line_height_tablet":0,"ocean_menu_typo_line_height_mobile":0,"ocean_menu_typo_line_height_unit":"","ocean_menu_typo_spacing":0,"ocean_menu_typo_spacing_tablet":0,"ocean_menu_typo_spacing_mobile":0,"ocean_menu_typo_spacing_unit":"","ocean_menu_link_color":"","ocean_menu_link_color_hover":"","ocean_menu_link_color_active":"","ocean_menu_link_background":"","ocean_menu_link_hover_background":"","ocean_menu_link_active_background":"","ocean_menu_social_links_bg":"","ocean_menu_social_hover_links_bg":"","ocean_menu_social_links_color":"","ocean_menu_social_hover_links_color":"","ocean_disable_title":"on","ocean_disable_heading":"default","ocean_post_title":"","ocean_post_subheading":"","ocean_post_title_style":"","ocean_post_title_background_color":"","ocean_post_title_background":0,"ocean_post_title_bg_image_position":"","ocean_post_title_bg_image_attachment":"","ocean_post_title_bg_image_repeat":"","ocean_post_title_bg_image_size":"","ocean_post_title_height":0,"ocean_post_title_bg_overlay":0.5,"ocean_post_title_bg_overlay_color":"","ocean_disable_breadcrumbs":"default","ocean_breadcrumbs_color":"","ocean_breadcrumbs_separator_color":"","ocean_breadcrumbs_links_color":"","ocean_breadcrumbs_links_hover_color":"","ocean_display_footer_widgets":"off","ocean_display_footer_bottom":"on","ocean_custom_footer_template":"","footnotes":""},"categories":[],"tags":[],"class_list":["post-1450","page","type-page","status-publish","hentry","entry"],"_links":{"self":[{"href":"https:\/\/wi-ndk.de\/index.php?rest_route=\/wp\/v2\/pages\/1450","targetHints":{"allow":["GET"]}}],"collection":[{"href":"https:\/\/wi-ndk.de\/index.php?rest_route=\/wp\/v2\/pages"}],"about":[{"href":"https:\/\/wi-ndk.de\/index.php?rest_route=\/wp\/v2\/types\/page"}],"author":[{"embeddable":true,"href":"https:\/\/wi-ndk.de\/index.php?rest_route=\/wp\/v2\/users\/1"}],"replies":[{"embeddable":true,"href":"https:\/\/wi-ndk.de\/index.php?rest_route=%2Fwp%2Fv2%2Fcomments&post=1450"}],"version-history":[{"count":7,"href":"https:\/\/wi-ndk.de\/index.php?rest_route=\/wp\/v2\/pages\/1450\/revisions"}],"predecessor-version":[{"id":1465,"href":"https:\/\/wi-ndk.de\/index.php?rest_route=\/wp\/v2\/pages\/1450\/revisions\/1465"}],"wp:attachment":[{"href":"https:\/\/wi-ndk.de\/index.php?rest_route=%2Fwp%2Fv2%2Fmedia&parent=1450"}],"wp:term":[{"taxonomy":"category","embeddable":true,"href":"https:\/\/wi-ndk.de\/index.php?rest_route=%2Fwp%2Fv2%2Fcategories&post=1450"},{"taxonomy":"post_tag","embeddable":true,"href":"https:\/\/wi-ndk.de\/index.php?rest_route=%2Fwp%2Fv2%2Ftags&post=1450"}],"curies":[{"name":"wp","href":"https:\/\/api.w.org\/{rel}","templated":true}]}}